{"id":7,"date":"2020-05-20T14:21:19","date_gmt":"2020-05-20T14:21:19","guid":{"rendered":"http:\/\/kie.ue.poznan.pl\/en\/?page_id=7"},"modified":"2025-11-09T16:21:05","modified_gmt":"2025-11-09T16:21:05","slug":"members","status":"publish","type":"page","link":"https:\/\/kie.ue.poznan.pl\/en\/members\/","title":{"rendered":"Team"},"content":{"rendered":"<style>.memblock{width:100%; padding: 10px; font-size: 16px;}<\/style>\n<div style=\"text-align:right\">See also: <a href=\"\/en\/former-members\">former members<\/a><\/div>\n<hr \/>\n<div class=\"memblock\">\n<p><img decoding=\"async\" style=\"float: right;\" src=\"\/en\/wp-content\/uploads\/2020\/10\/KAW.jpg\" \/><\/p>\n<p><a href=\"\/en\/krzysztof-wecel\"><strong>Prof. Krzysztof W\u0119cel<\/strong><\/a><br \/>\n<em>Head of the Department<\/em><\/p>\n<ul>\n<li>E-mail: <a href=\"mailto:krzysztof.wecel@ue.poznan.pl\">krzysztof.wecel@ue.poznan.pl<\/a><\/li>\n<li>Phone: +48 (61) 639-28-09<\/li>\n<\/ul>\n<div style=\"clear: both;\"><\/div>\n<\/div>\n<hr \/>\n<div class=\"memblock\">\n<p><img decoding=\"async\" style=\"float: right;\" src=\"\/en\/wp-content\/uploads\/2020\/10\/AF.png\" \/><\/p>\n<p><a href=\"\/en\/agata-filipowska\"><strong>Prof. Agata Filipowska<\/strong><\/a><br \/>\n<em>PUEB Professor<\/em><\/p>\n<ul>\n<li>E-mail: <a href=\"mailto:agata.filipowska@ue.poznan.pl\">agata.filipowska@ue.poznan.pl<\/a><\/li>\n<li>Phone: +48 (61) 854-36-32 | +48 (61) 639-28-06<\/li>\n<\/ul>\n<div style=\"clear: both;\"><\/div>\n<\/div>\n<hr \/>\n<div class=\"memblock\">\n<p><img decoding=\"async\" style=\"float: right;\" src=\"\/img\/members\/SG.png\" \/><\/p>\n<p><a href=\"https:\/\/kie.ue.poznan.pl\/en\/szczepan-gortowski\/\"><strong>Dr. Szczepan G\u00f3rtowski<\/strong><\/a><br \/>\n<em>Research Assistant<\/em><\/p>\n<ul>\n<li>E-mail: <a href=\"mailto:szczepan.gortowski@ue.poznan.pl\">szczepan.gortowski@ue.poznan.pl<\/a><\/li>\n<li>Phone: &#8211;<\/li>\n<\/ul>\n<div style=\"clear: both;\"><\/div>\n<\/div>\n<hr \/>\n<div class=\"memblock\">\n<p><img decoding=\"async\" style=\"width: 135px; float: right;\" src=\"https:\/\/kie.ue.poznan.pl\/pl\/wp-content\/uploads\/2024\/07\/lewanska2024.jpg\" \/><\/p>\n<p><a href=\"\/en\/elzbieta-lewanska\"><strong>Dr. El\u017cbieta Lewa\u0144ska<\/strong><\/a><br \/>\n<em>Assistant Professor<\/em><\/p>\n<ul>\n<li>E-mail: <a href=\"mailto:elzbieta.lewanska@ue.poznan.pl\">elzbieta.lewanska@ue.poznan.pl<\/a><\/li>\n<li>Phone: +48 (61) 639-28-02<\/li>\n<\/ul>\n<div style=\"clear: both;\"><\/div>\n<\/div>\n<hr \/>\n<div class=\"memblock\">\n<p><img decoding=\"async\" src=\"https:\/\/kie.ue.poznan.pl\/en\/wp-content\/uploads\/2024\/04\/lewoniewski2024.jpg\" style=\"width: 135px; float: right;\" \/><\/p>\n<p><a href=\"\/en\/wlodzimierz-lewoniewski\"><strong>Dr. W\u0142odzimierz Lewoniewski<\/strong><\/a><br \/>\n<em>Assistant Professor<\/em><\/p>\n<ul>\n<li>E-mail: <a href=\"mailto:wlodzimierz.lewoniewski@ue.poznan.pl\">wlodzimierz.lewoniewski@ue.poznan.pl<\/a><\/li>\n<li>Phone: +48 (61) 639-27-93<\/li>\n<li>Website: <a href=\"https:\/\/en.lewoniewski.info\">en.lewoniewski.info<\/a><\/li>\n<\/ul>\n<div style=\"clear: both;\"><\/div>\n<\/div>\n<hr \/>\n<div class=\"memblock\">\n<p><img decoding=\"async\" style=\"float: right;\" src=\"\/img\/members\/PS.png\" \/><\/p>\n<p><a href=\"\/en\/piotr-stolarski\"><strong>Dr. Piotr Stolarski<\/strong><\/a><br \/>\n<em>Assistant Professor<\/em><\/p>\n<ul>\n<li>E-mail: <a href=\"mailto:piotr.stolarski@ue.poznan.pl\">piotr.stolarski@ue.poznan.pl<\/a><\/li>\n<li>Phone: +48 (61) 639-27-95<\/li>\n<\/ul>\n<div style=\"clear: both;\"><\/div>\n<\/div>\n<hr \/>\n<div class=\"memblock\">\n<p><img decoding=\"async\" style=\"width: 135px; float: right;\" src=\"https:\/\/kie.ue.poznan.pl\/en\/wp-content\/uploads\/2024\/04\/strozyna2024.jpg\" \/><\/p>\n<p><a href=\"\/en\/milena-strozyna\"><strong>Dr. Milena Str\u00f3\u017cyna<\/strong><\/a><br \/>\n<em>Assistant Professor<\/em><\/p>\n<ul>\n<li>E-mail: <a href=\"mailto:milena.strozyna@ue.poznan.pl\">milena.strozyna@ue.poznan.pl<\/a><\/li>\n<li>Phone: +48 (61) 639-28-02<\/li>\n<\/ul>\n<div style=\"clear: both;\"><\/div>\n<\/div>\n<hr \/>\n<div class=\"memblock\">\n<p><img decoding=\"async\" src=\"https:\/\/kie.ue.poznan.pl\/en\/wp-content\/uploads\/2024\/10\/izabela_czumalowska.jpg\" style=\"width: 135px; float: right;\" \/><\/p>\n<p><a href=\"\/en\/izabela-czumalowska\/\"><strong>Izabela Czuma\u0142owska, MSc.<\/strong><\/a><br \/>\n<em>Research Assistant<\/em><\/p>\n<ul>\n<li>E-mail: <a href=\"mailto: izabela.czuma\u0142owska@ue.poznan.pl\"> izabela.czuma\u0142owska@ue.poznan.pl<\/a><\/li>\n<li>Phone: &#8211;<\/li>\n<\/ul>\n<div style=\"clear: both;\"><\/div>\n<\/div>\n<hr \/>\n<div class=\"memblock\">\n<p><img decoding=\"async\" style=\"float: right;\" src=\"\/pl\/wp-content\/uploads\/2022\/10\/EK.jpg\" \/><\/p>\n<p><a href=\"\/en\/ewelina-ksiezniak\"><strong>Ewelina Ksi\u0119\u017cniak, MSc.<\/strong><\/a><br \/>\n<em>Research Assistant<\/em><\/p>\n<ul>\n<li>E-mail: <a href=\"mailto:ewelina.ksiezniak@ue.poznan.pl\">ewelina.ksiezniak@ue.poznan.pl<\/a><\/li>\n<li>Phone: &#8211;<\/li>\n<\/ul>\n<div style=\"clear: both;\"><\/div>\n<\/div>\n<hr \/>\n<div class=\"memblock\">\n<p><img decoding=\"async\" style=\"float: right;\" src=\"\/en\/wp-content\/uploads\/2024\/03\/oskar_riewe-perla.png\" \/><\/p>\n<p><a href=\"\/en\/oskar-riewe-perla\"><strong>Oskar Riewe-Per\u0142a, MSc.<\/strong><\/a><br \/>\n<em>Research Assistant<\/em><\/p>\n<ul>\n<li>E-mail: <a href=\"mailto:oskar.riewe-perla@ue.poznan.pl\">oskar.riewe-perla@ue.poznan.pl<\/a><\/li>\n<li>Phone: &#8211;<\/li>\n<\/ul>\n<div style=\"clear: both;\"><\/div>\n<\/div>\n<hr \/>\n<div class=\"memblock\">\n<p><img decoding=\"async\" style=\"float: right;\" src=\"\/en\/wp-content\/uploads\/2022\/11\/marcin_sawinski.jpg\" \/><\/p>\n<p><a href=\"\/en\/marcin-sawinski\"><strong>Marcin Sawi\u0144ski, MSc.<\/strong><\/a><br \/>\n<em>Research Assistant<\/em><\/p>\n<ul>\n<li>E-mail: <a href=\"mailto:marcin.sawinski@ue.poznan.pl\">marcin.sawinski@ue.poznan.pl<\/a><\/li>\n<li>Phone: &#8211;<\/li>\n<\/ul>\n<div style=\"clear: both;\"><\/div>\n<\/div>\n<hr \/>\n<div class=\"memblock\">\n<p><img decoding=\"async\" style=\"float: right; width: 135px; \" src=\"https:\/\/kie.ue.poznan.pl\/en\/wp-content\/uploads\/2025\/11\/tym-208x300.jpg\" \/><\/p>\n<p><a href=\"\/en\/mikolaj-tym\"><strong>Miko\u0142aj Tym, MSc.<\/strong><\/a><br \/>\n<em>Research Assistant<\/em><\/p>\n<ul>\n<li>E-mail: <a href=\"mailto:mikolaj.tym@ue.poznan.pl\">mikolaj.tym@ue.poznan.pl<\/a><\/li>\n<li>Phone: &#8211;<\/li>\n<\/ul>\n<div style=\"clear: both;\"><\/div>\n<\/div>\n<hr \/>\n","protected":false},"excerpt":{"rendered":"<p>See also: former members Prof. Krzysztof W\u0119cel Head of the Department E-mail: krzysztof.wecel@ue.poznan.pl Phone: +48 (61) 639-28-09 Prof. Agata Filipowska PUEB Professor E-mail: agata.filipowska@ue.poznan.pl Phone: +48 (61) 854-36-32 | +48 (61) 639-28-06 Dr. Szczepan G\u00f3rtowski Research Assistant E-mail: szczepan.gortowski@ue.poznan.pl Phone: &#8211; Dr. El\u017cbieta Lewa\u0144ska Assistant Professor E-mail: elzbieta.lewanska@ue.poznan.pl Phone: +48 (61) 639-28-02 Dr. W\u0142odzimierz Lewoniewski Assistant Professor E-mail: wlodzimierz.lewoniewski@ue.poznan.pl Phone: +48 (61) 639-27-93 Website: en.lewoniewski.info Dr. Piotr Stolarski Assistant Professor <a href=\"https:\/\/kie.ue.poznan.pl\/en\/members\/\" class=\"read-more\">&#8230; Read More<\/a><\/p>\n","protected":false},"author":1,"featured_media":46,"parent":0,"menu_order":0,"comment_status":"closed","ping_status":"closed","template":"","meta":{"footnotes":""},"class_list":["post-7","page","type-page","status-publish","has-post-thumbnail","hentry"],"_links":{"self":[{"href":"https:\/\/kie.ue.poznan.pl\/en\/wp-json\/wp\/v2\/pages\/7","targetHints":{"allow":["GET"]}}],"collection":[{"href":"https:\/\/kie.ue.poznan.pl\/en\/wp-json\/wp\/v2\/pages"}],"about":[{"href":"https:\/\/kie.ue.poznan.pl\/en\/wp-json\/wp\/v2\/types\/page"}],"author":[{"embeddable":true,"href":"https:\/\/kie.ue.poznan.pl\/en\/wp-json\/wp\/v2\/users\/1"}],"replies":[{"embeddable":true,"href":"https:\/\/kie.ue.poznan.pl\/en\/wp-json\/wp\/v2\/comments?post=7"}],"version-history":[{"count":0,"href":"https:\/\/kie.ue.poznan.pl\/en\/wp-json\/wp\/v2\/pages\/7\/revisions"}],"wp:featuredmedia":[{"embeddable":true,"href":"https:\/\/kie.ue.poznan.pl\/en\/wp-json\/wp\/v2\/media\/46"}],"wp:attachment":[{"href":"https:\/\/kie.ue.poznan.pl\/en\/wp-json\/wp\/v2\/media?parent=7"}],"curies":[{"name":"wp","href":"https:\/\/api.w.org\/{rel}","templated":true}]}}