{"id":103,"date":"2020-05-21T20:58:43","date_gmt":"2020-05-21T18:58:43","guid":{"rendered":"http:\/\/kie.ue.poznan.pl\/pl\/?page_id=103"},"modified":"2026-01-08T21:41:18","modified_gmt":"2026-01-08T20:41:18","slug":"piotr-kaluzny","status":"publish","type":"page","link":"https:\/\/kie.ue.poznan.pl\/pl\/piotr-kaluzny\/","title":{"rendered":"dr Piotr Ka\u0142u\u017cny"},"content":{"rendered":"<table class=\"bazy\">\n<tr>\n<td><img decoding=\"async\" src=\"\/img\/members\/PK.png\" \/><\/td>\n<\/tr>\n<tr>\n<td>\n<table class=\"scopus1\" cellspacing=\"0\">\n<tr>\n<td class=\"scopus2\">SC<\/td>\n<td class=\"scopus3\"><a href=\"https:\/\/www.scopus.com\/authid\/detail.uri?authorId=56946651300\">Scopus<\/a><\/td>\n<\/tr>\n<\/table>\n<table class=\"bw1\" cellspacing=\"0\">\n<tr>\n<td class=\"bw2\">BW<\/td>\n<td class=\"bw3\"><a href=\"https:\/\/bazawiedzy.ue.poznan.pl\/info.seam?id=UEPaad4de83948547279a3094147488a15c&#038;affil=&#038;lang=pl\">Baza Wiedzy UEP<\/a><\/td>\n<\/tr>\n<\/table>\n<table class=\"rg1\" cellspacing=\"0\">\n<tr>\n<td class=\"rg2\">RG<\/td>\n<td class=\"rg3\"><a href=\"https:\/\/www.researchgate.net\/profile\/Piotr_Kaluzny\">ResearchGate<\/a><\/td>\n<\/tr>\n<\/table>\n<table class=\"gs1\" cellspacing=\"0\">\n<tr>\n<td class=\"gs2\">GS<\/td>\n<td class=\"gs3\"><a href=\"https:\/\/scholar.google.pl\/citations?user=fqlwX2sAAAAJ\">Google Scholar<\/a><\/td>\n<\/tr>\n<\/table>\n<table class=\"orcid1\" cellspacing=\"0\">\n<tr>\n<td class=\"orcid2\">ID<\/td>\n<td class=\"orcid3\"><a href=\"https:\/\/orcid.org\/0000-0002-3153-9485\">ORCID<\/a><\/td>\n<\/tr>\n<\/table>\n<\/td>\n<\/tr>\n<\/table>\n<p><em><a href=\"\/pl\/byli-pracownicy\/\">By\u0142y pracownik KIE<\/a> (Asystent)<\/em><br \/>\n<strong>dr Piotr Ka\u0142u\u017cny<\/strong><\/p>\n<ul>\n<li>E-mail: piotr.kaluzny@ue.poznan.pl<\/li>\n<li>Telefon: +48 (61) 639-27-88<\/li>\n<\/ul>\n","protected":false},"excerpt":{"rendered":"<p>SC Scopus BW Baza Wiedzy UEP RG ResearchGate GS Google Scholar ID ORCID By\u0142y pracownik KIE (Asystent) dr Piotr Ka\u0142u\u017cny E-mail: piotr.kaluzny@ue.poznan.pl Telefon: +48 (61) 639-27-88<\/p>\n","protected":false},"author":1,"featured_media":0,"parent":0,"menu_order":0,"comment_status":"closed","ping_status":"closed","template":"","meta":{"footnotes":""},"class_list":["post-103","page","type-page","status-publish","hentry"],"_links":{"self":[{"href":"https:\/\/kie.ue.poznan.pl\/pl\/wp-json\/wp\/v2\/pages\/103","targetHints":{"allow":["GET"]}}],"collection":[{"href":"https:\/\/kie.ue.poznan.pl\/pl\/wp-json\/wp\/v2\/pages"}],"about":[{"href":"https:\/\/kie.ue.poznan.pl\/pl\/wp-json\/wp\/v2\/types\/page"}],"author":[{"embeddable":true,"href":"https:\/\/kie.ue.poznan.pl\/pl\/wp-json\/wp\/v2\/users\/1"}],"replies":[{"embeddable":true,"href":"https:\/\/kie.ue.poznan.pl\/pl\/wp-json\/wp\/v2\/comments?post=103"}],"version-history":[{"count":0,"href":"https:\/\/kie.ue.poznan.pl\/pl\/wp-json\/wp\/v2\/pages\/103\/revisions"}],"wp:attachment":[{"href":"https:\/\/kie.ue.poznan.pl\/pl\/wp-json\/wp\/v2\/media?parent=103"}],"curies":[{"name":"wp","href":"https:\/\/api.w.org\/{rel}","templated":true}]}}