{"id":1074,"date":"2024-08-23T18:52:59","date_gmt":"2024-08-23T16:52:59","guid":{"rendered":"https:\/\/kie.ue.poznan.pl\/pl\/?page_id=1074"},"modified":"2025-12-30T07:41:47","modified_gmt":"2025-12-30T06:41:47","slug":"bis","status":"publish","type":"page","link":"https:\/\/kie.ue.poznan.pl\/pl\/bis\/","title":{"rendered":"Konferencja BIS"},"content":{"rendered":"<p>BIS to renomowana mi\u0119dzynarodowa konferencja po\u015bwi\u0119cona systemom informacyjnym w biznesie. BIS 2026 b\u0119dzie 26. konferencj\u0105 z serii mi\u0119dzynarodowych konferencji. Od samego pocz\u0105tku by\u0142a uznawana przez naukowc\u00f3w i praktyk\u00f3w biznesu za forum wymiany i rozpowszechniania aktualnych bada\u0144 w zakresie rozwoju, wdra\u017cania, stosowania i ulepszania system\u00f3w komputerowych dla biznesu.<\/p>\n<p>W ostatnich latach sztuczna inteligencja przekszta\u0142ci\u0142a si\u0119 z obiecuj\u0105cej technologicznej nowinki w kluczow\u0105 si\u0142\u0119 kszta\u0142tuj\u0105c\u0105 strategie biznesowe i innowacje. Jednak w miar\u0119 jak organizacje coraz szybciej wdra\u017caj\u0105 rozwi\u0105zania oparte na AI, wiele z nich przekonuje si\u0119, \u017ce przej\u015bcie od eksperyment\u00f3w do wymiernych rezultat\u00f3w wcale nie jest proste. Has\u0142o przewodnie konferencji BIS 2026 \u2013 \u201e<strong>Od ekscytacji do rzeczywistego wp\u0142ywu: jak przeku\u0107 AI w realn\u0105 warto\u015b\u0107 biznesow\u0105<\/strong>\u201d  (z ang. &#8222;From Hype to Impact: Turning AI into Real Business Value&#8221;) \u2013 odzwierciedla t\u0119 istotn\u0105 zmian\u0119 perspektywy. <\/p>\n<p>Konferencja BIS znajduje si\u0119 na li\u015bcie czasopism naukowych i recenzowanych materia\u0142\u00f3w z konferencji mi\u0119dzynarodowych prowadzonej przez Ministerstwo Nauki i Szkolnictwa Wy\u017cszego &#8211; <strong>70 punkt\u00f3w<\/strong> (stan na grudzie\u0144 2025 roku).<\/p>\n<p>26. edycja konferencji BIS odb\u0119dzie si\u0119 w dniach 10-12 czerwca 2026 roku na Uniwersytecie Ekonomicznym w Pradze (Czechy). Wi\u0119cej informacji mo\u017cna znale\u017a\u0107 na stronie internetowej: <a href=\"https:\/\/bisconf.org\/2026\" traget=\"_blank\">bisconf.org\/2026<\/a><\/p>\n<p>BIS w mediach spo\u0142eczno\u015bciowych: <a href=\"https:\/\/www.facebook.com\/BIS.conference\" rel=\"noopener noreferrer\" target=\"_blank\">Facebook<\/a>, <a href=\"https:\/\/www.linkedin.com\/company\/bisconf\" rel=\"noopener noreferrer\" target=\"_blank\">LinkedIn<\/a>, <a href=\"https:\/\/x.com\/bisconf\" rel=\"noopener noreferrer\" target=\"_blank\">X<\/a>.<\/p>\n","protected":false},"excerpt":{"rendered":"<p>BIS to renomowana mi\u0119dzynarodowa konferencja po\u015bwi\u0119cona systemom informacyjnym w biznesie. BIS 2026 b\u0119dzie 26. konferencj\u0105 z serii mi\u0119dzynarodowych konferencji. Od samego pocz\u0105tku by\u0142a uznawana przez naukowc\u00f3w i praktyk\u00f3w biznesu za forum wymiany i rozpowszechniania aktualnych bada\u0144 w zakresie rozwoju, wdra\u017cania, stosowania i ulepszania system\u00f3w komputerowych dla biznesu. W ostatnich latach sztuczna inteligencja przekszta\u0142ci\u0142a si\u0119 z obiecuj\u0105cej technologicznej nowinki w kluczow\u0105 si\u0142\u0119 kszta\u0142tuj\u0105c\u0105 strategie biznesowe i innowacje. Jednak w miar\u0119 jak <a href=\"https:\/\/kie.ue.poznan.pl\/pl\/bis\/\" class=\"read-more\">&#8230; Wi\u0119cej informacji<\/a><\/p>\n","protected":false},"author":1,"featured_media":1392,"parent":0,"menu_order":0,"comment_status":"closed","ping_status":"closed","template":"","meta":{"footnotes":""},"class_list":["post-1074","page","type-page","status-publish","has-post-thumbnail","hentry"],"_links":{"self":[{"href":"https:\/\/kie.ue.poznan.pl\/pl\/wp-json\/wp\/v2\/pages\/1074","targetHints":{"allow":["GET"]}}],"collection":[{"href":"https:\/\/kie.ue.poznan.pl\/pl\/wp-json\/wp\/v2\/pages"}],"about":[{"href":"https:\/\/kie.ue.poznan.pl\/pl\/wp-json\/wp\/v2\/types\/page"}],"author":[{"embeddable":true,"href":"https:\/\/kie.ue.poznan.pl\/pl\/wp-json\/wp\/v2\/users\/1"}],"replies":[{"embeddable":true,"href":"https:\/\/kie.ue.poznan.pl\/pl\/wp-json\/wp\/v2\/comments?post=1074"}],"version-history":[{"count":0,"href":"https:\/\/kie.ue.poznan.pl\/pl\/wp-json\/wp\/v2\/pages\/1074\/revisions"}],"wp:featuredmedia":[{"embeddable":true,"href":"https:\/\/kie.ue.poznan.pl\/pl\/wp-json\/wp\/v2\/media\/1392"}],"wp:attachment":[{"href":"https:\/\/kie.ue.poznan.pl\/pl\/wp-json\/wp\/v2\/media?parent=1074"}],"curies":[{"name":"wp","href":"https:\/\/api.w.org\/{rel}","templated":true}]}}