{"id":1277,"date":"2025-05-29T15:11:46","date_gmt":"2025-05-29T13:11:46","guid":{"rendered":"https:\/\/kie.ue.poznan.pl\/pl\/?page_id=1277"},"modified":"2025-05-29T15:39:49","modified_gmt":"2025-05-29T13:39:49","slug":"harmonogram-roku-akademickiego-2025-2026","status":"publish","type":"page","link":"https:\/\/kie.ue.poznan.pl\/pl\/harmonogram-roku-akademickiego-2025-2026\/","title":{"rendered":"Harmonogram Roku Akademickiego 2025\/2026"},"content":{"rendered":"<p>Harmonogram Roku Akademickiego 2025\/2026 na studiach stacjonarnych oraz niestacjonarnych pierwszego i drugiego stopnia na Uniwersytecie Ekonomicznym w Poznaniu.<\/p>\n<div style=\"width: 100%; background-color: rgba(128, 128, 128, 0.13); \"><a href=\"\/pl\/harmonogram-roku-akademickiego-2024-2025\" title=\"Harmonogram Roku Akademickiego 2024\/2025\" style=\"float:left; margin: 5px;\">&larr; Rok 2024\/2025<\/a><\/p>\n<div style=\"clear:both;\"><\/div>\n<\/div>\n<style type=\"text\/css\">.harmonogram  {border-collapse:collapse;border-spacing:0;} .harmonogram td{border-style:solid;border-width:1px;font-family:Arial, sans-serif;font-size:14px; overflow:hidden;padding:10px 5px;word-break:normal;} .harmonogram th{border-style:solid;border-width:1px;font-family:Arial, sans-serif;font-size:14px; font-weight:normal;overflow:hidden;padding:10px 5px;word-break:normal;} .harmonogram .styl1tg{font-weight:bold;text-align:center;vertical-align:middle} .harmonogram .styl2tg{text-align:left;vertical-align:bottom; width: 40%;} .harmonogram .styl3tg{font-weight:bold;text-align:left;vertical-align:middle} .harmonogram .styl4tg{text-align:center;vertical-align:middle} .harmonogram .gwiazdka1{padding-left:14px;} .harmonogram .gwiazdka2{padding-left:20px;}<\/style>\n<table class=\"harmonogram\">\n<thead>\n<tr>\n<th class=\"styl2tg\"><\/th>\n<th class=\"styl1tg\">Stacjonarne<\/th>\n<th class=\"styl1tg\">Niestacjonarne<\/th>\n<\/tr>\n<\/thead>\n<tbody>\n<tr>\n<td class=\"styl3tg\" style=\"border-top-width: 3px;\">SEMESTR ZIMOWY:<\/td>\n<td class=\"styl1tg\" style=\"border-top-width: 3px;\">01.10.2025 \u2013 22.02.2026<\/td>\n<td class=\"styl1tg\" style=\"border-top-width: 3px;\">01.10.2025 \u2013 15.02.2026<\/td>\n<\/tr>\n<tr>\n<td class=\"styl2tg\">Zaj\u0119cia dydaktyczne<\/td>\n<td class=\"styl4tg gwiazdka1\">01.10.2025 \u2013 08.02.2026 *<\/td>\n<td class=\"styl4tg\">03.10.2025 \u2013 01.02.2026<\/td>\n<\/tr>\n<tr>\n<td class=\"styl2tg\">Przerwa \u015bwi\u0105teczna<\/td>\n<td class=\"styl4tg\">22.12.2025 \u2013 09.01.2026<\/td>\n<td class=\"styl4tg\">22.12.2025 \u2013 15.01.2026<\/td>\n<\/tr>\n<tr>\n<td class=\"styl2tg\">Zimowa sesja egzaminacyjna<\/td>\n<td class=\"styl4tg\">09.02.2026 \u2013 22.02.2026<\/td>\n<td class=\"styl4tg\">02.02.2026 \u2013 15.02.2026<\/td>\n<\/tr>\n<tr>\n<td class=\"styl2tg\">Przerwa mi\u0119dzysemestralna<\/td>\n<td class=\"styl4tg\">23.02.2026 \u2013 01.03.2026<\/td>\n<td class=\"styl4tg\">16.02.2026 \u2013 05.03.2026<\/td>\n<\/tr>\n<tr>\n<td class=\"styl2tg\">Zimowa sesja poprawkowa<\/td>\n<td class=\"styl4tg\">23.02.2026 \u2013 08.03.2026<\/td>\n<td class=\"styl4tg\">16.02.2026 \u2013 01.03.2026<\/td>\n<\/tr>\n<tr>\n<td class=\"styl3tg\" style=\"border-top-width: 3px;\">SEMESTR LETNI:<\/td>\n<td class=\"styl1tg\" style=\"border-top-width: 3px;\">02.03.2026 \u2013 30.09.2026<\/td>\n<td class=\"styl1tg\" style=\"border-top-width: 3px;\">06.03.2026 \u2013 30.09.2026<\/td>\n<\/tr>\n<tr>\n<td class=\"styl2tg\">Zaj\u0119cia dydaktyczne<\/td>\n<td class=\"styl4tg gwiazdka2\">02.03.2026 \u2013 28.06.2026 **<\/td>\n<td class=\"styl4tg\">06.03.2026 \u2013 28.06.2026<\/td>\n<\/tr>\n<tr>\n<td class=\"styl2tg\">Przerwa \u015bwi\u0105teczna<\/td>\n<td class=\"styl4tg\">02.04.2026 \u2013 08.04.2026<\/td>\n<td class=\"styl4tg\">23.03.2026 \u2013 09.04.2026<\/td>\n<\/tr>\n<tr>\n<td class=\"styl2tg\">Letnia sesja egzaminacyjna<\/td>\n<td class=\"styl4tg\">29.06.2026 \u2013 12.07.2026<\/td>\n<td class=\"styl4tg\">29.06.2026 \u2013 12.07.2026<\/td>\n<\/tr>\n<tr>\n<td class=\"styl2tg\">Letnia sesja poprawkowa<\/td>\n<td class=\"styl4tg\">13.07.2026 \u2013 26.07.2026<\/td>\n<td class=\"styl4tg\">13.07.2026 \u2013 26.07.2026<\/td>\n<\/tr>\n<tr>\n<td class=\"styl2tg\">Letnia przerwa mi\u0119dzysemestralna<\/td>\n<td class=\"styl4tg\">13.07.2026 \u2013 30.09.2026<\/td>\n<td class=\"styl4tg\">13.07.2026 \u2013 30.09.2026<\/td>\n<\/tr>\n<\/tbody>\n<\/table>\n<ul>\n<li>* <strong>12.11.2025 (\u015broda)<\/strong> \u2013 realizacja zaj\u0119\u0107 zgodnie z planem ustalonym na <strong>poniedzia\u0142ki<\/strong><\/li>\n<li>* <strong>13.11.2025 (czwartek)<\/strong> \u2013 realizacja zaj\u0119\u0107 zgodnie z planem ustalonym na <strong>wtorki<\/strong><\/li>\n<li>** <strong>02.06.2026 (wtorek)<\/strong> \u2013 realizacja zaj\u0119\u0107 zgodnie z planem ustalonym na <strong>czwartki<\/strong><\/li>\n<li>** <strong>03.06.2026 (\u015broda)<\/strong> \u2013 realizacja zaj\u0119\u0107 zgodnie z planem ustalonym na <strong>pi\u0105tki<\/strong><\/li>\n<li>Dodatkowe dni wolne: 31.10.2025, 10.11.2025, 04.05.2026, 28.05.2026, 05.06.2026<\/li>\n<li>\u201eDni Adaptacyjne\u201d dla student\u00f3w I roku: 29.09.2025 \u2013 30.09.2025<\/li>\n<\/ul>\n<p><em>\u0179r\u00f3d\u0142o: <a href=\"https:\/\/ue.poznan.pl\/pobierz\/eFxDUl1cUlRVW3oJFgMIDgcBAwg\" rel=\"noopener noreferrer\" target=\"_blank\">Zarz\u0105dzenie nr 47\/2025<\/a> Rektora Uniwersytetu Ekonomicznego w Poznaniu z dnia 21 maja 2025 roku<\/em><\/p>\n","protected":false},"excerpt":{"rendered":"<p>Harmonogram Roku Akademickiego 2025\/2026 na studiach stacjonarnych oraz niestacjonarnych pierwszego i drugiego stopnia na Uniwersytecie Ekonomicznym w Poznaniu. &larr; Rok 2024\/2025 Stacjonarne Niestacjonarne SEMESTR ZIMOWY: 01.10.2025 \u2013 22.02.2026 01.10.2025 \u2013 15.02.2026 Zaj\u0119cia dydaktyczne 01.10.2025 \u2013 08.02.2026 * 03.10.2025 \u2013 01.02.2026 Przerwa \u015bwi\u0105teczna 22.12.2025 \u2013 09.01.2026 22.12.2025 \u2013 15.01.2026 Zimowa sesja egzaminacyjna 09.02.2026 \u2013 22.02.2026 02.02.2026 \u2013 15.02.2026 Przerwa mi\u0119dzysemestralna 23.02.2026 \u2013 01.03.2026 16.02.2026 \u2013 05.03.2026 Zimowa sesja poprawkowa 23.02.2026 \u2013 <a href=\"https:\/\/kie.ue.poznan.pl\/pl\/harmonogram-roku-akademickiego-2025-2026\/\" class=\"read-more\">&#8230; Wi\u0119cej informacji<\/a><\/p>\n","protected":false},"author":1,"featured_media":1279,"parent":0,"menu_order":0,"comment_status":"closed","ping_status":"closed","template":"","meta":{"footnotes":""},"class_list":["post-1277","page","type-page","status-publish","has-post-thumbnail","hentry"],"_links":{"self":[{"href":"https:\/\/kie.ue.poznan.pl\/pl\/wp-json\/wp\/v2\/pages\/1277","targetHints":{"allow":["GET"]}}],"collection":[{"href":"https:\/\/kie.ue.poznan.pl\/pl\/wp-json\/wp\/v2\/pages"}],"about":[{"href":"https:\/\/kie.ue.poznan.pl\/pl\/wp-json\/wp\/v2\/types\/page"}],"author":[{"embeddable":true,"href":"https:\/\/kie.ue.poznan.pl\/pl\/wp-json\/wp\/v2\/users\/1"}],"replies":[{"embeddable":true,"href":"https:\/\/kie.ue.poznan.pl\/pl\/wp-json\/wp\/v2\/comments?post=1277"}],"version-history":[{"count":0,"href":"https:\/\/kie.ue.poznan.pl\/pl\/wp-json\/wp\/v2\/pages\/1277\/revisions"}],"wp:featuredmedia":[{"embeddable":true,"href":"https:\/\/kie.ue.poznan.pl\/pl\/wp-json\/wp\/v2\/media\/1279"}],"wp:attachment":[{"href":"https:\/\/kie.ue.poznan.pl\/pl\/wp-json\/wp\/v2\/media?parent=1277"}],"curies":[{"name":"wp","href":"https:\/\/api.w.org\/{rel}","templated":true}]}}