{"id":135,"date":"2020-07-10T21:47:45","date_gmt":"2020-07-10T19:47:45","guid":{"rendered":"http:\/\/kie.ue.poznan.pl\/pl\/?page_id=135"},"modified":"2021-09-04T06:49:14","modified_gmt":"2021-09-04T04:49:14","slug":"zakres-prowadzonych-badan","status":"publish","type":"page","link":"https:\/\/kie.ue.poznan.pl\/pl\/zakres-prowadzonych-badan\/","title":{"rendered":"Zakres prowadzonych bada\u0144"},"content":{"rendered":"<p>W ostatnich latach Internet ulega swego rodzaju transformacji z ogromnego repozytorium danych do z\u0142o\u017conego, przetwarzalnego ekosystemu. W jego sk\u0142ad wchodz\u0105 zasoby informacyjne (dane, teksty, multimedia) oraz jednostki przetwarzaj\u0105ce te informacje (systemy obiegu dokument\u00f3w, us\u0142ugi, inteligentne przedmioty). Ten ekosystem adresuje potrzeby u\u017cytkownik\u00f3w indywidualnych oraz organizacji, a w efekcie jest ch\u0119tnie wykorzystywany jako platforma wsp\u00f3\u0142pracy biznesowej.<\/p>\n<p>Stale rosn\u0105ca dost\u0119pno\u015b\u0107 mocy obliczeniowej sprawia, \u017ce mo\u017cemy powiedzie\u0107, i\u017c przemin\u0119\u0142a era monolitycznych system\u00f3w, nowe trendy proponuj\u0105 tworzenie system\u00f3w z wykorzystaniem us\u0142ug pochodz\u0105cych od r\u00f3\u017cnych dostawc\u00f3w i korzystaj\u0105cych z rozproszonych zasob\u00f3w obliczeniowych. Powoduje to powstawanie nowych wyzwa\u0144 obejmuj\u0105cych wyb\u00f3r us\u0142ug, kompozycj\u0119 po\u017c\u0105danych funkcjonalno\u015bci z atomowych us\u0142ug, automatyczne tworzenie funkcjonalnych i poza funkcjonalnych opis\u00f3w us\u0142ug jak r\u00f3wnie\u017c rozwi\u0105zywanie kwestii rozproszonej w\u0142asno\u015bci komponent\u00f3w. Maj\u0105c na wzgl\u0119dzie wymienione kwestie istnieje konieczno\u015b\u0107 badania modeli biznesowych i generowania rekomendacji dla podejmowania dzia\u0142a\u0144 zgodnych z pojawiaj\u0105cymi si\u0119 trendami.<\/p>\n<p>Ponadto obserwujemy gwa\u0142towny zwrot w kierunku elastycznych interakcji pomi\u0119dzy wymienionymi komponentami. \u0179r\u00f3d\u0142a informacji i jej przetwarzania powinny pozwala\u0107 na \u0142atwe ich \u0142\u0105czenie zapewniaj\u0105c platform\u0119 dla wsp\u00f3\u0142pracy mi\u0119dzy nimi. Swego rodzaju spoin\u0105 umo\u017cliwiaj\u0105c\u0105 zachodzenie tych interakcji jest szeroko rozumiana wsp\u00f3lna warstwa poj\u0119ciowa, od formalnych reprezentacji przez semantyczne technologie webowe, po nieformalne schematy metadanych takie jak folksonomie. Technologie semantyczne w po\u0142\u0105czeniu z technologiami zarz\u0105dzaniem procesami biznesowymi oraz badaniami z zakresu Web 2.0 daj\u0105 wiele nowych mo\u017cliwo\u015bci kt\u00f3re mog\u0105 by\u0107 wykorzystane przez przedsi\u0119biorstwa podczas budowania aplikacji biznesowych.<\/p>\n<p>Mo\u017cna powiedzie\u0107, \u017ce nowe zastosowania Internetu zobowi\u0105zuj\u0105 nas do poszukiwania nowatorskich metod i technik zarz\u0105dzania \u017ar\u00f3d\u0142ami i ich pozyskiwania dla potrzeb os\u00f3b prywatnych oraz przedsi\u0119biorstw i ich wewn\u0119trznych proces\u00f3w. Umo\u017cliwienie wszystkim u\u017cytkownikom tworzenie tre\u015bci ogromnych ilo\u015bci tre\u015bci zr\u00f3\u017cnicowanej jako\u015bci. Ponadto, wraz z zwi\u0119kszaj\u0105c\u0105 si\u0119 ilo\u015bci\u0105 \u017ar\u00f3de\u0142 potencjalnie interesuj\u0105cych dla u\u017cytkownika pojawia si\u0119 problem nadmiaru tre\u015bci. G\u0142\u00f3wnym wyzwaniem w tym kontek\u015bcie jest organizacja i przeszukiwanie tre\u015bci. Aby umo\u017cliwi\u0107 skuteczne wykorzystanie wyszukanych \u017ar\u00f3de\u0142 powinny one by\u0107 opisane semantycznie w spos\u00f3b relewantny nie tylko do zdefiniowanych potrzeb, lecz r\u00f3wnie\u017c do bie\u017c\u0105cego kontekstu konkretnego u\u017cytkownika, jednostki biznesowej czy wykonywanego procesu.<\/p>\n<p>Wobec powy\u017cszego, nasz\u0105 misj\u0105 jest zapewnienie <a href=\"http:\/\/kie.ue.poznan.pl\/pl\/projekty\/\">narz\u0119dzi<\/a> wspomagaj\u0105cych uzyskiwanie i zarz\u0105dzanie r\u00f3\u017cnymi \u017ar\u00f3d\u0142ami zar\u00f3wno poprzez ich filtrowanie jak i wydobywanie informacji, a nast\u0119pnie wsparcie \u0142\u0105czenia i uzyskiwanie artefakt\u00f3w zgodnie z potrzebami podmiotu wyszukuj\u0105cego. W obydwu przypadkach, naszym celem jest rozwa\u017cenie r\u00f3\u017cnorodnych technologii, czynnik\u00f3w funkcjonalnych i ekonomicznych maj\u0105cych wp\u0142yw na relewantno\u015b\u0107 uzyskanej informacji oraz zapewnienie semantyki dla ich automatycznego lub p\u00f3\u0142automatycznego wykorzystania.<\/p>\n<p>Trzy g\u0142\u00f3wne filary naszych bada\u0144:<\/p>\n<ul>\n<li>Pozyskiwanie informacji,\n<ul>\n<li>Ekstrakcja tre\u015bci i informacji<\/li>\n<li>Indeksowanie i adnotacja tre\u015bci i informacji<\/li>\n<li>Uzyskiwanie informacji Ad hoc<\/li>\n<li>Filtrowanie informacji<\/li>\n<\/ul>\n<\/li>\n<li>SOA i us\u0142ugi sieciowe,\n<ul>\n<li>Interakcja pomi\u0119dzy us\u0142ugami sieciowymi<\/li>\n<li>Biznesowe us\u0142ugi sieciowe i wsp\u00f3\u0142praca pomi\u0119dzy dwoma i wi\u0119cej stronami<\/li>\n<\/ul>\n<\/li>\n<li>Platformy i procesy biznesowe.\n<ul>\n<li>Zarz\u0105dzanie procesami biznesowymi<\/li>\n<li>\u015arodowiska wsp\u00f3\u0142pracy<\/li>\n<\/ul>\n<\/li>\n<\/ul>\n","protected":false},"excerpt":{"rendered":"<p>W ostatnich latach Internet ulega swego rodzaju transformacji z ogromnego repozytorium danych do z\u0142o\u017conego, przetwarzalnego ekosystemu. W jego sk\u0142ad wchodz\u0105 zasoby informacyjne (dane, teksty, multimedia) oraz jednostki przetwarzaj\u0105ce te informacje (systemy obiegu dokument\u00f3w, us\u0142ugi, inteligentne przedmioty). Ten ekosystem adresuje potrzeby u\u017cytkownik\u00f3w indywidualnych oraz organizacji, a w efekcie jest ch\u0119tnie wykorzystywany jako platforma wsp\u00f3\u0142pracy biznesowej. Stale rosn\u0105ca dost\u0119pno\u015b\u0107 mocy obliczeniowej sprawia, \u017ce mo\u017cemy powiedzie\u0107, i\u017c przemin\u0119\u0142a era monolitycznych system\u00f3w, nowe trendy <a href=\"https:\/\/kie.ue.poznan.pl\/pl\/zakres-prowadzonych-badan\/\" class=\"read-more\">&#8230; Wi\u0119cej informacji<\/a><\/p>\n","protected":false},"author":1,"featured_media":495,"parent":0,"menu_order":0,"comment_status":"closed","ping_status":"closed","template":"","meta":{"footnotes":""},"class_list":["post-135","page","type-page","status-publish","has-post-thumbnail","hentry"],"_links":{"self":[{"href":"https:\/\/kie.ue.poznan.pl\/pl\/wp-json\/wp\/v2\/pages\/135","targetHints":{"allow":["GET"]}}],"collection":[{"href":"https:\/\/kie.ue.poznan.pl\/pl\/wp-json\/wp\/v2\/pages"}],"about":[{"href":"https:\/\/kie.ue.poznan.pl\/pl\/wp-json\/wp\/v2\/types\/page"}],"author":[{"embeddable":true,"href":"https:\/\/kie.ue.poznan.pl\/pl\/wp-json\/wp\/v2\/users\/1"}],"replies":[{"embeddable":true,"href":"https:\/\/kie.ue.poznan.pl\/pl\/wp-json\/wp\/v2\/comments?post=135"}],"version-history":[{"count":0,"href":"https:\/\/kie.ue.poznan.pl\/pl\/wp-json\/wp\/v2\/pages\/135\/revisions"}],"wp:featuredmedia":[{"embeddable":true,"href":"https:\/\/kie.ue.poznan.pl\/pl\/wp-json\/wp\/v2\/media\/495"}],"wp:attachment":[{"href":"https:\/\/kie.ue.poznan.pl\/pl\/wp-json\/wp\/v2\/media?parent=135"}],"curies":[{"name":"wp","href":"https:\/\/api.w.org\/{rel}","templated":true}]}}