{"id":136,"date":"2020-07-10T21:48:46","date_gmt":"2020-07-10T19:48:46","guid":{"rendered":"http:\/\/kie.ue.poznan.pl\/pl\/?page_id=136"},"modified":"2024-10-08T16:45:55","modified_gmt":"2024-10-08T14:45:55","slug":"projekty","status":"publish","type":"page","link":"https:\/\/kie.ue.poznan.pl\/pl\/projekty\/","title":{"rendered":"Projekty"},"content":{"rendered":"<ul>\n<li><a href=\"\/pl\/openfact\">OpenFact<\/a> &#8211; weryfikacja wiarygodno\u015bci \u017ar\u00f3de\u0142 informacji w internecie oraz detekcji fa\u0142szywych informacji<\/li>\n<li><a href=\"\/pl\/simmo-2\">SIMMO II<\/a> &#8211; analiza danych morskich, kt\u00f3ra jest oparta o nowoczesne metody data science oraz technologie Big Data<\/li>\n<li><a href=\"\/pl\/hansa\">HANSA<\/a> &#8211; Retrospektywna analiza danych AIS dla cel\u00f3w poprawy bezpiecze\u0144stwa nawigacji poprzez okre\u015blanie rekomendowanych korytarzy<\/li>\n<li><a href=\"\/pl\/simmo\">SIMMO: System do Inteligentnego Monitoringu MOrskiego<\/a><\/li>\n<li><a href=\"\/pl\/e-um\">e-UM: elektronizacja us\u0142ug i wymiany korespondencji w Urz\u0119dach Marsza\u0142kowskich Wojew\u00f3dztw Wielkopolskiego i Kujawsko-Pomorskiego<\/a><\/li>\n<li><a href=\"\/pl\/smart-data-analysis-for-the-support-of-rational-decision-making-in-the-energy-sector\/\">Smart Data Analysis for the Support of Rational Decision Making in the Energy Sector<\/a><\/li>\n<li><a href=\"http:\/\/kie.ue.poznan.pl\/pl\/prototype-of-an-in-memory-business-intelligence-solution-for-the-support-of-forecasting-of-energy-load-demand\/\">Prototype of an In-Memory Business Intelligence Solution for the Support of Forecasting of Energy Load Demand<\/a><\/li>\n<li><a href=\"http:\/\/kie.ue.poznan.pl\/pl\/forecasting-of-energy-load-demand-and-energy-production-from-renewable-sources-using-in-memory-computing\/\">Forecasting of Energy Load Demand and Energy Production from Renewable Sources using In-Memory Computing<\/a><\/li>\n<li><a href=\"http:\/\/kie.ue.poznan.pl\/pl\/quasi-real-time-individual-customer-based-forecasting-of-energy-load-demand-using-in-memory-computing\/\">Quasi Real-Time Individual Customer Based Forecasting of Energy Load Demand Using In Memory Computing<\/a><\/li>\n<li><a href=\"http:\/\/kie.ue.poznan.pl\/pl\/semantyczny-monitoring-cyberprzestrzeni\/\">Semantyczny Monitoring Cyberprzestrzeni<\/a><\/li>\n<li><a href=\"http:\/\/kie.ue.poznan.pl\/pl\/insemtives\/\">Insemtives &#8211; Incentives for Semantics<\/a><\/li>\n<li><a href=\"http:\/\/kie.ue.poznan.pl\/pl\/is-link\/\">IS-LINK<\/a><\/li>\n<li><a href=\"http:\/\/kie.ue.poznan.pl\/pl\/ego-virtual-identity\/\">Ego \u2013 Virtual Identity<\/a><\/li>\n<li><a href=\"http:\/\/kie.ue.poznan.pl\/pl\/extraspec\/\">eXtraSpec &#8211; zastosowanie zaawansowanych metod ekstrakcji danych na potrzeby wyszukiwania ekspert\u00f3w<\/a><\/li>\n<li><a href=\"http:\/\/kie.ue.poznan.pl\/pl\/integror\/\">Integror<\/a><\/li>\n<li><a href=\"http:\/\/kie.ue.poznan.pl\/pl\/filtering-web-services\/\">Filtering Web Services<\/a><\/li>\n<li><a href=\"http:\/\/kie.ue.poznan.pl\/pl\/contexts\/\">Contexts<\/a><\/li>\n<li><a href=\"http:\/\/kie.ue.poznan.pl\/pl\/service-web-3-0\/\">Service Web 3.0<\/a><\/li>\n<li><a href=\"http:\/\/kie.ue.poznan.pl\/pl\/platforma-integracyjna\/\">Platforma integracyjna jako metodologia tworzenia rozwi\u0105za\u0144 dla instytucja samorz\u0105du terytorialnego<\/a><\/li>\n<li><a href=\"http:\/\/kie.ue.poznan.pl\/pl\/semantic-utilised-for-process-management-within-and-between-enterprises\/\">Semantic Utilised for Process Management within and between Enterprises<\/a><\/li>\n<li><a href=\"http:\/\/kie.ue.poznan.pl\/pl\/time-determined-ontology-based-information-system-for-real-time-stock-market-analysis\/\">Time-determined ontology based information system for real time stock market analysis<\/a><\/li>\n<li><a href=\"http:\/\/kie.ue.poznan.pl\/pl\/use-me-gov\/\">Use-Me.Gov &#8211; Usability-driven Open Platform for Mobile Government<\/a><\/li>\n<li><a href=\"http:\/\/kie.ue.poznan.pl\/pl\/enhanced-information-retrieval-and-filtering-for-analytical-systems\/\">enhanced Information Retrieval and Filtering for Analytical Systems<\/a><\/li>\n<li><a href=\"http:\/\/kie.ue.poznan.pl\/pl\/adaptive-services-grid\/\">Adaptive Services Grid<\/a><\/li>\n<li><a href=\"http:\/\/kie.ue.poznan.pl\/pl\/seneca\/\">SENECA: Semantic Networks and Categorization<\/a><\/li>\n<li><a href=\"http:\/\/kie.ue.poznan.pl\/pl\/eastweb\/\">EastWeb<\/a><\/li>\n<li><a href=\"http:\/\/kie.ue.poznan.pl\/pl\/mobileif\/\">mobileIF &#8211; mobile Information Filtering<\/a><\/li>\n<li><a href=\"http:\/\/kie.ue.poznan.pl\/pl\/everest\/\">eVEREst &#8211; enhanced Value Estimation of Real Estates<\/a><\/li>\n<li><a href=\"http:\/\/kie.ue.poznan.pl\/pl\/enhanced-knowledge-warehouse\/\">enhanced Knowledge Warehouse<\/a><\/li>\n<li><a href=\"http:\/\/kie.ue.poznan.pl\/pl\/distance-learning-platform\/\">The Distance Learning Platform<\/a><\/li>\n<li><a href=\"http:\/\/kie.ue.poznan.pl\/pl\/semiramida\/\">SEMIRAMIDA &#8211; Semantic Models of Risk Description for Insurances<\/a><\/li>\n<\/ul>\n","protected":false},"excerpt":{"rendered":"<p>OpenFact &#8211; weryfikacja wiarygodno\u015bci \u017ar\u00f3de\u0142 informacji w internecie oraz detekcji fa\u0142szywych informacji SIMMO II &#8211; analiza danych morskich, kt\u00f3ra jest oparta o nowoczesne metody data science oraz technologie Big Data HANSA &#8211; Retrospektywna analiza danych AIS dla cel\u00f3w poprawy bezpiecze\u0144stwa nawigacji poprzez okre\u015blanie rekomendowanych korytarzy SIMMO: System do Inteligentnego Monitoringu MOrskiego e-UM: elektronizacja us\u0142ug i wymiany korespondencji w Urz\u0119dach Marsza\u0142kowskich Wojew\u00f3dztw Wielkopolskiego i Kujawsko-Pomorskiego Smart Data Analysis for the Support <a href=\"https:\/\/kie.ue.poznan.pl\/pl\/projekty\/\" class=\"read-more\">&#8230; Wi\u0119cej informacji<\/a><\/p>\n","protected":false},"author":1,"featured_media":498,"parent":0,"menu_order":0,"comment_status":"closed","ping_status":"closed","template":"","meta":{"footnotes":""},"class_list":["post-136","page","type-page","status-publish","has-post-thumbnail","hentry"],"_links":{"self":[{"href":"https:\/\/kie.ue.poznan.pl\/pl\/wp-json\/wp\/v2\/pages\/136","targetHints":{"allow":["GET"]}}],"collection":[{"href":"https:\/\/kie.ue.poznan.pl\/pl\/wp-json\/wp\/v2\/pages"}],"about":[{"href":"https:\/\/kie.ue.poznan.pl\/pl\/wp-json\/wp\/v2\/types\/page"}],"author":[{"embeddable":true,"href":"https:\/\/kie.ue.poznan.pl\/pl\/wp-json\/wp\/v2\/users\/1"}],"replies":[{"embeddable":true,"href":"https:\/\/kie.ue.poznan.pl\/pl\/wp-json\/wp\/v2\/comments?post=136"}],"version-history":[{"count":0,"href":"https:\/\/kie.ue.poznan.pl\/pl\/wp-json\/wp\/v2\/pages\/136\/revisions"}],"wp:featuredmedia":[{"embeddable":true,"href":"https:\/\/kie.ue.poznan.pl\/pl\/wp-json\/wp\/v2\/media\/498"}],"wp:attachment":[{"href":"https:\/\/kie.ue.poznan.pl\/pl\/wp-json\/wp\/v2\/media?parent=136"}],"curies":[{"name":"wp","href":"https:\/\/api.w.org\/{rel}","templated":true}]}}