{"id":143,"date":"2020-07-14T19:46:04","date_gmt":"2020-07-14T17:46:04","guid":{"rendered":"http:\/\/kie.ue.poznan.pl\/pl\/?page_id=143"},"modified":"2020-07-14T19:46:12","modified_gmt":"2020-07-14T17:46:12","slug":"simmo","status":"publish","type":"page","link":"https:\/\/kie.ue.poznan.pl\/pl\/simmo\/","title":{"rendered":"SIMMO: System do Inteligentnego Monitoringu MOrskiego"},"content":{"rendered":"<p>Celem projektu \u201cSIMMO: System do Inteligentnego Monitoringu MOrskiego\u201d jest opracowanie prototypu systemu do monitoringu i analizy aktualnej sytuacji na morzu, wspieraj\u0105cego r\u00f3\u017cne podmioty dzia\u0142aj\u0105ce w sektorze morskim w podejmowaniu decyzji.<br \/>\nW ramach projektu opracowane zostan\u0105 metody do automatycznego i ci\u0105g\u0142ego pobierania, przetwarzania i wzbogacania danych pochodz\u0105cych z dw\u00f3ch typ\u00f3w \u017ar\u00f3de\u0142:<\/p>\n<ol>\n<li>Satelitarnego i naziemnego Systemu Automatycznej Identyfikacji (AIS), kt\u00f3ry dostarcza mi\u0119dzy innymi og\u00f3lne informacje o statkach i ich po\u0142o\u017ceniu<\/li>\n<li>Otwartych \u017ar\u00f3de\u0142 internetowych, kt\u00f3re dostarczaj\u0105 dodatkowe informacje o statkach.<\/li>\n<\/ol>\n<p>Rzeczywiste dane z obu \u017ar\u00f3de\u0142 b\u0119d\u0105 automatycznie integrowane i analizowane. W ramach projektu opracowane zostan\u0105 mechanizmy wnioskowania, maj\u0105ce  na celu wykrycie statk\u00f3w, stanowi\u0105cych potencjalne zagro\u017cenie. Wzbogacone dane o statkach oraz wykryte zagro\u017cenia b\u0119d\u0105 wizualizowane, w celu umo\u017cliwienia u\u017cytkownikowi obserwacji aktualnej sytuacji na morzu i \u015bledzenia podejrzanych statk\u00f3w.<br \/>\nProjekt realizowany jest przez konsorcjum sk\u0142adaj\u0105ce si\u0119 z 2 partner\u00f3w:<\/p>\n<ul>\n<li>Uniwersytet Ekonomiczny w Poznaniu (Lider)<\/li>\n<li>LuxSpace Sarl<\/li>\n<\/ul>\n<p>Projekt SIMMO jest finansowany ze \u015brodk\u00f3w Europejskiej Agencji Obrony w ramach Programu \u201cThe Defence R&amp;T Joint Investment Programme on Second Innovative Concepts and Emerging Technologies (JIP-ICET 2)\u201d, konkurs \u201cSecond Innovative Concepts and Emerging Technologies ICET 2\u201d. Realizacja projektu odbywa si\u0119 w okresie 30.10.2014 &#8211; 31.12.2015.<\/p>\n<p><img decoding=\"async\" src=\"\/pliki\/webimg\/projects\/simmo\/simmo_partners.jpg\"><\/p>\n","protected":false},"excerpt":{"rendered":"<p>Celem projektu \u201cSIMMO: System do Inteligentnego Monitoringu MOrskiego\u201d jest opracowanie prototypu systemu do monitoringu i analizy aktualnej sytuacji na morzu, wspieraj\u0105cego r\u00f3\u017cne podmioty dzia\u0142aj\u0105ce w sektorze morskim w podejmowaniu decyzji. W ramach projektu opracowane zostan\u0105 metody do automatycznego i ci\u0105g\u0142ego pobierania, przetwarzania i wzbogacania danych pochodz\u0105cych z dw\u00f3ch typ\u00f3w \u017ar\u00f3de\u0142: Satelitarnego i naziemnego Systemu Automatycznej Identyfikacji (AIS), kt\u00f3ry dostarcza mi\u0119dzy innymi og\u00f3lne informacje o statkach i ich po\u0142o\u017ceniu Otwartych \u017ar\u00f3de\u0142 <a href=\"https:\/\/kie.ue.poznan.pl\/pl\/simmo\/\" class=\"read-more\">&#8230; Wi\u0119cej informacji<\/a><\/p>\n","protected":false},"author":1,"featured_media":0,"parent":0,"menu_order":0,"comment_status":"closed","ping_status":"closed","template":"","meta":{"footnotes":""},"class_list":["post-143","page","type-page","status-publish","hentry"],"_links":{"self":[{"href":"https:\/\/kie.ue.poznan.pl\/pl\/wp-json\/wp\/v2\/pages\/143","targetHints":{"allow":["GET"]}}],"collection":[{"href":"https:\/\/kie.ue.poznan.pl\/pl\/wp-json\/wp\/v2\/pages"}],"about":[{"href":"https:\/\/kie.ue.poznan.pl\/pl\/wp-json\/wp\/v2\/types\/page"}],"author":[{"embeddable":true,"href":"https:\/\/kie.ue.poznan.pl\/pl\/wp-json\/wp\/v2\/users\/1"}],"replies":[{"embeddable":true,"href":"https:\/\/kie.ue.poznan.pl\/pl\/wp-json\/wp\/v2\/comments?post=143"}],"version-history":[{"count":0,"href":"https:\/\/kie.ue.poznan.pl\/pl\/wp-json\/wp\/v2\/pages\/143\/revisions"}],"wp:attachment":[{"href":"https:\/\/kie.ue.poznan.pl\/pl\/wp-json\/wp\/v2\/media?parent=143"}],"curies":[{"name":"wp","href":"https:\/\/api.w.org\/{rel}","templated":true}]}}