{"id":144,"date":"2020-07-14T19:49:10","date_gmt":"2020-07-14T17:49:10","guid":{"rendered":"http:\/\/kie.ue.poznan.pl\/pl\/?page_id=144"},"modified":"2020-07-14T19:49:20","modified_gmt":"2020-07-14T17:49:20","slug":"e-um","status":"publish","type":"page","link":"https:\/\/kie.ue.poznan.pl\/pl\/e-um\/","title":{"rendered":"e-UM: : elektronizacja us\u0142ug i wymiany korespondencji w Urz\u0119dach Marsza\u0142kowskich Wojew\u00f3dztw Wielkopolskiego i Kujawsko-Pomorskiego"},"content":{"rendered":"<p>Projekt &#8222;e-UM: elektronizacja us\u0142ug i wymiany korespondencji w Urz\u0119dach Marsza\u0142kowskich Wojew\u00f3dztw Wielkopolskiego i Kujawsko-Pomorskiego&#8221; jest narz\u0119dziem, kt\u00f3re ma wzmocni\u0107 potencja\u0142 oraz zmodernizowa\u0107 system zarz\u0105dzania administracji samorz\u0105dowej w wojew\u00f3dztwie wielkopolskim i kujawsko-pomorskim. Projekt e-UM ma rozwi\u0105za\u0107 problem nie\u015bwiadomo\u015bci mieszka\u0144c\u00f3w wojew\u00f3dztw obj\u0119tych projektem na temat mo\u017cliwo\u015bci wykorzystywania us\u0142ug elektronicznych w zwi\u0105zku ze sprawnym za\u0142atwianiem spraw urz\u0119dowych. Tym samym planowany jest wzrost \u015bwiadczonych e-us\u0142ug oraz przyrost elektronizacji dotychczasowych us\u0142ug \u015bwiadczonych przez jednostki samorz\u0105du terytorialnego za pomoc\u0105 platformy ePUAP lub platformy regionalnej kompatybilnej z ePUAP. Elektronizacja us\u0142ug b\u0119dzie mo\u017cliwa m.in. dzi\u0119ki wdro\u017ceniu podej\u015bcia procesowego, dokonaniu mapowania proces\u00f3w administracyjnych na e-us\u0142ugi oraz wdro\u017ceniu i modernizacji nowoczesnych rozwi\u0105za\u0144 informatycznych takich jak m.in. dziedzinowy system informatyczny czy wyszukiwarka akt\u00f3w prawnych. <\/p>\n<p>W projekcie e-UM bior\u0105 udzia\u0142 trzy podmioty:<\/p>\n<p>1) Urz\u0105d Marsza\u0142kowski Wojew\u00f3dztwa Wielkopolskiego w Poznaniu<br \/>\n2) Urz\u0105d Marsza\u0142kowski Wojew\u00f3dztwa Kujawsko-Pomorskiego w Toruniu<br \/>\n3) Uniwersytet Ekonomiczny w Poznaniu<\/p>\n<p>Z kolei odbiorcami projektu s\u0105 wszyscy mieszka\u0144cy wymienionych wojew\u00f3dztw, a tak\u017ce pracownicy jednostek samorz\u0105d\u00f3w terytorialnych i organ\u00f3w administracji publicznej, kt\u00f3rzy dzi\u0119ki przewidzianym szkoleniom, konferencjom i akcjom promocyjnym b\u0119d\u0105 informowani o mo\u017cliwo\u015bciach wygodnego, szybkiego oraz elektronicznego za\u0142atwiania spraw urz\u0119dowych. <\/p>\n<p>Projekt &#8222;e-UM: elektronizacja us\u0142ug i wymiany korespondencji w Urz\u0119dach Marsza\u0142kowskich Wojew\u00f3dztw Wielkopolskiego i Kujawsko-Pomorskiego&#8221; finansowany jest ze \u017ar\u00f3de\u0142 Programu Operacyjnego Kapita\u0142 Ludzki, nr konkursu 2\/POKL\/5.2.1\/2013. Realizacja projektu odbywa si\u0119 w okresie do 01.04.2014 do 31.08.2015 roku. Numer projektu: POKL.05.02.01-00-002\/14.<\/p>\n","protected":false},"excerpt":{"rendered":"<p>Projekt &#8222;e-UM: elektronizacja us\u0142ug i wymiany korespondencji w Urz\u0119dach Marsza\u0142kowskich Wojew\u00f3dztw Wielkopolskiego i Kujawsko-Pomorskiego&#8221; jest narz\u0119dziem, kt\u00f3re ma wzmocni\u0107 potencja\u0142 oraz zmodernizowa\u0107 system zarz\u0105dzania administracji samorz\u0105dowej w wojew\u00f3dztwie wielkopolskim i kujawsko-pomorskim. Projekt e-UM ma rozwi\u0105za\u0107 problem nie\u015bwiadomo\u015bci mieszka\u0144c\u00f3w wojew\u00f3dztw obj\u0119tych projektem na temat mo\u017cliwo\u015bci wykorzystywania us\u0142ug elektronicznych w zwi\u0105zku ze sprawnym za\u0142atwianiem spraw urz\u0119dowych. Tym samym planowany jest wzrost \u015bwiadczonych e-us\u0142ug oraz przyrost elektronizacji dotychczasowych us\u0142ug \u015bwiadczonych przez jednostki samorz\u0105du <a href=\"https:\/\/kie.ue.poznan.pl\/pl\/e-um\/\" class=\"read-more\">&#8230; Wi\u0119cej informacji<\/a><\/p>\n","protected":false},"author":1,"featured_media":0,"parent":0,"menu_order":0,"comment_status":"closed","ping_status":"closed","template":"","meta":{"footnotes":""},"class_list":["post-144","page","type-page","status-publish","hentry"],"_links":{"self":[{"href":"https:\/\/kie.ue.poznan.pl\/pl\/wp-json\/wp\/v2\/pages\/144","targetHints":{"allow":["GET"]}}],"collection":[{"href":"https:\/\/kie.ue.poznan.pl\/pl\/wp-json\/wp\/v2\/pages"}],"about":[{"href":"https:\/\/kie.ue.poznan.pl\/pl\/wp-json\/wp\/v2\/types\/page"}],"author":[{"embeddable":true,"href":"https:\/\/kie.ue.poznan.pl\/pl\/wp-json\/wp\/v2\/users\/1"}],"replies":[{"embeddable":true,"href":"https:\/\/kie.ue.poznan.pl\/pl\/wp-json\/wp\/v2\/comments?post=144"}],"version-history":[{"count":0,"href":"https:\/\/kie.ue.poznan.pl\/pl\/wp-json\/wp\/v2\/pages\/144\/revisions"}],"wp:attachment":[{"href":"https:\/\/kie.ue.poznan.pl\/pl\/wp-json\/wp\/v2\/media?parent=144"}],"curies":[{"name":"wp","href":"https:\/\/api.w.org\/{rel}","templated":true}]}}