{"id":145,"date":"2020-07-14T19:50:18","date_gmt":"2020-07-14T17:50:18","guid":{"rendered":"http:\/\/kie.ue.poznan.pl\/pl\/?page_id=145"},"modified":"2020-07-14T19:50:37","modified_gmt":"2020-07-14T17:50:37","slug":"smart-data-analysis-for-the-support-of-rational-decision-making-in-the-energy-sector","status":"publish","type":"page","link":"https:\/\/kie.ue.poznan.pl\/pl\/smart-data-analysis-for-the-support-of-rational-decision-making-in-the-energy-sector\/","title":{"rendered":"Smart Data Analysis for the Support of Rational Decision Making in the Energy Sector"},"content":{"rendered":"<p>Projekt jest odpowiedzi\u0105 na potrzeby analityk\u00f3w sektora energetycznego, kt\u00f3rzy s\u0105 zainteresowani posiadaniem modeli umo\u017cliwiaj\u0105cych przygotowanie mo\u017cliwie dok\u0142adnych prognoz zapotrzebowania i generacji energii elektrycznej w odnawialnych \u017ar\u00f3d\u0142ach energii (OZE) na sztucznie wyznaczonym obszarze oraz informacji o tym jaki wyd\u017awi\u0119k w\u015br\u00f3d klient\u00f3w posiada oferta danego operatora. W wyniku prac przygotowana zostanie rozszerzona wersja przygotowanego prototypu aplikacji z wykorzystaniem SAP HANA i Crystal Reports. Projekt koncentruje si\u0119 na analizie danych ustrukturyzowanych, takich jak historyczne zu\u017cycie energii i historyczna generacja energii z OZE, danych meteorologicznych, kt\u00f3re s\u0105 silnie skorelowane z danymi energetycznymi, a tak\u017ce na analizie danych nieustrukturyzowanych, dost\u0119pnych na portalach i forach internetowych, kt\u00f3re mog\u0105 zawiera\u0107 opinie od obecnych i przysz\u0142ych klient\u00f3w o ofercie i produktach dostawc\u00f3w energii.<\/p>\n<p>W maju 2014 roku projekt zosta\u0142 wyr\u00f3\u017cniony przez HPI tytu\u0142em \u201eProjekt Miesi\u0105ca\u201d. <\/p>\n<p>Czas trwania: Kwiecie\u0144 2014 \u2013 Wrzesie\u0144 2014<\/p>\n<p><small><b>Strona zewn\u0119trzna projektu:<\/b> <\/p>\n<p><a href=\"http:\/\/hpi.de\/en\/research\/future-soc-lab\/project-of-the-month.html\" title=\"http:\/\/hpi.de\/en\/research\/future-soc-lab\/project-of-the-month.html\">http:\/\/hpi.de\/en\/research\/future-soc-lab\/project-of-the-month.html<\/a><\/p>\n<p><\/small><\/p>\n","protected":false},"excerpt":{"rendered":"<p>Projekt jest odpowiedzi\u0105 na potrzeby analityk\u00f3w sektora energetycznego, kt\u00f3rzy s\u0105 zainteresowani posiadaniem modeli umo\u017cliwiaj\u0105cych przygotowanie mo\u017cliwie dok\u0142adnych prognoz zapotrzebowania i generacji energii elektrycznej w odnawialnych \u017ar\u00f3d\u0142ach energii (OZE) na sztucznie wyznaczonym obszarze oraz informacji o tym jaki wyd\u017awi\u0119k w\u015br\u00f3d klient\u00f3w posiada oferta danego operatora. W wyniku prac przygotowana zostanie rozszerzona wersja przygotowanego prototypu aplikacji z wykorzystaniem SAP HANA i Crystal Reports. Projekt koncentruje si\u0119 na analizie danych ustrukturyzowanych, takich jak <a href=\"https:\/\/kie.ue.poznan.pl\/pl\/smart-data-analysis-for-the-support-of-rational-decision-making-in-the-energy-sector\/\" class=\"read-more\">&#8230; Wi\u0119cej informacji<\/a><\/p>\n","protected":false},"author":1,"featured_media":0,"parent":0,"menu_order":0,"comment_status":"closed","ping_status":"closed","template":"","meta":{"footnotes":""},"class_list":["post-145","page","type-page","status-publish","hentry"],"_links":{"self":[{"href":"https:\/\/kie.ue.poznan.pl\/pl\/wp-json\/wp\/v2\/pages\/145","targetHints":{"allow":["GET"]}}],"collection":[{"href":"https:\/\/kie.ue.poznan.pl\/pl\/wp-json\/wp\/v2\/pages"}],"about":[{"href":"https:\/\/kie.ue.poznan.pl\/pl\/wp-json\/wp\/v2\/types\/page"}],"author":[{"embeddable":true,"href":"https:\/\/kie.ue.poznan.pl\/pl\/wp-json\/wp\/v2\/users\/1"}],"replies":[{"embeddable":true,"href":"https:\/\/kie.ue.poznan.pl\/pl\/wp-json\/wp\/v2\/comments?post=145"}],"version-history":[{"count":0,"href":"https:\/\/kie.ue.poznan.pl\/pl\/wp-json\/wp\/v2\/pages\/145\/revisions"}],"wp:attachment":[{"href":"https:\/\/kie.ue.poznan.pl\/pl\/wp-json\/wp\/v2\/media?parent=145"}],"curies":[{"name":"wp","href":"https:\/\/api.w.org\/{rel}","templated":true}]}}