{"id":146,"date":"2020-07-14T20:11:43","date_gmt":"2020-07-14T18:11:43","guid":{"rendered":"http:\/\/kie.ue.poznan.pl\/pl\/?page_id=146"},"modified":"2020-07-14T20:11:43","modified_gmt":"2020-07-14T18:11:43","slug":"is-link","status":"publish","type":"page","link":"https:\/\/kie.ue.poznan.pl\/pl\/is-link\/","title":{"rendered":"IS-LINK"},"content":{"rendered":"<p>IS:link jest sieci\u0105 renomowanych instytut\u00f3w i wydzia\u0142\u00f3w uczelni z ca\u0142ego \u015bwiata, zajmuj\u0105cych si\u0119 dziedzin\u0105 System\u00f3w Informacyjnych (IS). Program umo\u017cliwia wymiany student\u00f3wi i spo\u0142eczno\u015bci akademickich zwi\u0105zanych z dziedzin\u0105 IS. IS:link wspiera student\u00f3w i uczelnie w planowaniu \u015bcie\u017cki studi\u00f3w za granic\u0105 oraz bada\u0144 naukowych, kt\u00f3re b\u0119d\u0105 bezpo\u015brednio dostosowane do program\u00f3w studi\u00f3w oraz dziedzin, kt\u00f3rymi zajmuj\u0105 si\u0119 na uczelniach macierzystych. <\/p>\n<p><small><b>Strona zewn\u0119trzna projektu:<\/b> <\/p>\n<p><a href=\"http:\/\/www.is-link.org\/\" title=\"http:\/\/www.is-link.org\/\">http:\/\/www.is-link.org\/<\/a><\/p>\n<p><\/small><\/p>\n","protected":false},"excerpt":{"rendered":"<p>IS:link jest sieci\u0105 renomowanych instytut\u00f3w i wydzia\u0142\u00f3w uczelni z ca\u0142ego \u015bwiata, zajmuj\u0105cych si\u0119 dziedzin\u0105 System\u00f3w Informacyjnych (IS). Program umo\u017cliwia wymiany student\u00f3wi i spo\u0142eczno\u015bci akademickich zwi\u0105zanych z dziedzin\u0105 IS. IS:link wspiera student\u00f3w i uczelnie w planowaniu \u015bcie\u017cki studi\u00f3w za granic\u0105 oraz bada\u0144 naukowych, kt\u00f3re b\u0119d\u0105 bezpo\u015brednio dostosowane do program\u00f3w studi\u00f3w oraz dziedzin, kt\u00f3rymi zajmuj\u0105 si\u0119 na uczelniach macierzystych. Strona zewn\u0119trzna projektu: http:\/\/www.is-link.org\/<\/p>\n","protected":false},"author":1,"featured_media":0,"parent":0,"menu_order":0,"comment_status":"closed","ping_status":"closed","template":"","meta":{"footnotes":""},"class_list":["post-146","page","type-page","status-publish","hentry"],"_links":{"self":[{"href":"https:\/\/kie.ue.poznan.pl\/pl\/wp-json\/wp\/v2\/pages\/146","targetHints":{"allow":["GET"]}}],"collection":[{"href":"https:\/\/kie.ue.poznan.pl\/pl\/wp-json\/wp\/v2\/pages"}],"about":[{"href":"https:\/\/kie.ue.poznan.pl\/pl\/wp-json\/wp\/v2\/types\/page"}],"author":[{"embeddable":true,"href":"https:\/\/kie.ue.poznan.pl\/pl\/wp-json\/wp\/v2\/users\/1"}],"replies":[{"embeddable":true,"href":"https:\/\/kie.ue.poznan.pl\/pl\/wp-json\/wp\/v2\/comments?post=146"}],"version-history":[{"count":0,"href":"https:\/\/kie.ue.poznan.pl\/pl\/wp-json\/wp\/v2\/pages\/146\/revisions"}],"wp:attachment":[{"href":"https:\/\/kie.ue.poznan.pl\/pl\/wp-json\/wp\/v2\/media?parent=146"}],"curies":[{"name":"wp","href":"https:\/\/api.w.org\/{rel}","templated":true}]}}