{"id":147,"date":"2020-07-14T20:11:54","date_gmt":"2020-07-14T18:11:54","guid":{"rendered":"http:\/\/kie.ue.poznan.pl\/pl\/?page_id=147"},"modified":"2020-07-14T20:11:54","modified_gmt":"2020-07-14T18:11:54","slug":"contexts","status":"publish","type":"page","link":"https:\/\/kie.ue.poznan.pl\/pl\/contexts\/","title":{"rendered":"Contexts"},"content":{"rendered":"<p>Context jest wewn\u0119trznym projektem Katedry, kt\u00f3rego celem jest zbudowanie modelu systemu, umo\u017cliwiaj\u0105cego kontekstowe indeksowanie oraz filtrowanie dokument\u00f3w w j\u0119zyku polskim.<\/p>\n<p>Pierwsza faza projektu skupia si\u0119 na opracowaniu metod identyfikacji i rozr\u00f3\u017cniania poj\u0119\u0107 w tekstach w j\u0119zyku naturalnym. W projekcie przyj\u0119to pi\u0119\u0107 podstawowych kategorii poj\u0119\u0107 okre\u015blaj\u0105cych kontekst dokumentu:<\/p>\n<ol>\n<li> lokalizacja, <\/li>\n<li> organizacja, <\/li>\n<li> osoba, <\/li>\n<li> produkt oraz <\/li>\n<li> okre\u015blenia czasowe. <\/li>\n<\/ol>\n<p>W drugiej fazie zostanie opracowany model wielowymiarowego indeksowania tre\u015bci dokument\u00f3w w j\u0119zyku naturalnym. <\/p>\n<p>Rezultaty projektu zostan\u0105 wykorzystywane w systemie wspieraj\u0105cym:<\/p>\n<ol>\n<li> szacowanie warto\u015bci nieruchomo\u015bci i <\/li>\n<li> agregacj\u0119 informacji dla bada\u0144 z zakresu public relations. <\/li>\n<\/ol>\n","protected":false},"excerpt":{"rendered":"<p>Context jest wewn\u0119trznym projektem Katedry, kt\u00f3rego celem jest zbudowanie modelu systemu, umo\u017cliwiaj\u0105cego kontekstowe indeksowanie oraz filtrowanie dokument\u00f3w w j\u0119zyku polskim. Pierwsza faza projektu skupia si\u0119 na opracowaniu metod identyfikacji i rozr\u00f3\u017cniania poj\u0119\u0107 w tekstach w j\u0119zyku naturalnym. W projekcie przyj\u0119to pi\u0119\u0107 podstawowych kategorii poj\u0119\u0107 okre\u015blaj\u0105cych kontekst dokumentu: lokalizacja, organizacja, osoba, produkt oraz okre\u015blenia czasowe. W drugiej fazie zostanie opracowany model wielowymiarowego indeksowania tre\u015bci dokument\u00f3w w j\u0119zyku naturalnym. Rezultaty projektu zostan\u0105 <a href=\"https:\/\/kie.ue.poznan.pl\/pl\/contexts\/\" class=\"read-more\">&#8230; Wi\u0119cej informacji<\/a><\/p>\n","protected":false},"author":1,"featured_media":0,"parent":0,"menu_order":0,"comment_status":"closed","ping_status":"closed","template":"","meta":{"footnotes":""},"class_list":["post-147","page","type-page","status-publish","hentry"],"_links":{"self":[{"href":"https:\/\/kie.ue.poznan.pl\/pl\/wp-json\/wp\/v2\/pages\/147","targetHints":{"allow":["GET"]}}],"collection":[{"href":"https:\/\/kie.ue.poznan.pl\/pl\/wp-json\/wp\/v2\/pages"}],"about":[{"href":"https:\/\/kie.ue.poznan.pl\/pl\/wp-json\/wp\/v2\/types\/page"}],"author":[{"embeddable":true,"href":"https:\/\/kie.ue.poznan.pl\/pl\/wp-json\/wp\/v2\/users\/1"}],"replies":[{"embeddable":true,"href":"https:\/\/kie.ue.poznan.pl\/pl\/wp-json\/wp\/v2\/comments?post=147"}],"version-history":[{"count":0,"href":"https:\/\/kie.ue.poznan.pl\/pl\/wp-json\/wp\/v2\/pages\/147\/revisions"}],"wp:attachment":[{"href":"https:\/\/kie.ue.poznan.pl\/pl\/wp-json\/wp\/v2\/media?parent=147"}],"curies":[{"name":"wp","href":"https:\/\/api.w.org\/{rel}","templated":true}]}}