{"id":148,"date":"2020-07-14T20:12:12","date_gmt":"2020-07-14T18:12:12","guid":{"rendered":"http:\/\/kie.ue.poznan.pl\/pl\/?page_id=148"},"modified":"2020-07-14T20:12:17","modified_gmt":"2020-07-14T18:12:17","slug":"distance-learning-platform","status":"publish","type":"page","link":"https:\/\/kie.ue.poznan.pl\/pl\/distance-learning-platform\/","title":{"rendered":"The Distance Learning Platform"},"content":{"rendered":"<p>Projekt badawczy D-Leap, prowadzony przez Katedr\u0119 Informatyki Ekonomicznej, skupia si\u0119 na opracowaniu systemu e-learningowego zorientowanego na cel. System wykorzystuje technologie e-marketplace w celu stworzenia e-makretplace&#8217;u wiedzy, \u0142\u0105cz\u0105cego rozproszonych kupuj\u0105cych i sprzedawc\u00f3w. Prezentujemy rozwi\u0105zanie integruj\u0105ce mechanizmy biznesowe (np. analiz\u0119 zaopatrzenia i popytu), telemetrii, zarz\u0105dzania dokumentami, zarz\u0105dzania umiej\u0119tno\u015bciami oraz narz\u0119dzia e-learningowe. Prototypowe rozwi\u0105zanie wykorzystuje najnowocze\u015bniejsze technologie portali webowych oraz system\u00f3w zarz\u0105dzania danymi w formie cyfrowej, zapewniaj\u0105c sp\u00f3jn\u0105 i powszechn\u0105 platform\u0119, pozwalaj\u0105c\u0105 u\u017cytkownikom systemu na prac\u0119, komunikacj\u0119 i dzielenie si\u0119 wiedz\u0105. Aktualnie, rozwi\u0105zanie jest wykorzystywane jako repozytorium materia\u0142\u00f3w w formie elektronicznej, wykorzystywanych w procesach dydaktycznych, jako platforma wspieraj\u0105ca tworzenie dokument\u00f3w badawczych oraz narz\u0119dzie wspieraj\u0105ce codzienne nauczanie. Zar\u00f3wno komponenty systemu (zaimplementowane jako us\u0142ugi sieciowe), jak i struktury danych wspieraj\u0105 wsp\u00f3\u0142prac\u0119 pomi\u0119dzy u\u017cytkownikami. Platforma pomaga w dzieleniu si\u0119 wiedz\u0105, niezale\u017cnie od dziedziny, jakiej ta wiedza dotyczy. System  jest r\u00f3wnie\u017c platform\u0105 testow\u0105 dla implementowanych map temat\u00f3w, wykorzystywanych do zarz\u0105dzania wiedz\u0105. S\u0105 one projektowane tak, aby z jednej strony odzwierciedla\u0107 umiej\u0119tno\u015bci u\u017cytkownika oraz jego popyt na wiedz\u0119, oraz z drugiej strony &#8211; kompetencje systemu. Po\u0142\u0105czenie tych dw\u00f3ch element\u00f3w skutkuje zwi\u0119kszeniem efektywno\u015bci nauczania.<\/p>\n","protected":false},"excerpt":{"rendered":"<p>Projekt badawczy D-Leap, prowadzony przez Katedr\u0119 Informatyki Ekonomicznej, skupia si\u0119 na opracowaniu systemu e-learningowego zorientowanego na cel. System wykorzystuje technologie e-marketplace w celu stworzenia e-makretplace&#8217;u wiedzy, \u0142\u0105cz\u0105cego rozproszonych kupuj\u0105cych i sprzedawc\u00f3w. Prezentujemy rozwi\u0105zanie integruj\u0105ce mechanizmy biznesowe (np. analiz\u0119 zaopatrzenia i popytu), telemetrii, zarz\u0105dzania dokumentami, zarz\u0105dzania umiej\u0119tno\u015bciami oraz narz\u0119dzia e-learningowe. Prototypowe rozwi\u0105zanie wykorzystuje najnowocze\u015bniejsze technologie portali webowych oraz system\u00f3w zarz\u0105dzania danymi w formie cyfrowej, zapewniaj\u0105c sp\u00f3jn\u0105 i powszechn\u0105 platform\u0119, pozwalaj\u0105c\u0105 u\u017cytkownikom <a href=\"https:\/\/kie.ue.poznan.pl\/pl\/distance-learning-platform\/\" class=\"read-more\">&#8230; Wi\u0119cej informacji<\/a><\/p>\n","protected":false},"author":1,"featured_media":0,"parent":0,"menu_order":0,"comment_status":"closed","ping_status":"closed","template":"","meta":{"footnotes":""},"class_list":["post-148","page","type-page","status-publish","hentry"],"_links":{"self":[{"href":"https:\/\/kie.ue.poznan.pl\/pl\/wp-json\/wp\/v2\/pages\/148","targetHints":{"allow":["GET"]}}],"collection":[{"href":"https:\/\/kie.ue.poznan.pl\/pl\/wp-json\/wp\/v2\/pages"}],"about":[{"href":"https:\/\/kie.ue.poznan.pl\/pl\/wp-json\/wp\/v2\/types\/page"}],"author":[{"embeddable":true,"href":"https:\/\/kie.ue.poznan.pl\/pl\/wp-json\/wp\/v2\/users\/1"}],"replies":[{"embeddable":true,"href":"https:\/\/kie.ue.poznan.pl\/pl\/wp-json\/wp\/v2\/comments?post=148"}],"version-history":[{"count":0,"href":"https:\/\/kie.ue.poznan.pl\/pl\/wp-json\/wp\/v2\/pages\/148\/revisions"}],"wp:attachment":[{"href":"https:\/\/kie.ue.poznan.pl\/pl\/wp-json\/wp\/v2\/media?parent=148"}],"curies":[{"name":"wp","href":"https:\/\/api.w.org\/{rel}","templated":true}]}}