{"id":149,"date":"2020-07-14T20:13:08","date_gmt":"2020-07-14T18:13:08","guid":{"rendered":"http:\/\/kie.ue.poznan.pl\/pl\/?page_id=149"},"modified":"2020-07-14T20:13:38","modified_gmt":"2020-07-14T18:13:38","slug":"eastweb","status":"publish","type":"page","link":"https:\/\/kie.ue.poznan.pl\/pl\/eastweb\/","title":{"rendered":"EastWeb"},"content":{"rendered":"<p><img decoding=\"async\" style=\"float:right; margin:5px;\" src=\"\/pliki\/webimg\/projects\/eastweb.png\" title=\"\"\/><\/p>\n<p>Projekt ma na celu zintegrowanie spo\u0142eczno\u015bci z czo\u0142owych europejskich i azjatyckich jednostek badawczych i edukacyjnych, zajmuj\u0105cych si\u0119 zagadnieniem Internetu Semantycznego. Bezpo\u015brednie grupy docelowe projektu obejmuj\u0105 absolwent\u00f3w uczelni wy\u017cszych, pracownik\u00f3w naukowych oraz pracownik\u00f3w zajmuj\u0105cych si\u0119 zarz\u0105dzaniem organizacjami. Po\u015brednie grupy docelowe to: studenci z Europy i Azji, badacze oraz inni pracownicy wspomnianych instytucji. Projekt obejmuje dzia\u0142ania podejmowane w ramach trzech g\u0142\u00f3wnych akcji:<\/p>\n<ol>\n<li> Rozwijanie zasob\u00f3w ludzkich: wsp\u00f3lne nauczanie i opieka promotorska dla student\u00f3w studi\u00f3w magisterskich i doktorant\u00f3w; integracja i wsp\u00f3\u0142praca pomi\u0119dzy do\u015bwiadczonymi i m\u0142odymi cz\u0142onkami zespo\u0142\u00f3w badawczych; kszta\u0142cenie kolejnej generacji pedagog\u00f3w z dziedziny IT oraz specjalist\u00f3w z zakresu zaz\u0105dzania IT w przedsi\u0119biorstwie.<\/li>\n<li> Platforma do uczenia na odleg\u0142o\u015b\u0107 oraz zarz\u0105dzania wiedz\u0105: aby wspiera\u0107 aktualne i przysz\u0142e dzia\u0142ania, r\u00f3wnie\u017c po zako\u0144czeniu projektu. <\/li>\n<li> Networking: u\u0142atwianie interakcji pomi\u0119dzy uniwersytetami i przedsi\u0119biorstwami w Europie i Azji w zakresie Internetu Semantycznego. <\/li>\n<\/ol>\n<p>Partnerzy europejscy (z W\u0142och, Austrii, Irlandii, Polski) to wiod\u0105ce instytucje w zakresie bada\u0144 nad Internetem Semantycznym. Partnerzy z Azji (z Indii, Tajlandii, Chin oraz powi\u0105zany partner z Hong-Kongu) zaliczane s\u0105 do najefektywniej dzia\u0142aj\u0105cych instytucji w Azji. Czas trwania projektu to 36 miesi\u0119cy.<\/p>\n<p><small><b>Strona zewn\u0119trzna projektu:<\/b> <\/p>\n<p><a href=\"http:\/\/odle.dit.unitn.it\/eastweb\/index.php?action=site&amp;site=EASTWEB\" title=\"http:\/\/odle.dit.unitn.it\/eastweb\/index.php?action=site&amp;site=EASTWEB\">http:\/\/odle.dit.unitn.it\/eastweb\/index.php?action=site&amp;site=EASTWEB<\/a>.<\/p>\n<p><\/small><\/p>\n","protected":false},"excerpt":{"rendered":"<p>Projekt ma na celu zintegrowanie spo\u0142eczno\u015bci z czo\u0142owych europejskich i azjatyckich jednostek badawczych i edukacyjnych, zajmuj\u0105cych si\u0119 zagadnieniem Internetu Semantycznego. Bezpo\u015brednie grupy docelowe projektu obejmuj\u0105 absolwent\u00f3w uczelni wy\u017cszych, pracownik\u00f3w naukowych oraz pracownik\u00f3w zajmuj\u0105cych si\u0119 zarz\u0105dzaniem organizacjami. Po\u015brednie grupy docelowe to: studenci z Europy i Azji, badacze oraz inni pracownicy wspomnianych instytucji. Projekt obejmuje dzia\u0142ania podejmowane w ramach trzech g\u0142\u00f3wnych akcji: Rozwijanie zasob\u00f3w ludzkich: wsp\u00f3lne nauczanie i opieka promotorska dla student\u00f3w <a href=\"https:\/\/kie.ue.poznan.pl\/pl\/eastweb\/\" class=\"read-more\">&#8230; Wi\u0119cej informacji<\/a><\/p>\n","protected":false},"author":1,"featured_media":0,"parent":0,"menu_order":0,"comment_status":"closed","ping_status":"closed","template":"","meta":{"footnotes":""},"class_list":["post-149","page","type-page","status-publish","hentry"],"_links":{"self":[{"href":"https:\/\/kie.ue.poznan.pl\/pl\/wp-json\/wp\/v2\/pages\/149","targetHints":{"allow":["GET"]}}],"collection":[{"href":"https:\/\/kie.ue.poznan.pl\/pl\/wp-json\/wp\/v2\/pages"}],"about":[{"href":"https:\/\/kie.ue.poznan.pl\/pl\/wp-json\/wp\/v2\/types\/page"}],"author":[{"embeddable":true,"href":"https:\/\/kie.ue.poznan.pl\/pl\/wp-json\/wp\/v2\/users\/1"}],"replies":[{"embeddable":true,"href":"https:\/\/kie.ue.poznan.pl\/pl\/wp-json\/wp\/v2\/comments?post=149"}],"version-history":[{"count":0,"href":"https:\/\/kie.ue.poznan.pl\/pl\/wp-json\/wp\/v2\/pages\/149\/revisions"}],"wp:attachment":[{"href":"https:\/\/kie.ue.poznan.pl\/pl\/wp-json\/wp\/v2\/media?parent=149"}],"curies":[{"name":"wp","href":"https:\/\/api.w.org\/{rel}","templated":true}]}}