{"id":150,"date":"2020-07-14T20:14:37","date_gmt":"2020-07-14T18:14:37","guid":{"rendered":"http:\/\/kie.ue.poznan.pl\/pl\/?page_id=150"},"modified":"2020-07-14T20:15:24","modified_gmt":"2020-07-14T18:15:24","slug":"ego-virtual-identity","status":"publish","type":"page","link":"https:\/\/kie.ue.poznan.pl\/pl\/ego-virtual-identity\/","title":{"rendered":"Ego &#8211; Virtual Identity"},"content":{"rendered":"<p><img decoding=\"async\" style=\"float:right; margin: 5px;\" src=\"\/pliki\/webimg\/projects\/ego.png\" title=\"\"\/><\/p>\n<p>Relewantna informacja jest szczeg\u00f3lnie cenna i rzadka, zw\u0142aszcza dla obywatela spo\u0142ecze\u0144stwa informacyjnego. Istniej\u0105ce systemy personalizuj\u0105 dostarczane u\u017cytkownikowi tre\u015bci, wykorzystuj\u0105c zgromadzone o nim dane.<\/p>\n<p>Celem projektu Ego, finansowanego przez Narodowe Centrum Bada\u0144 i Rozwoju (numer projektu NR11-0037-10), jest stworzenie modelu wirtualnej to\u017csamo\u015bci u\u017cytkownika, rozumianej jako ewoluuj\u0105cy w czasie model preferencji, a tak\u017ce prototypu systemu wspieraj\u0105cego ewolucj\u0119 to\u017csamo\u015bci i jej wykorzystanie przez systemy informatyczne.<\/p>\n<p>Scenariusz dla u\u017cytkownika ko\u0144cowego<br \/>\nW przyk\u0142adowym scenariuszu u\u017cycia rozwi\u0105za\u0144 projektu Ego mo\u017cna wyodr\u0119bni\u0107 nast\u0119puj\u0105ce role:<\/p>\n<ul>\n<li>Dostawca to\u017csamo\u015bci, czyli us\u0142uga, kt\u00f3ra przechowuje informacje o u\u017cytkownikach i udost\u0119pnia je w postaci profilu.<\/li>\n<li>U\u017cytkownik: obywatel spo\u0142ecze\u0144stwa informacyjnego, kt\u00f3ry zarejestrowa\u0142 si\u0119 u dostawcy to\u017csamo\u015bci i umo\u017cliwi\u0142 automatyczne gromadzenie informacji dotycz\u0105cych swojej aktywno\u015bci w Sieci.<\/li>\n<li>Portal internetowy, czyli dostawca zaspokajaj\u0105cy potrzeby informacyjne u\u017cytkownik\u00f3w poprzez personalizacj\u0119 tre\u015bci.<\/li>\n<\/ul>\n<p>Podczas wizyty u\u017cytkownika, portal odpytuje dostawc\u0119 to\u017csamo\u015bci o aktualny profil u\u017cytkownika. Aktualny profil opisuje potrzeby informacyjne u\u017cytkownika, kt\u00f3re s\u0105 zale\u017cne od kontekstu, czyli np. ustalonego przez u\u017cytkownika po\u017c\u0105danego kierunku rozwoju swych zainteresowa\u0144, przegl\u0105danych innych stron internetowych, od pory dnia. Wykorzystuj\u0105c informacje z aktualnego profilu u\u017cytkownika, portal personalizuje prezentowane mu tre\u015bci.<\/p>\n<p>Unikalne cechy planowanego rozwi\u0105zania<br \/>\nZ perspektywy u\u017cytkownika systemu:<\/p>\n<ul>\n<li>Prezentowane tre\u015bci odpowiadaj\u0105 jego potrzebom, poniewa\u017c personalizowane s\u0105 na podstawie danych o jego aktywno\u015bci w sieci.<\/li>\n<li>Mo\u017cliwo\u015b\u0107 zdefiniowania u dostawcy to\u017csamo\u015bci po\u017c\u0105danego kierunku rozwoju zainteresowa\u0144, kt\u00f3ry mo\u017ce by\u0107 uwzgl\u0119dniany przez portale internetowe.<\/li>\n<li>Mo\u017cliwo\u015b\u0107 zdefiniowania, kt\u00f3re informacje maj\u0105 by\u0107 widoczne przez podanych dostawc\u00f3w tre\u015bci.<br \/>\nMo\u017cliwo\u015b\u0107 skutecznego zarz\u0105dzania wieloma profilami odpowiadaj\u0105cymi r\u00f3\u017cnym zainteresowaniom b\u0105d\u017a rolom pe\u0142nionym przez dan\u0105 osob\u0119.<\/li>\n<li>Uaktualnianie preferencji, zainteresowa\u0144 odbywa si\u0119 na poziomie to\u017csamo\u015bci, a nie na poziomie ka\u017cdego z portali.<\/li>\n<\/ul>\n<p>Z perspektywy portalu internetowego:<\/p>\n<ul>\n<li>Znajomo\u015b\u0107 profilu u\u017cytkownika nawet podczas pierwszej wizyty, umo\u017cliwienie natychmiastowej personalizacji.<\/li>\n<li>Znajomo\u015b\u0107 kompleksowego profilu u\u017cytkownika, zbudowanego z wykorzystaniem informacji, kt\u00f3re s\u0105 niedost\u0119pne dla portalu, umo\u017cliwienie bardziej dok\u0142adnego dopasowania informacji.<\/li>\n<li>Znajomo\u015b\u0107 potrzeb informacyjnych u\u017cytkownik\u00f3w, s\u0142u\u017c\u0105cych jako wskaz\u00f3wki dotycz\u0105ce kierunku rozwoju serwisu.<\/li>\n<\/ul>\n","protected":false},"excerpt":{"rendered":"<p>Relewantna informacja jest szczeg\u00f3lnie cenna i rzadka, zw\u0142aszcza dla obywatela spo\u0142ecze\u0144stwa informacyjnego. Istniej\u0105ce systemy personalizuj\u0105 dostarczane u\u017cytkownikowi tre\u015bci, wykorzystuj\u0105c zgromadzone o nim dane. Celem projektu Ego, finansowanego przez Narodowe Centrum Bada\u0144 i Rozwoju (numer projektu NR11-0037-10), jest stworzenie modelu wirtualnej to\u017csamo\u015bci u\u017cytkownika, rozumianej jako ewoluuj\u0105cy w czasie model preferencji, a tak\u017ce prototypu systemu wspieraj\u0105cego ewolucj\u0119 to\u017csamo\u015bci i jej wykorzystanie przez systemy informatyczne. Scenariusz dla u\u017cytkownika ko\u0144cowego W przyk\u0142adowym scenariuszu u\u017cycia <a href=\"https:\/\/kie.ue.poznan.pl\/pl\/ego-virtual-identity\/\" class=\"read-more\">&#8230; Wi\u0119cej informacji<\/a><\/p>\n","protected":false},"author":1,"featured_media":0,"parent":0,"menu_order":0,"comment_status":"closed","ping_status":"closed","template":"","meta":{"footnotes":""},"class_list":["post-150","page","type-page","status-publish","hentry"],"_links":{"self":[{"href":"https:\/\/kie.ue.poznan.pl\/pl\/wp-json\/wp\/v2\/pages\/150","targetHints":{"allow":["GET"]}}],"collection":[{"href":"https:\/\/kie.ue.poznan.pl\/pl\/wp-json\/wp\/v2\/pages"}],"about":[{"href":"https:\/\/kie.ue.poznan.pl\/pl\/wp-json\/wp\/v2\/types\/page"}],"author":[{"embeddable":true,"href":"https:\/\/kie.ue.poznan.pl\/pl\/wp-json\/wp\/v2\/users\/1"}],"replies":[{"embeddable":true,"href":"https:\/\/kie.ue.poznan.pl\/pl\/wp-json\/wp\/v2\/comments?post=150"}],"version-history":[{"count":0,"href":"https:\/\/kie.ue.poznan.pl\/pl\/wp-json\/wp\/v2\/pages\/150\/revisions"}],"wp:attachment":[{"href":"https:\/\/kie.ue.poznan.pl\/pl\/wp-json\/wp\/v2\/media?parent=150"}],"curies":[{"name":"wp","href":"https:\/\/api.w.org\/{rel}","templated":true}]}}