{"id":151,"date":"2020-07-14T20:16:07","date_gmt":"2020-07-14T18:16:07","guid":{"rendered":"http:\/\/kie.ue.poznan.pl\/pl\/?page_id=151"},"modified":"2020-07-14T20:16:07","modified_gmt":"2020-07-14T18:16:07","slug":"enhanced-information-retrieval-and-filtering-for-analytical-systems","status":"publish","type":"page","link":"https:\/\/kie.ue.poznan.pl\/pl\/enhanced-information-retrieval-and-filtering-for-analytical-systems\/","title":{"rendered":"enhanced Information Retrieval and Filtering for Analytical Systems"},"content":{"rendered":"<p><img decoding=\"async\" style=\"float:right; margin:5px;\" src=\"\/pliki\/webimg\/projects\/eniraf.png\" title=\"\"\/><\/p>\n<p>W obecnych czasach, aby przedsi\u0119biorstwa oraz jednostki samorz\u0105dowe mog\u0142y efektywnie konkurowa\u0107 na rynku, konieczne jest lepsze zarz\u0105dzanie zewn\u0119trznymi i wewn\u0119trznymi informacjami. Osoby zarz\u0105dzaj\u0105ce potrzebuj\u0105 narz\u0119dzi gromadz\u0105cych, przetwarzaj\u0105cych i przechowuj\u0105cych informacje oraz system\u00f3w informacyjnych zarz\u0105dzania wiedz\u0105 (MIS).<\/p>\n<p>Filtrowanie informacji dla MIS jest jedn\u0105 z g\u0142\u00f3wnych kompetencji Katedry Informatyki Ekonomicznej. System filtrowania informacji jest us\u0142ug\u0105, kt\u00f3ra po\u015bredniczy pomi\u0119dzy \u017ar\u00f3d\u0142em informacji, a jej konsumentem, dostarczaj\u0105c spersonalizowany widok na przestrze\u0144 informacyjn\u0105. Wsp\u00f3\u0142czesnym systemom wyszukiwania i filtrowania informacji (IRaF) brakuje odpowiedniej reprezentacji potrzeb informacyjnych u\u017cytkownika oraz samych informacji. Ta sytuacja zmotywowa\u0142a nas do podj\u0119cia projektu, kt\u00f3ry wzbogaci\u0142by nasze kluczowe kompetencje w zakresie IRaF oraz udoskonali\u0142 systemy IRaF, aby lepiej odpowiada\u0142y potrzebom u\u017cytkownika. Nasza innowacyjna koncepcja zak\u0142ada po\u0142\u0105czenie osi\u0105gni\u0119\u0107 z zakresu filtrowania informacji, reprezentacji danych oraz system\u00f3w wspieraj\u0105cych podejmowanie decyzji. Oczekuje si\u0119, \u017ce technologie Internetu Semantycznego, w szczeg\u00f3lno\u015bci wykorzystanie ontologii, pozwoli na uzyskanie znacznie wi\u0119kszego stopnia automatyzacji wykonania operacji zwi\u0105zanych z wyszukiwaniem i ekstrakcj\u0105 informacji.<\/p>\n<p><small><b>Strona zewn\u0119trzna projektu:<\/b> <\/p>\n<p><a href=\"http:\/\/eniraf.mis.ae.poznan.pl\/\" title=\"http:\/\/eniraf.mis.ae.poznan.pl\/\">http:\/\/eniraf.mis.ae.poznan.pl\/<\/a><\/p>\n<p><\/small><\/p>\n","protected":false},"excerpt":{"rendered":"<p>W obecnych czasach, aby przedsi\u0119biorstwa oraz jednostki samorz\u0105dowe mog\u0142y efektywnie konkurowa\u0107 na rynku, konieczne jest lepsze zarz\u0105dzanie zewn\u0119trznymi i wewn\u0119trznymi informacjami. Osoby zarz\u0105dzaj\u0105ce potrzebuj\u0105 narz\u0119dzi gromadz\u0105cych, przetwarzaj\u0105cych i przechowuj\u0105cych informacje oraz system\u00f3w informacyjnych zarz\u0105dzania wiedz\u0105 (MIS). Filtrowanie informacji dla MIS jest jedn\u0105 z g\u0142\u00f3wnych kompetencji Katedry Informatyki Ekonomicznej. System filtrowania informacji jest us\u0142ug\u0105, kt\u00f3ra po\u015bredniczy pomi\u0119dzy \u017ar\u00f3d\u0142em informacji, a jej konsumentem, dostarczaj\u0105c spersonalizowany widok na przestrze\u0144 informacyjn\u0105. Wsp\u00f3\u0142czesnym systemom wyszukiwania <a href=\"https:\/\/kie.ue.poznan.pl\/pl\/enhanced-information-retrieval-and-filtering-for-analytical-systems\/\" class=\"read-more\">&#8230; Wi\u0119cej informacji<\/a><\/p>\n","protected":false},"author":1,"featured_media":0,"parent":0,"menu_order":0,"comment_status":"closed","ping_status":"closed","template":"","meta":{"footnotes":""},"class_list":["post-151","page","type-page","status-publish","hentry"],"_links":{"self":[{"href":"https:\/\/kie.ue.poznan.pl\/pl\/wp-json\/wp\/v2\/pages\/151","targetHints":{"allow":["GET"]}}],"collection":[{"href":"https:\/\/kie.ue.poznan.pl\/pl\/wp-json\/wp\/v2\/pages"}],"about":[{"href":"https:\/\/kie.ue.poznan.pl\/pl\/wp-json\/wp\/v2\/types\/page"}],"author":[{"embeddable":true,"href":"https:\/\/kie.ue.poznan.pl\/pl\/wp-json\/wp\/v2\/users\/1"}],"replies":[{"embeddable":true,"href":"https:\/\/kie.ue.poznan.pl\/pl\/wp-json\/wp\/v2\/comments?post=151"}],"version-history":[{"count":0,"href":"https:\/\/kie.ue.poznan.pl\/pl\/wp-json\/wp\/v2\/pages\/151\/revisions"}],"wp:attachment":[{"href":"https:\/\/kie.ue.poznan.pl\/pl\/wp-json\/wp\/v2\/media?parent=151"}],"curies":[{"name":"wp","href":"https:\/\/api.w.org\/{rel}","templated":true}]}}