{"id":152,"date":"2020-07-14T20:16:29","date_gmt":"2020-07-14T18:16:29","guid":{"rendered":"http:\/\/kie.ue.poznan.pl\/pl\/?page_id=152"},"modified":"2020-07-14T20:16:29","modified_gmt":"2020-07-14T18:16:29","slug":"enhanced-knowledge-warehouse","status":"publish","type":"page","link":"https:\/\/kie.ue.poznan.pl\/pl\/enhanced-knowledge-warehouse\/","title":{"rendered":"enhanced Knowledge Warehouse"},"content":{"rendered":"<p>W ostatnim czasie zauwa\u017ca si\u0119 wzrost znaczenia informacji zewn\u0119trznych w procesie podejmowania decyzji. U\u017cytkownicy biznesowi napotykaj\u0105 problem znacz\u0105cego wzrostu ilo\u015bci informacji. Potrzebuj\u0105 oni aktualnych, relewantnych i uporz\u0105dkowanych danych, gdy tymczasem otrzymuj\u0105 rozproszone i niestrukturyzowane informacje, przechowywane w heterogenicznych \u017ar\u00f3d\u0142ach. Projekt eKW ma na celu uporz\u0105dkowanie niestrukturyzowanych danych w hurtowni danych. Peter Drucker, guru nauk o zarz\u0105dzaniu, przekonuje, \u017ce wyzwaniem jest uporz\u0105dkowanie danych zewn\u0119trznych, poniewa\u017c zmiany pochodz\u0105 z zewn\u0105trz.  Jednak\u017ce, nie nale\u017cy si\u0119 ogranicza\u0107 jedynie do \u017ar\u00f3de\u0142 zewn\u0119trznych. U\u017cytkownicy hurtowni danych powinni mie\u0107 mo\u017cliwo\u015b\u0107 korzystania z danych zewn\u0119trznych, kt\u00f3re w logiczny i uporz\u0105dkowany spos\u00f3b rozszerzaj\u0105 dane wewn\u0119trzne.<\/p>\n<p>Obecnie Internet jest zbiorem informacji, kt\u00f3rych przetworzenia nie by\u0142o do tej pory mo\u017cliwe. Internet Semantyczny oferuje jednak nowe \u015brodki organizowania wiedzy. W za\u0142o\u017ceniu, ma on umo\u017cliwia\u0107 dost\u0119p do heterogenicznych i rozproszonych informacji, a wi\u0119c umo\u017cliwi\u0107 aplikacjom po\u015bredniczenie pomi\u0119dzy potrzebami u\u017cytkownika, a zasobami dost\u0119pnymi w sieci. Kolejne niezwykle aktualne zagadnienie, to mo\u017cliwo\u015b\u0107 udost\u0119pniania dost\u0119pu do aplikacji poprzez sie\u0107 przy u\u017cyciu us\u0142ug sieciowych. Mo\u017cliwe jest po\u0142\u0105czenie us\u0142ug sieciowych z ide\u0105 Semantycznego Internetu w celu uzyskania efektu synergii. Najwa\u017cniejsze z oczekiwa\u0144 dotycz\u0105cych Internetu, przedstawia sie\u0107 jako rozproszone urz\u0105dzenie obliczeniowe. Aby mog\u0142o ono dzia\u0142a\u0107, niezb\u0119dne jest stworzenie us\u0142ug sieciowych zdolnych przetwarza\u0107 informacji zgromadzone w sieci. eKW ma by\u00a2 jednym z takich narz\u0119dzi. Ulepszone hurtownie wiedzy (ang. enhanced Knowledge Warehouse) zosta\u0142y zaprojektowanie zgodnie z najnowszymi praktykami tworzenia aplikacji, tzn. przy u\u017cyciu us\u0142ug sieciowych. Zgodnie z wymaganiami, system sk\u0142ada si\u0119 z nast\u0119puj\u0105cych, niezale\u017cnych od siebie us\u0142ug:<\/p>\n<ul>\n<li> Us\u0142uga biblioteki, przechowuj\u0105ca dokumenty i udost\u0119pniaj\u0105ca je u\u017cytkownikom; <\/li>\n<li> Us\u0142uga profiluj\u0105ca, definiuj\u0105ca d\u0142ugoterminowe zapotrzebowanie organizacji na informacje ekstrahowane z system\u00f3w informacyjnych; <\/li>\n<li> Us\u0142uga filtruj\u0105ca, wyszukuj\u0105ca dokumenty spe\u0142niaj\u0105ce zdefiniowane d\u0142ugoterminowe potrzeby informacyjne; <\/li>\n<li> Us\u0142uga indeksuj\u0105ca, przygotowuj\u0105ca semantyczne, czasowe oraz przestrzenna indeksy dokument\u00f3w; <\/li>\n<li> Us\u0142uga raportuj\u0105ca, pozyskuj\u0105ca dokumenty odpowiadaj\u0105ce tymczasowym potrzebom u\u017cytkownika. <\/li>\n<\/ul>\n<p>G\u0142\u00f3wnym zadaniem eKW w Internecie Semantycznym jest mediacja. Koncepcja mediacji zosta\u0142a rozwini\u0119ta w odniesieniu do heterogenicznych i rozproszonych system\u00f3w. eKW jest swego rodzaju mediatorem danych, wykorzystuj\u0105cym ontologie w warstwie konceptualizacyjnej. Umo\u017cliwia mediacj\u0119 pomi\u0119dzy wewn\u0119trznymi systemami zarz\u0105dzaj\u0105cymi informacjami w organizacji, a Internetem. Ontologie, w szczeg\u00f3lno\u015bci biznesowe, s\u0105 bez w\u0105tpienia najwa\u017cniejszymi strukturami rozwini\u0119tymi w projekcie eKW. W\u0142a\u015bnie ontologie umo\u017cliwiaj\u0105 mediacj\u0119 pomi\u0119dzy r\u00f3\u017cnymi systemami informacyjnymi. Wykorzystanie ontologii umo\u017cliwia r\u00f3wnie\u017c stworzenie lepszej reprezentacji potrzeb informacyjnych u\u017cytkownika. G\u0142\u00f3wnym rezultatem projektu eKW b\u0119dzie stworzenie \u015brodk\u00f3w pozwalaj\u0105cych na dopasowanie dokument\u00f3w do potrzeb informacyjnych u\u017cytkownik\u00f3w, uwzgl\u0119dniaj\u0105c r\u00f3\u017cne konteksty, tzn. wiedzy korporacyjnej, semantyczny, czasowy, przestrzenny, personalny.<\/p>\n","protected":false},"excerpt":{"rendered":"<p>W ostatnim czasie zauwa\u017ca si\u0119 wzrost znaczenia informacji zewn\u0119trznych w procesie podejmowania decyzji. U\u017cytkownicy biznesowi napotykaj\u0105 problem znacz\u0105cego wzrostu ilo\u015bci informacji. Potrzebuj\u0105 oni aktualnych, relewantnych i uporz\u0105dkowanych danych, gdy tymczasem otrzymuj\u0105 rozproszone i niestrukturyzowane informacje, przechowywane w heterogenicznych \u017ar\u00f3d\u0142ach. Projekt eKW ma na celu uporz\u0105dkowanie niestrukturyzowanych danych w hurtowni danych. Peter Drucker, guru nauk o zarz\u0105dzaniu, przekonuje, \u017ce wyzwaniem jest uporz\u0105dkowanie danych zewn\u0119trznych, poniewa\u017c zmiany pochodz\u0105 z zewn\u0105trz. Jednak\u017ce, nie <a href=\"https:\/\/kie.ue.poznan.pl\/pl\/enhanced-knowledge-warehouse\/\" class=\"read-more\">&#8230; Wi\u0119cej informacji<\/a><\/p>\n","protected":false},"author":1,"featured_media":0,"parent":0,"menu_order":0,"comment_status":"closed","ping_status":"closed","template":"","meta":{"footnotes":""},"class_list":["post-152","page","type-page","status-publish","hentry"],"_links":{"self":[{"href":"https:\/\/kie.ue.poznan.pl\/pl\/wp-json\/wp\/v2\/pages\/152","targetHints":{"allow":["GET"]}}],"collection":[{"href":"https:\/\/kie.ue.poznan.pl\/pl\/wp-json\/wp\/v2\/pages"}],"about":[{"href":"https:\/\/kie.ue.poznan.pl\/pl\/wp-json\/wp\/v2\/types\/page"}],"author":[{"embeddable":true,"href":"https:\/\/kie.ue.poznan.pl\/pl\/wp-json\/wp\/v2\/users\/1"}],"replies":[{"embeddable":true,"href":"https:\/\/kie.ue.poznan.pl\/pl\/wp-json\/wp\/v2\/comments?post=152"}],"version-history":[{"count":0,"href":"https:\/\/kie.ue.poznan.pl\/pl\/wp-json\/wp\/v2\/pages\/152\/revisions"}],"wp:attachment":[{"href":"https:\/\/kie.ue.poznan.pl\/pl\/wp-json\/wp\/v2\/media?parent=152"}],"curies":[{"name":"wp","href":"https:\/\/api.w.org\/{rel}","templated":true}]}}