{"id":153,"date":"2020-07-14T20:17:07","date_gmt":"2020-07-14T18:17:07","guid":{"rendered":"http:\/\/kie.ue.poznan.pl\/pl\/?page_id=153"},"modified":"2020-07-14T20:17:07","modified_gmt":"2020-07-14T18:17:07","slug":"everest","status":"publish","type":"page","link":"https:\/\/kie.ue.poznan.pl\/pl\/everest\/","title":{"rendered":"eVEREst &#8211; enhanced Value Estimation of Real Estates"},"content":{"rendered":"<p>Projekt eVEREst po\u015bwi\u0119cony jest zagadnieniu szacowania warto\u015bci nieruchomo\u015bci. Celem projektu jest wspieranie system\u00f3w przechowuj\u0105cych dane o nieruchomo\u015bciach (n.p. systemy katastralne) informacjami wyfiltrowanymi ze \u017ar\u00f3de\u0142 zewn\u0119trznych (tzn. Interentu). Te dodatkowe informacje mog\u0142yby zosta\u0107 wykorzystane w procesach szacowania warto\u015bci rynkowej nieruchomo\u015bci. System zak\u0142ada, \u017ce warto\u015b\u0107 nieruchomo\u015bci zale\u017cy od szeregu czynnik\u00f3w, kt\u00f3re mo\u017cna podzieli\u0107 na trzy grupy: socjo-ekonomiczne (np. poziom zanieczyszczenia, ha\u0142asu, przest\u0119pczo\u015bci, s\u0105siedztwo, przych\u00f3d na osob\u0119 w danym obszarze, typ zabudowania), infrastrukturalne (autostrady, media, komunikacja) oraz \u015brodowiskowe (katastrofy naturalne, parki, lasy, krajobraz). Dane i informacje o tych czynnikach mo\u017cna znale\u017a\u0107 w ustrukturalizowanych (np. bazy danych) i nieustrukturyzowanych \u017ar\u00f3d\u0142ach (np. notatki prasowe, strony internetowe agencji nieruchomo\u015bci, itp.). W oparciu o wspomniane za\u0142o\u017cenia wykorzystany zostanie koncept eKW. Dokumenty wyfiltrowane z Internetu zostan\u0105 automatycznie zaindeksowanie na trzy r\u00f3\u017cne sposoby (kognitywny, czasowy i przestrzenny), co umo\u017cliwi powi\u0105zanie ich z konkretnymi obiektami z bazy danych nieruchomo\u015bci. W kolejnym kroku, zaprezentowany zostanie udoskonalony raport o ka\u017cdej z nieruchomo\u015bci. W drugiej fazie projektu, planowana jest implementacja systemu ekspertowego, kt\u00f3ry b\u0119dzie przeprowadza\u0142 automatyczne szacowanie warto\u015bci nieruchomo\u015bci. eVEREst oparty jest na takich technologiach jak wyszukiwanie informacji, wsp\u00f3lne filtrowanie, hurtownie danych. Ponadto, w celu zwi\u0119kszenia interoperacyjno\u015bci pomi\u0119dzy elementami systemu, wykorzystano ontologie i architektur\u0119 us\u0142ugow\u0105.<\/p>\n","protected":false},"excerpt":{"rendered":"<p>Projekt eVEREst po\u015bwi\u0119cony jest zagadnieniu szacowania warto\u015bci nieruchomo\u015bci. Celem projektu jest wspieranie system\u00f3w przechowuj\u0105cych dane o nieruchomo\u015bciach (n.p. systemy katastralne) informacjami wyfiltrowanymi ze \u017ar\u00f3de\u0142 zewn\u0119trznych (tzn. Interentu). Te dodatkowe informacje mog\u0142yby zosta\u0107 wykorzystane w procesach szacowania warto\u015bci rynkowej nieruchomo\u015bci. System zak\u0142ada, \u017ce warto\u015b\u0107 nieruchomo\u015bci zale\u017cy od szeregu czynnik\u00f3w, kt\u00f3re mo\u017cna podzieli\u0107 na trzy grupy: socjo-ekonomiczne (np. poziom zanieczyszczenia, ha\u0142asu, przest\u0119pczo\u015bci, s\u0105siedztwo, przych\u00f3d na osob\u0119 w danym obszarze, typ zabudowania), infrastrukturalne <a href=\"https:\/\/kie.ue.poznan.pl\/pl\/everest\/\" class=\"read-more\">&#8230; Wi\u0119cej informacji<\/a><\/p>\n","protected":false},"author":1,"featured_media":0,"parent":0,"menu_order":0,"comment_status":"closed","ping_status":"closed","template":"","meta":{"footnotes":""},"class_list":["post-153","page","type-page","status-publish","hentry"],"_links":{"self":[{"href":"https:\/\/kie.ue.poznan.pl\/pl\/wp-json\/wp\/v2\/pages\/153","targetHints":{"allow":["GET"]}}],"collection":[{"href":"https:\/\/kie.ue.poznan.pl\/pl\/wp-json\/wp\/v2\/pages"}],"about":[{"href":"https:\/\/kie.ue.poznan.pl\/pl\/wp-json\/wp\/v2\/types\/page"}],"author":[{"embeddable":true,"href":"https:\/\/kie.ue.poznan.pl\/pl\/wp-json\/wp\/v2\/users\/1"}],"replies":[{"embeddable":true,"href":"https:\/\/kie.ue.poznan.pl\/pl\/wp-json\/wp\/v2\/comments?post=153"}],"version-history":[{"count":0,"href":"https:\/\/kie.ue.poznan.pl\/pl\/wp-json\/wp\/v2\/pages\/153\/revisions"}],"wp:attachment":[{"href":"https:\/\/kie.ue.poznan.pl\/pl\/wp-json\/wp\/v2\/media?parent=153"}],"curies":[{"name":"wp","href":"https:\/\/api.w.org\/{rel}","templated":true}]}}