{"id":154,"date":"2020-07-14T20:18:30","date_gmt":"2020-07-14T18:18:30","guid":{"rendered":"http:\/\/kie.ue.poznan.pl\/pl\/?page_id=154"},"modified":"2023-12-18T07:19:49","modified_gmt":"2023-12-18T06:19:49","slug":"extraspec","status":"publish","type":"page","link":"https:\/\/kie.ue.poznan.pl\/pl\/extraspec\/","title":{"rendered":"eXtraSpec"},"content":{"rendered":"<p><img decoding=\"async\" style=\"float:right; margin:5px;\" src=\"\/pliki\/webimg\/projects\/extraspec.png\" title=\"\"\/>eXtraSpec (Zastosowanie zaawansowanych metod ekstrakcji danych na potrzeby wyszukiwania ekspert\u00f3w) jest projektem badawczym prowadzonym przez Katedr\u0119 Informatyki Ekonomicznej, Uniwersytetu Ekonomicznego w Poznaniu.<\/p>\n<p>Celem projektu jest zaproponowanie rozwi\u0105zania pozwalaj\u0105cego poprzez analiz\u0119 dokument\u00f3w wewn\u0119trznych przedsi\u0119biorstwa oraz wybranych \u017ar\u00f3de\u0142 internetowych, wyszukiwa\u0107 ekspert\u00f3w z okre\u015blonej dziedziny lub o okre\u015blonych kompetencjach. Efekty prac projektu mog\u0105, poprzez usprawnienie procesu wyszukiwania nowych pracownik\u00f3w i proces\u00f3w zarz\u0105dzania zasobami ludzkimi przedsi\u0119biorstwa, mie\u0107 znacz\u0105cy wp\u0142yw na kszta\u0142t polskiego rynku pracy.<\/p>\n<p>Projekt eXtraSpec charakteryzuje si\u0119 du\u017c\u0105 innowacyjno\u015bci\u0105 i jest rozwi\u0105zaniem identyfikuj\u0105cym problemy z zakresu zarz\u0105dzania zasobami ludzkimi. Powsta\u0142y, jako wynik projektu, mechanizm znajdzie zastosowanie w szerokim spektrum organizacji, w kt\u00f3rych istnieje potrzeba wyszukiwania ekspert\u00f3w o okre\u015blonych umiej\u0119tno\u015bciach. Proponowane rozwi\u0105zanie b\u0119dzie mog\u0142o by\u0107 wykorzystywane zar\u00f3wno przez instytucje publiczne jak i firmy z sektora prywatnego. Wyszukiwani b\u0119d\u0105 mogli by\u0107 odpowiedni pracownicy ju\u017c zatrudnieni w danej firmie (np. podczas kompletowania zespo\u0142u ekspert\u00f3w do pracy w wewn\u0119trznym projekcie) jak i potencjalni kandydaci na okre\u015blone stanowiska spoza firmy. Powstanie tego mechanizmu doprowadzi do zmniejszenia asymetrii informacyjnej na rynku pracy i cz\u0119\u015bciowego przekszta\u0142cenia wiedzy ukrytej, b\u0119d\u0105cej g\u0142\u00f3wnym kapita\u0142em \u0142owc\u00f3w g\u0142\u00f3w, w wiedz\u0119 \u0328jawn\u0105, og\u00f3lnie dost\u0119pna i szeroko wykorzystywan\u0105.<\/p>\n<p>Za g\u0142\u00f3wne cele proponowanego projektu przyjmuje si\u0119:<\/p>\n<ul>\n<li>C1. Zaproponowanie standardu opisu umiej\u0119tno\u015bci i zawodowego do\u015bwiadczenia ekspert\u00f3w.<\/li>\n<li>C2. Zaprojektowanie i zbudowanie bazy wiedzy o ekspertach, w oparciu o informacje zawarte w okre\u015blonych \u017ar\u00f3d\u0142ach polskiego Internetu.<\/li>\n<li>C3. Stworzenie narz\u0119dzia pozwalaj\u0105cego zadawa\u0107 pytania do bazy wiedzy oraz nawigowa\u0107 po otrzymanych wynikach.<\/li>\n<\/ul>\n<p>Projekt eXtraSpec realizowany jest w ramach 1. osi priorytetowej Programu Operacyjnego Innowacyjna Gospodarka, kt\u00f3rej celem jest zwi\u0119kszenie znaczenia sektora nauki w gospodarce poprzez realizacj\u0119 prac B+R w kierunkach uznanych za priorytetowe dla rozwoju spo\u0142eczno-gospodarczego kraju.<\/p>\n<p>Unikalne cechy planowanego rozwi\u0105zania<\/p>\n<ul>\n<li>pozyskanie (ekstrakcja) informacji z tekst\u00f3w s\u0142abo ustrukturyzowanych, np. stron domowych, blog\u00f3w, portali spo\u0142eczno\u015bciowych,<\/li>\n<li>integracja informacji pochodz\u0105cych z wielu \u017ar\u00f3de\u0142,<\/li>\n<li>wnioskowanie o kompetencjach dla potrzeb uzupe\u0142nienia profilu osoby na podstawie innych danych o, przyk\u0142adowo, wykszta\u0142ceniu, do\u015bwiadczeniu zawodowym czy wsp\u00f3\u0142pracy z innymi osobami.<\/li>\n<\/ul>\n<p><small><b>Strona zewn\u0119trzna projektu:<\/b> <\/p>\n<p><a href=\"http:\/\/extraspec.kie.ue.poznan.pl\" title=\"http:\/\/extraspec.kie.ue.poznan.pl\">http:\/\/extraspec.kie.ue.poznan.pl<\/a><\/p>\n<p><\/small><br \/>\n<img decoding=\"async\" src=\"\/pliki\/webimg\/projects\/add\/ue.png\" > <img decoding=\"async\" src=\"\/pliki\/webimg\/projects\/add\/poig.png\" ><\/p>\n","protected":false},"excerpt":{"rendered":"<p>eXtraSpec (Zastosowanie zaawansowanych metod ekstrakcji danych na potrzeby wyszukiwania ekspert\u00f3w) jest projektem badawczym prowadzonym przez Katedr\u0119 Informatyki Ekonomicznej, Uniwersytetu Ekonomicznego w Poznaniu. Celem projektu jest zaproponowanie rozwi\u0105zania pozwalaj\u0105cego poprzez analiz\u0119 dokument\u00f3w wewn\u0119trznych przedsi\u0119biorstwa oraz wybranych \u017ar\u00f3de\u0142 internetowych, wyszukiwa\u0107 ekspert\u00f3w z okre\u015blonej dziedziny lub o okre\u015blonych kompetencjach. Efekty prac projektu mog\u0105, poprzez usprawnienie procesu wyszukiwania nowych pracownik\u00f3w i proces\u00f3w zarz\u0105dzania zasobami ludzkimi przedsi\u0119biorstwa, mie\u0107 znacz\u0105cy wp\u0142yw na kszta\u0142t polskiego rynku pracy. <a href=\"https:\/\/kie.ue.poznan.pl\/pl\/extraspec\/\" class=\"read-more\">&#8230; Wi\u0119cej informacji<\/a><\/p>\n","protected":false},"author":1,"featured_media":0,"parent":0,"menu_order":0,"comment_status":"closed","ping_status":"closed","template":"","meta":{"footnotes":""},"class_list":["post-154","page","type-page","status-publish","hentry"],"_links":{"self":[{"href":"https:\/\/kie.ue.poznan.pl\/pl\/wp-json\/wp\/v2\/pages\/154","targetHints":{"allow":["GET"]}}],"collection":[{"href":"https:\/\/kie.ue.poznan.pl\/pl\/wp-json\/wp\/v2\/pages"}],"about":[{"href":"https:\/\/kie.ue.poznan.pl\/pl\/wp-json\/wp\/v2\/types\/page"}],"author":[{"embeddable":true,"href":"https:\/\/kie.ue.poznan.pl\/pl\/wp-json\/wp\/v2\/users\/1"}],"replies":[{"embeddable":true,"href":"https:\/\/kie.ue.poznan.pl\/pl\/wp-json\/wp\/v2\/comments?post=154"}],"version-history":[{"count":0,"href":"https:\/\/kie.ue.poznan.pl\/pl\/wp-json\/wp\/v2\/pages\/154\/revisions"}],"wp:attachment":[{"href":"https:\/\/kie.ue.poznan.pl\/pl\/wp-json\/wp\/v2\/media?parent=154"}],"curies":[{"name":"wp","href":"https:\/\/api.w.org\/{rel}","templated":true}]}}