{"id":156,"date":"2020-07-14T20:20:18","date_gmt":"2020-07-14T18:20:18","guid":{"rendered":"http:\/\/kie.ue.poznan.pl\/pl\/?page_id=156"},"modified":"2020-07-14T20:20:18","modified_gmt":"2020-07-14T18:20:18","slug":"filtering-web-services","status":"publish","type":"page","link":"https:\/\/kie.ue.poznan.pl\/pl\/filtering-web-services\/","title":{"rendered":"Filtering Web Services"},"content":{"rendered":"<p>G\u0142ownym celem projektu jest stworzenie systemu filtrowanie us\u0142ug sieciowych. Technologia us\u0142ug sieciowych zmienia Internet oraz spos\u00f3b prowadzenia dzia\u0142alno\u015bci online. Zarz\u0105dzanie us\u0142ugami sieciowymi odbywa si\u0119 przede wszystkim w spos\u00f3b manulany, poniewa\u017c ich opisy, dostarczane jako dokumenty WSDL lub repozytoria UDDI, nie s\u0105 wystarczaj\u0105ce dla automatycznego wyszukiwania, por\u00f3wnywania, filtrowania czy konfiguracji. Ponadto, w wielu przypadkach niemo\u017cliwe jest wykonanie tych czynno\u015bci w spos\u00f3b manualny. Celem systemu F-WebS jest umo\u017cliwienie wykonania wymienionych proces\u00f3w. Klientem systemu mo\u017ce by\u0107 np. z\u0142o\u017cona aplikacja, sk\u0142adaj\u0105ca si\u0119 z jednego lub wi\u0119cej komponent\u00f3w, kt\u00f3re s\u0105 us\u0142ugami sieciowymi. Komponenty s\u0105 najlepszymi (wed\u0142ug potrzeb u\u017cytkownika) z dost\u0119pnych w danym momencie. Jednak rynek us\u0142ug sieciowych nie jest sta\u0142y i nieustannie pojawiaj\u0105 si\u0119 na nim nowe us\u0142ugi. Celem aplikacji, jest ci\u0105g\u0142e wykorzystywanie najlepszych z dost\u0119pnych komponent\u00f3w, a wi\u0119c wyst\u0119puje potrzeba zast\u0119powania starych us\u0142ug nowymi i lepszymi, jak tylko zostan\u0105 one zidentyfikowane przez system. G\u0142\u00f3wn\u0105 zalet\u0105 takiego podej\u015bcia jest fakt, \u017ce aplikacja (klient systemu filtruj\u0105cego us\u0142ugi sieciowe) zawsze sk\u0142ada si\u0119 z najnowszych komponent\u00f3w, a proces ten jest dokonywany automatycznie.<\/p>\n","protected":false},"excerpt":{"rendered":"<p>G\u0142ownym celem projektu jest stworzenie systemu filtrowanie us\u0142ug sieciowych. Technologia us\u0142ug sieciowych zmienia Internet oraz spos\u00f3b prowadzenia dzia\u0142alno\u015bci online. Zarz\u0105dzanie us\u0142ugami sieciowymi odbywa si\u0119 przede wszystkim w spos\u00f3b manulany, poniewa\u017c ich opisy, dostarczane jako dokumenty WSDL lub repozytoria UDDI, nie s\u0105 wystarczaj\u0105ce dla automatycznego wyszukiwania, por\u00f3wnywania, filtrowania czy konfiguracji. Ponadto, w wielu przypadkach niemo\u017cliwe jest wykonanie tych czynno\u015bci w spos\u00f3b manualny. Celem systemu F-WebS jest umo\u017cliwienie wykonania wymienionych proces\u00f3w. Klientem <a href=\"https:\/\/kie.ue.poznan.pl\/pl\/filtering-web-services\/\" class=\"read-more\">&#8230; Wi\u0119cej informacji<\/a><\/p>\n","protected":false},"author":1,"featured_media":0,"parent":0,"menu_order":0,"comment_status":"closed","ping_status":"closed","template":"","meta":{"footnotes":""},"class_list":["post-156","page","type-page","status-publish","hentry"],"_links":{"self":[{"href":"https:\/\/kie.ue.poznan.pl\/pl\/wp-json\/wp\/v2\/pages\/156","targetHints":{"allow":["GET"]}}],"collection":[{"href":"https:\/\/kie.ue.poznan.pl\/pl\/wp-json\/wp\/v2\/pages"}],"about":[{"href":"https:\/\/kie.ue.poznan.pl\/pl\/wp-json\/wp\/v2\/types\/page"}],"author":[{"embeddable":true,"href":"https:\/\/kie.ue.poznan.pl\/pl\/wp-json\/wp\/v2\/users\/1"}],"replies":[{"embeddable":true,"href":"https:\/\/kie.ue.poznan.pl\/pl\/wp-json\/wp\/v2\/comments?post=156"}],"version-history":[{"count":0,"href":"https:\/\/kie.ue.poznan.pl\/pl\/wp-json\/wp\/v2\/pages\/156\/revisions"}],"wp:attachment":[{"href":"https:\/\/kie.ue.poznan.pl\/pl\/wp-json\/wp\/v2\/media?parent=156"}],"curies":[{"name":"wp","href":"https:\/\/api.w.org\/{rel}","templated":true}]}}