{"id":158,"date":"2020-07-14T20:21:02","date_gmt":"2020-07-14T18:21:02","guid":{"rendered":"http:\/\/kie.ue.poznan.pl\/pl\/?page_id=158"},"modified":"2020-07-14T20:21:48","modified_gmt":"2020-07-14T18:21:48","slug":"insemtives","status":"publish","type":"page","link":"https:\/\/kie.ue.poznan.pl\/pl\/insemtives\/","title":{"rendered":"INSEMTIVES &#8211; Incentives for Semantics"},"content":{"rendered":"<p><img decoding=\"async\" style=\"float:right; margin:5px\" src=\"\/pliki\/webimg\/projects\/insemtives.png\" title=\"\"\/><\/p>\n<p>Celem projektu Insemtives jest odkrycie czynnik\u00f3w motywuj\u0105cych Internaut\u00f3w do aktywno\u015bci w Internecie Semantycznym. Ide\u0119 tej nowego rodzaju sieci opublikowa\u0142 tw\u00f3rca sieci WWW Tim Berners-Lee w 2001 roku. Internet Semantyczny ma pozwoli\u0107 maszynom i programom na przetwarzanie informacji, kt\u00f3ra obecnie w sieci jest publikowana w postaci przyst\u0119pnej jedynie dla ludzi. Poprzez stworzenie, rozpowszechnienie i wykorzystanie standard\u00f3w opisywania danych w Internecie, informacja b\u0119dzie \u0142atwiej przetwarzalna i powstan\u0105 nowe sposoby jej wykorzystania. Przyk\u0142adowo, pozwoli to na stworzenie wyszukiwarek, kt\u00f3re b\u0119d\u0105 kierowa\u0142y si\u0119 znaczeniem i kontekstem informacji oraz nowych us\u0142ug internetowych opartych na udost\u0119pnionych danych.<\/p>\n<p>Uniwersytet Ekonomiczny w Poznaniu w projekcie odpowiedzialny b\u0119dzie za opracowanie modeli biznesowych dla tworzenia i wykorzystania opis\u00f3w semantycznych w Internecie, a tak\u017ce wsp\u00f3\u0142prac\u0119 przy tworzeniu narz\u0119dzi pozwalaj\u0105cych na tworzenie semantycznych opis\u00f3w.<\/p>\n<p><small><b>Strona zewn\u0119trzna projektu:<\/b> <\/p>\n<p><a href=\"http:\/\/www.insemtives.eu\/\" title=\"http:\/\/www.insemtives.eu\/\">http:\/\/www.insemtives.eu\/<\/a><\/p>\n<p><\/small><\/p>\n","protected":false},"excerpt":{"rendered":"<p>Celem projektu Insemtives jest odkrycie czynnik\u00f3w motywuj\u0105cych Internaut\u00f3w do aktywno\u015bci w Internecie Semantycznym. Ide\u0119 tej nowego rodzaju sieci opublikowa\u0142 tw\u00f3rca sieci WWW Tim Berners-Lee w 2001 roku. Internet Semantyczny ma pozwoli\u0107 maszynom i programom na przetwarzanie informacji, kt\u00f3ra obecnie w sieci jest publikowana w postaci przyst\u0119pnej jedynie dla ludzi. Poprzez stworzenie, rozpowszechnienie i wykorzystanie standard\u00f3w opisywania danych w Internecie, informacja b\u0119dzie \u0142atwiej przetwarzalna i powstan\u0105 nowe sposoby jej wykorzystania. Przyk\u0142adowo, <a href=\"https:\/\/kie.ue.poznan.pl\/pl\/insemtives\/\" class=\"read-more\">&#8230; Wi\u0119cej informacji<\/a><\/p>\n","protected":false},"author":1,"featured_media":0,"parent":0,"menu_order":0,"comment_status":"closed","ping_status":"closed","template":"","meta":{"footnotes":""},"class_list":["post-158","page","type-page","status-publish","hentry"],"_links":{"self":[{"href":"https:\/\/kie.ue.poznan.pl\/pl\/wp-json\/wp\/v2\/pages\/158","targetHints":{"allow":["GET"]}}],"collection":[{"href":"https:\/\/kie.ue.poznan.pl\/pl\/wp-json\/wp\/v2\/pages"}],"about":[{"href":"https:\/\/kie.ue.poznan.pl\/pl\/wp-json\/wp\/v2\/types\/page"}],"author":[{"embeddable":true,"href":"https:\/\/kie.ue.poznan.pl\/pl\/wp-json\/wp\/v2\/users\/1"}],"replies":[{"embeddable":true,"href":"https:\/\/kie.ue.poznan.pl\/pl\/wp-json\/wp\/v2\/comments?post=158"}],"version-history":[{"count":0,"href":"https:\/\/kie.ue.poznan.pl\/pl\/wp-json\/wp\/v2\/pages\/158\/revisions"}],"wp:attachment":[{"href":"https:\/\/kie.ue.poznan.pl\/pl\/wp-json\/wp\/v2\/media?parent=158"}],"curies":[{"name":"wp","href":"https:\/\/api.w.org\/{rel}","templated":true}]}}