{"id":159,"date":"2020-07-14T20:24:11","date_gmt":"2020-07-14T18:24:11","guid":{"rendered":"http:\/\/kie.ue.poznan.pl\/pl\/?page_id=159"},"modified":"2020-07-14T20:24:11","modified_gmt":"2020-07-14T18:24:11","slug":"integror","status":"publish","type":"page","link":"https:\/\/kie.ue.poznan.pl\/pl\/integror\/","title":{"rendered":"Integror"},"content":{"rendered":"<p>Integror jest wewn\u0119trznym projektem Katedry, dotycz\u0105cym zagadnienia r\u00f3\u017cnych poziom\u00f3w integracji danych i informacji z Sieci. Nasze zainteresowania obejmuj\u0105:<\/p>\n<ul>\n<li> integracj\u0119 strukturyzowanych i p\u00f3\u0142ustrukturyzowanych danych z Internetu i G\u0142\u0119bokiego Internetu, <\/li>\n<li> intuicyjn\u0105 i p\u00f3\u0142automatyczn\u0105 wizualn\u0105 integracj\u0119 nieustrukturyzowanych blok\u00f3w tre\u015bci. <\/li>\n<\/ul>\n<p>U podstaw zadania integracji le\u017c\u0105 dwa innowacyjne i wydajne formalizmy: jeden zdolny adresowa\u0107 tre\u015b\u0107 strony oraz drugi, odpowiedzialny za opis \u015bcie\u017cek nawigacji.<\/p>\n<p>Pierwszy z mechanizm\u00f3w, oparty na wzgl\u0119dnym adresowaniu XPath, cechuje si\u0119 wi\u0119ksz\u0105 wydajno\u015bci\u0105 ni\u017c stosowane obecnie schematy oparte na bezwzgl\u0119dnym adresowaniu XPath. Jego wykorzystanie w zadaniu integracji informacji umo\u017cliwi\u0142o stworzenie aplikacji myPortal &#8211; intuicyjnego, przyjaznego u\u017cytkownikowi i wydajnego narz\u0119dzia, pozwalaj\u0105cego na tworzenie personalizowanych portali, opartych na logicznych blokach tre\u015bci, kt\u00f3ra zosta\u0142a wyekstrahowana z predefiniowanych \u017ar\u00f3de\u0142. Korzystaj\u0105c z myPortal tworzenie regu\u0142 ekstrakcji blok\u00f3w danych jest niezwykle proste i szybkie. Wyekstrahowane bloki mog\u0105 by\u0107 komponowane w widoki zawieraj\u0105ce zintegrowane informacji (personalizowany portal). Testy wykaza\u0142y, \u017ce metoda ta, niezwykle elestycznie reaguje na zmiany tre\u015bci. myPortal zosta\u0142 dok\u0142adniej opisany w publikacjach oraz zademonstrowany na konferencjach VLDB i WWW.<\/p>\n<p>Drugi z formalizm\u00f3w, wykorzystuje oparty na modelu automatu sko\u0144czonego (ang. Finite State Automata &#8211; FSA) opis nawigacji u\u017cytkownika i lemat o pompowaniu, co w po\u0142\u0105czeniu ze wzgl\u0119dnym XPath da\u0142o pocz\u0105tek aplikacji DWDI (Deep Web Data Integration). Pozwala ona na integracj\u0119 danych z p\u00f3\u0142ustrukturyzowanej i strukturyzowanej nawigacji (przegl\u0105danie) oraz ze \u017ar\u00f3de\u0142 internetowych opartych na formularzach. DWDI wykorzystuje \u015bcie\u017ck\u0119 nawigacji wykonanej przez u\u017cytkownika i na jej podstawie tworzy wzorce nawigowania do \u017ar\u00f3de\u0142 z Sieci lub G\u0142\u0119bokiego Internetu, natomiast umiejscowienie blok\u00f3w danych na stronie jest opisane za pomoc\u0105 wzgl\u0119dnego XPath.<\/p>\n<p>Aktualne kierunki bada\u0144 skupiaj\u0105 si\u0119 na stworzeniu mechanizmu umo\u017cliwiaj\u0105cego bardziej wydajne i adaptacyjne adresowanie r\u00f3znych obiekt\u00f3w Webowych w dynamicznym \u015brodowisku (np. zawieraj\u0105cym zmieniaj\u0105ce si\u0119 struktury serwis\u00f3w internetowych):<\/p>\n<ul>\n<li> wykorzystanie wizualnych cech i adresowania dwuwymiarowego blok\u00f3w tre\u015bci na stronach WWW, <\/li>\n<li> automatyczne wykrywanie punkt\u00f3w odniesienienia dla wzgl\u0119dnego XPath, <\/li>\n<li> rozwi\u0105zywanie konflikt\u00f3w wynikaj\u0105cych z wielokrotnego adresowania tych samych obiekt\u00f3w Webowych, <\/li>\n<li> zdolno\u015b\u0107 do dzia\u0142ania po napotkaniu problem\u00f3w technicznych, np. kod niespe\u0142niaj\u0105cy standard\u00f3w, b\u0142\u0119dy 404, itp. <\/li>\n<\/ul>\n<p>Projekt obejmuje r\u00f3wnie\u017c badania nad aplikacjami i modelami biznesowymi dla wzbogaconego adresowania obiekt\u00f3w Webowych, nad natur\u0105 i kategoryzacj\u0105 \u017ar\u00f3de\u0142 G\u0142\u0119bokiego Internetu, jak r\u00f3wnie\u017c nad sposobami wizualnego i nawigacyjnego przedstawienia zawarto\u015bci baz danych w Sieci. W planach przysz\u0142ych prac znajduje si\u0119 wykorzystanie do\u015bwiadcze\u0144 z projektu <a href=\"?q=pl\/node\/327\">F-WebS<\/a>, w celu zaimplementowania schemat\u00f3w wykorzystuj\u0105cych jako\u015b us\u0142ug (QoS) do ewaluacji i selekcji \u017ar\u00f3de\u0142 sieciowych.<\/p>\n","protected":false},"excerpt":{"rendered":"<p>Integror jest wewn\u0119trznym projektem Katedry, dotycz\u0105cym zagadnienia r\u00f3\u017cnych poziom\u00f3w integracji danych i informacji z Sieci. Nasze zainteresowania obejmuj\u0105: integracj\u0119 strukturyzowanych i p\u00f3\u0142ustrukturyzowanych danych z Internetu i G\u0142\u0119bokiego Internetu, intuicyjn\u0105 i p\u00f3\u0142automatyczn\u0105 wizualn\u0105 integracj\u0119 nieustrukturyzowanych blok\u00f3w tre\u015bci. U podstaw zadania integracji le\u017c\u0105 dwa innowacyjne i wydajne formalizmy: jeden zdolny adresowa\u0107 tre\u015b\u0107 strony oraz drugi, odpowiedzialny za opis \u015bcie\u017cek nawigacji. Pierwszy z mechanizm\u00f3w, oparty na wzgl\u0119dnym adresowaniu XPath, cechuje si\u0119 wi\u0119ksz\u0105 wydajno\u015bci\u0105 <a href=\"https:\/\/kie.ue.poznan.pl\/pl\/integror\/\" class=\"read-more\">&#8230; Wi\u0119cej informacji<\/a><\/p>\n","protected":false},"author":1,"featured_media":0,"parent":0,"menu_order":0,"comment_status":"closed","ping_status":"closed","template":"","meta":{"footnotes":""},"class_list":["post-159","page","type-page","status-publish","hentry"],"_links":{"self":[{"href":"https:\/\/kie.ue.poznan.pl\/pl\/wp-json\/wp\/v2\/pages\/159","targetHints":{"allow":["GET"]}}],"collection":[{"href":"https:\/\/kie.ue.poznan.pl\/pl\/wp-json\/wp\/v2\/pages"}],"about":[{"href":"https:\/\/kie.ue.poznan.pl\/pl\/wp-json\/wp\/v2\/types\/page"}],"author":[{"embeddable":true,"href":"https:\/\/kie.ue.poznan.pl\/pl\/wp-json\/wp\/v2\/users\/1"}],"replies":[{"embeddable":true,"href":"https:\/\/kie.ue.poznan.pl\/pl\/wp-json\/wp\/v2\/comments?post=159"}],"version-history":[{"count":0,"href":"https:\/\/kie.ue.poznan.pl\/pl\/wp-json\/wp\/v2\/pages\/159\/revisions"}],"wp:attachment":[{"href":"https:\/\/kie.ue.poznan.pl\/pl\/wp-json\/wp\/v2\/media?parent=159"}],"curies":[{"name":"wp","href":"https:\/\/api.w.org\/{rel}","templated":true}]}}