{"id":160,"date":"2020-07-14T20:24:32","date_gmt":"2020-07-14T18:24:32","guid":{"rendered":"http:\/\/kie.ue.poznan.pl\/pl\/?page_id=160"},"modified":"2020-07-14T20:24:43","modified_gmt":"2020-07-14T18:24:43","slug":"mobileif","status":"publish","type":"page","link":"https:\/\/kie.ue.poznan.pl\/pl\/mobileif\/","title":{"rendered":"mobileIF &#8211; mobile Information Filtering"},"content":{"rendered":"<p>mobileIF ma na celu stworzenie nowych metod pozyskiwania, porz\u0105dkowania, przetwarzania, wsp\u00f3\u0142dzielenie i wykorzystywania informacji z r\u00f3\u017cnych \u017ar\u00f3del i rozpowszechniania ich w\u015br\u00f3d u\u017cytkownik\u00f3w. G\u0142\u00f3wnym celem aplikacji jest udost\u0119pnienie dost\u0119pu do wiedzy u\u017cytkownikowi, niezale\u017cnie od kontekstu czasu czy miejsca, w jakim si\u0119 on znajduje. Innymi s\u0142owy, informacja dla u\u017cytkownika musi by\u0107 relewantna czasowo, geograficznie oraz ekonomicznie. Powinny zosta\u0107 uwzgl\u0119dnione zadania wykonywane przez u\u017cytkownika oraz procesy, w kt\u00f3re jest on zaanga\u017cowany. Z pomoc\u0105 ontologii, system jest w stanie dostarczy\u0107 logiczne zwi\u0105zki pomi\u0119dzy informacjami z zewn\u0119trznych \u017ar\u00f3de\u0142 Webowych oraz repozytori\u00f3w wiedzy. Ponadto, mobileIF wykorzystuje ontologie w procesie dostosowywania wynik\u00f3w do potrzeb u\u017cytkownika. System zwraca istotne informacje, na podstawie aktywno\u015bci biznesowych i spo\u0142ecznych u\u017cytkownika oraz jego zainteresowa\u0144. Naszym zdaniem, umo\u017cliwi to lepsze odzwierciedle potrzeb informacyjnych u\u017cytkownika oraz b\u0119dzie wspiera\u0107 procesy profilowania, filtrowania i pozyskiwania informacji. Dodatkowo, mobileIF wykorzystuje technologie us\u0142ug sieciowych aby zapewni\u0107 komunikacj\u0119 pomi\u0119dzy urz\u0105dzeniami mobilnymi, komponentami systemu oraz zewn\u0119trznymi i wewn\u0119trznymi \u017ar\u00f3d\u0142ami danych. Architektura us\u0142ugowa pozwala r\u00f3wnie\u017c na dost\u0119p do systemu jednostkom, kt\u00f3re nie s\u0105 jego cz\u0119\u015bci\u0105. Dzi\u0119ki wykorzystaniu wspomnianej architektury, mobileIF jest niezale\u017cny od platformy sprz\u0119towej. Pozwoli to na \u0142atwiejsz\u0105 komunikacj\u0119 pomi\u0119dzy organizacjami i jednostkami, zapewni wsparcie dla nowych metod biznesowych, e-learningowych, \u015brodowisk pracy grupowej, jak r\u00f3wnie\u017c ulepszy zarz\u0105dzanie relacjami z klientami.<\/p>\n","protected":false},"excerpt":{"rendered":"<p>mobileIF ma na celu stworzenie nowych metod pozyskiwania, porz\u0105dkowania, przetwarzania, wsp\u00f3\u0142dzielenie i wykorzystywania informacji z r\u00f3\u017cnych \u017ar\u00f3del i rozpowszechniania ich w\u015br\u00f3d u\u017cytkownik\u00f3w. G\u0142\u00f3wnym celem aplikacji jest udost\u0119pnienie dost\u0119pu do wiedzy u\u017cytkownikowi, niezale\u017cnie od kontekstu czasu czy miejsca, w jakim si\u0119 on znajduje. Innymi s\u0142owy, informacja dla u\u017cytkownika musi by\u0107 relewantna czasowo, geograficznie oraz ekonomicznie. Powinny zosta\u0107 uwzgl\u0119dnione zadania wykonywane przez u\u017cytkownika oraz procesy, w kt\u00f3re jest on zaanga\u017cowany. Z pomoc\u0105 <a href=\"https:\/\/kie.ue.poznan.pl\/pl\/mobileif\/\" class=\"read-more\">&#8230; Wi\u0119cej informacji<\/a><\/p>\n","protected":false},"author":1,"featured_media":0,"parent":0,"menu_order":0,"comment_status":"closed","ping_status":"closed","template":"","meta":{"footnotes":""},"class_list":["post-160","page","type-page","status-publish","hentry"],"_links":{"self":[{"href":"https:\/\/kie.ue.poznan.pl\/pl\/wp-json\/wp\/v2\/pages\/160","targetHints":{"allow":["GET"]}}],"collection":[{"href":"https:\/\/kie.ue.poznan.pl\/pl\/wp-json\/wp\/v2\/pages"}],"about":[{"href":"https:\/\/kie.ue.poznan.pl\/pl\/wp-json\/wp\/v2\/types\/page"}],"author":[{"embeddable":true,"href":"https:\/\/kie.ue.poznan.pl\/pl\/wp-json\/wp\/v2\/users\/1"}],"replies":[{"embeddable":true,"href":"https:\/\/kie.ue.poznan.pl\/pl\/wp-json\/wp\/v2\/comments?post=160"}],"version-history":[{"count":0,"href":"https:\/\/kie.ue.poznan.pl\/pl\/wp-json\/wp\/v2\/pages\/160\/revisions"}],"wp:attachment":[{"href":"https:\/\/kie.ue.poznan.pl\/pl\/wp-json\/wp\/v2\/media?parent=160"}],"curies":[{"name":"wp","href":"https:\/\/api.w.org\/{rel}","templated":true}]}}