{"id":161,"date":"2020-07-14T20:25:08","date_gmt":"2020-07-14T18:25:08","guid":{"rendered":"http:\/\/kie.ue.poznan.pl\/pl\/?page_id=161"},"modified":"2020-07-14T20:25:08","modified_gmt":"2020-07-14T18:25:08","slug":"platforma-integracyjna","status":"publish","type":"page","link":"https:\/\/kie.ue.poznan.pl\/pl\/platforma-integracyjna\/","title":{"rendered":"Platforma Integracyjna"},"content":{"rendered":"<p>Projekt &#8222;Platforma integracyjna jako metodologia tworzenia rozwi\u0105za\u0144 dla instytucja samorz\u0105du terytorialnego&#8221;  finansowany ze \u015brodk\u00f3w Ministerstwa Nauki i Szkolnictwa Wy\u017cszego, jest kolejn\u0105 inicjatyw\u0105 podejmowan\u0105 przez Katedr\u0119 Informatyki Ekonomicznej, maj\u0105c\u0105 na celu stworzenie rozwi\u0105za\u0144 umo\u017cliwiaj\u0105cych integracj\u0119 urz\u0105dze\u0144 oraz wymian\u0119 zasob\u00f3w potrzebnych do zapewnienia wyselekcjonowanych us\u0142ug elektronicznych. KIE chce rozwi\u0105za\u0144 problem integracji system\u00f3w informacyjnych poprzez zastosowanie otwartych technologii, zapewniaj\u0105cych interoperacyjno\u015b\u0107 na r\u00f3\u017cnych poziomach pomi\u0119dzy urz\u0105dzeniami.<\/p>\n<p>Jednym z oczekiwanych rezultat\u00f3w projektu jest koncepcja platformy integracyjnej. Planowane jest opracowanie metodologii tworzenia us\u0142ug dla samorz\u0105d\u00f3w terytorialnych oraz instytucji IT. Obecnie istniej\u0105 wyznaczniki natury technologicznej i organizacyjnej, kt\u00f3re utrudniaj\u0105 tworzenie us\u0142ug elektronicznych przez jednostki samorz\u0105dowe. R\u00f3\u017cnorodno\u015b\u0107 system\u00f3w budowanych w r\u00f3\u017cnych technologiach sprawia, \u017ce nie mog\u0105 one ze sob\u0105 wsp\u00f3\u0142pracowa\u0107, natomiast ich integracja poci\u0105ga za sob\u0105 koszty, kt\u00f3re cz\u0119sto s\u0105 por\u00f3wnywalne do koszt\u00f3w opracowania nowego systemu. Projektowana platforma jest zaprojektowana tak, aby korzystaj\u0105c z otwartych standard\u00f3w zapewni\u0107 najszerszy mo\u017cliwy dost\u0119p do istniej\u0105cych architektur system\u00f3w i najwi\u0119ksze mo\u017cliwo\u015bci ich integracji.<\/p>\n<p>Pocz\u0105tkowo platforma b\u0119dzie stosowana jedynie w celach testowych, aby zaprezentowa\u0107 jej wykonywalno\u015b\u0107. P\u00f3\u017aniej, przy wykorzystaniu platformy integracyjnej zostanie opracowana metodologia tworzenia us\u0142ug dla jednostek samorz\u0105dowych, kt\u00f3ra poka\u017ce, w jaki spos\u00f3b mo\u017cna efektywnie wykorzystywa\u0107 platform\u0119. D\u0142ugoterminowy wynik projektu b\u0119dzie mierzony poprzez znacz\u0105c\u0105 redukcj\u0119 wysi\u0142k\u00f3w potrzebnych do rozwijania spo\u0142ecze\u0144stwa informacyjnego.<\/p>\n","protected":false},"excerpt":{"rendered":"<p>Projekt &#8222;Platforma integracyjna jako metodologia tworzenia rozwi\u0105za\u0144 dla instytucja samorz\u0105du terytorialnego&#8221; finansowany ze \u015brodk\u00f3w Ministerstwa Nauki i Szkolnictwa Wy\u017cszego, jest kolejn\u0105 inicjatyw\u0105 podejmowan\u0105 przez Katedr\u0119 Informatyki Ekonomicznej, maj\u0105c\u0105 na celu stworzenie rozwi\u0105za\u0144 umo\u017cliwiaj\u0105cych integracj\u0119 urz\u0105dze\u0144 oraz wymian\u0119 zasob\u00f3w potrzebnych do zapewnienia wyselekcjonowanych us\u0142ug elektronicznych. KIE chce rozwi\u0105za\u0144 problem integracji system\u00f3w informacyjnych poprzez zastosowanie otwartych technologii, zapewniaj\u0105cych interoperacyjno\u015b\u0107 na r\u00f3\u017cnych poziomach pomi\u0119dzy urz\u0105dzeniami. Jednym z oczekiwanych rezultat\u00f3w projektu jest koncepcja platformy <a href=\"https:\/\/kie.ue.poznan.pl\/pl\/platforma-integracyjna\/\" class=\"read-more\">&#8230; Wi\u0119cej informacji<\/a><\/p>\n","protected":false},"author":1,"featured_media":0,"parent":0,"menu_order":0,"comment_status":"closed","ping_status":"closed","template":"","meta":{"footnotes":""},"class_list":["post-161","page","type-page","status-publish","hentry"],"_links":{"self":[{"href":"https:\/\/kie.ue.poznan.pl\/pl\/wp-json\/wp\/v2\/pages\/161","targetHints":{"allow":["GET"]}}],"collection":[{"href":"https:\/\/kie.ue.poznan.pl\/pl\/wp-json\/wp\/v2\/pages"}],"about":[{"href":"https:\/\/kie.ue.poznan.pl\/pl\/wp-json\/wp\/v2\/types\/page"}],"author":[{"embeddable":true,"href":"https:\/\/kie.ue.poznan.pl\/pl\/wp-json\/wp\/v2\/users\/1"}],"replies":[{"embeddable":true,"href":"https:\/\/kie.ue.poznan.pl\/pl\/wp-json\/wp\/v2\/comments?post=161"}],"version-history":[{"count":0,"href":"https:\/\/kie.ue.poznan.pl\/pl\/wp-json\/wp\/v2\/pages\/161\/revisions"}],"wp:attachment":[{"href":"https:\/\/kie.ue.poznan.pl\/pl\/wp-json\/wp\/v2\/media?parent=161"}],"curies":[{"name":"wp","href":"https:\/\/api.w.org\/{rel}","templated":true}]}}