{"id":166,"date":"2020-07-14T20:26:29","date_gmt":"2020-07-14T18:26:29","guid":{"rendered":"http:\/\/kie.ue.poznan.pl\/pl\/?page_id=166"},"modified":"2020-07-14T20:26:29","modified_gmt":"2020-07-14T18:26:29","slug":"semantyczny-monitoring-cyberprzestrzeni","status":"publish","type":"page","link":"https:\/\/kie.ue.poznan.pl\/pl\/semantyczny-monitoring-cyberprzestrzeni\/","title":{"rendered":"Semantyczny Monitoring Cyberprzestrzeni"},"content":{"rendered":"<p>Podmioty publiczne i prywatne nieustannie analizuj\u0105 swoje otoczenie w celu wykrycia potencjalnych zagro\u017ce\u0144 dla prowadzonej dzia\u0142alno\u015bci. Przyk\u0142adowo, systemy bankowe badaj\u0105 transakcje odbiegaj\u0105ce od typowych, a systemy obs\u0142uguj\u0105ce gie\u0142dy towarowe i finansowe wyszukuj\u0105 ponadprzeci\u0119tnych zysk\u00f3w, aby okre\u015bli\u0107, czy transakcja nie zosta\u0142a zawarta z wykorzystaniem niedozwolonych informacji. <\/p>\n<p>Celem projektu SMC, finansowanego przez Narodowe Centrum Bada\u0144 i Rozwoju, jest opracowanie metody oraz prototypu narz\u0119dzia, umo\u017cliwiaj\u0105cego integracj\u0119 danych oraz informacji pochodz\u0105cych ze zr\u00f3\u017cnicowanych \u017ar\u00f3de\u0142 dla potrzeb ochrony cyberprzestrzeni poprzez wykrywanie zagro\u017ce\u0144, kt\u00f3re manifestowane s\u0105 w tych \u017ar\u00f3d\u0142ach. W celu wykrywania zagro\u017ce\u0144 w cyberprzestrzeni, w projekcie SMC monitorowane s\u0105 ustrukturyzowane i nieustrukturyzowane zasoby p\u0142ytkiego i g\u0142\u0119bokiego Internetu. Zintegrowane dane i informacje filtrowane s\u0105 pod k\u0105tem wyst\u0105pienia nieprawid\u0142owo\u015bci zwi\u0105zanych z wyst\u0105pieniem zagro\u017cenia.<\/p>\n<p>Cechy systemu<\/p>\n<ul>\n<li>\u0179r\u00f3d\u0142em informacji dla systemu s\u0105 og\u00f3lnodost\u0119pne dokumenty pochodz\u0105ce z Internetu p\u0142ytkiego oraz g\u0142\u0119bokiego. Projekt przewiduje tak\u017ce przetwarzanie danych s\u0142abo ustrukturyzowanych b\u0119d\u0105cych tekstem w j\u0119zyku naturalnym.<\/li>\n<li>Przetwarzane przez system dane pochodz\u0105 z wielu \u017ar\u00f3de\u0142, charakteryzuj\u0105cych si\u0119 r\u00f3\u017cnym stopniem ustrukturyzowania tre\u015bci.<\/li>\n<li>Zdefiniowane \u017arod\u0142a s\u0105 stale monitorowane w celu wykrycia nieprawid\u0142owo\u015bci, mog\u0105cych \u015bwiadczy\u0107 o wyst\u0105pieniu zagro\u017cenia.<\/li>\n<li>Informacje o konkretnej klasie zagro\u017cenia przechowywane s\u0105 w profilach zagro\u017ce\u0144, kt\u00f3re umo\u017cliwiaj\u0105 filtrowanie monitorowanych \u017ar\u00f3de\u0142. <\/li>\n<li>Profile zagro\u017ce\u0144 podlegaj\u0105 ewolucji i budowane s\u0105 automatycznie z wykorzystaniem zdefiniowanych przez specjalist\u00f3w regu\u0142.<\/li>\n<li>Brak konieczno\u015bci anga\u017cowania specjalist\u00f3w dziedzinowych w procesie monitorowania wyst\u0105pienia okre\u015blonej klasy zagro\u017ce\u0144. Ich wk\u0142ad niezb\u0119dny jest jedynie przy definiowaniu metod dzia\u0142ania systemu.<\/li>\n<\/ul>\n<p>Unikalne mo\u017cliwo\u015bci proponowanego rozwi\u0105zania<\/p>\n<ul>\n<li>Ekstrakcja informacji z tekst\u00f3w s\u0142abo ustrukturyzowanych, np. serwis\u00f3w spo\u0142eczno\u015bciowych, portali aukcyjnych.<\/li>\n<li>Integracja pozyskanych informacji pochodz\u0105cych z r\u00f3\u017cnych \u017ar\u00f3de\u0142, zar\u00f3wno og\u00f3lnodost\u0119pnych \u017ar\u00f3de\u0142 internetowych, jak i wewn\u0119trznych baz danych.<\/li>\n<li>Automatyczne wykrywanie zagro\u017ce\u0144 manifestuj\u0105cych si\u0119 w monitorowanych \u017ar\u00f3d\u0142ach.<\/li>\n<li>Wykrywany rodzaj zagro\u017cenia uzale\u017cniony jest jedynie od zdefiniowanych przez ekspert\u00f3w regu\u0142 budowania profilu. Tym samym rozwi\u0105zanie jest uniwersalne i mo\u017ce s\u0142u\u017cy\u0107 do wykrywania r\u00f3\u017cnych zagro\u017ce\u0144.<\/li>\n<\/ul>\n<p>Strona projektu: <a href=\"http:\/\/smc.kie.ue.poznan.pl\/pl\/\" title=\"http:\/\/smc.kie.ue.poznan.pl\/pl\/\">http:\/\/smc.kie.ue.poznan.pl\/pl\/<\/a><\/p>\n","protected":false},"excerpt":{"rendered":"<p>Podmioty publiczne i prywatne nieustannie analizuj\u0105 swoje otoczenie w celu wykrycia potencjalnych zagro\u017ce\u0144 dla prowadzonej dzia\u0142alno\u015bci. Przyk\u0142adowo, systemy bankowe badaj\u0105 transakcje odbiegaj\u0105ce od typowych, a systemy obs\u0142uguj\u0105ce gie\u0142dy towarowe i finansowe wyszukuj\u0105 ponadprzeci\u0119tnych zysk\u00f3w, aby okre\u015bli\u0107, czy transakcja nie zosta\u0142a zawarta z wykorzystaniem niedozwolonych informacji. Celem projektu SMC, finansowanego przez Narodowe Centrum Bada\u0144 i Rozwoju, jest opracowanie metody oraz prototypu narz\u0119dzia, umo\u017cliwiaj\u0105cego integracj\u0119 danych oraz informacji pochodz\u0105cych ze zr\u00f3\u017cnicowanych \u017ar\u00f3de\u0142 <a href=\"https:\/\/kie.ue.poznan.pl\/pl\/semantyczny-monitoring-cyberprzestrzeni\/\" class=\"read-more\">&#8230; Wi\u0119cej informacji<\/a><\/p>\n","protected":false},"author":1,"featured_media":0,"parent":0,"menu_order":0,"comment_status":"closed","ping_status":"closed","template":"","meta":{"footnotes":""},"class_list":["post-166","page","type-page","status-publish","hentry"],"_links":{"self":[{"href":"https:\/\/kie.ue.poznan.pl\/pl\/wp-json\/wp\/v2\/pages\/166","targetHints":{"allow":["GET"]}}],"collection":[{"href":"https:\/\/kie.ue.poznan.pl\/pl\/wp-json\/wp\/v2\/pages"}],"about":[{"href":"https:\/\/kie.ue.poznan.pl\/pl\/wp-json\/wp\/v2\/types\/page"}],"author":[{"embeddable":true,"href":"https:\/\/kie.ue.poznan.pl\/pl\/wp-json\/wp\/v2\/users\/1"}],"replies":[{"embeddable":true,"href":"https:\/\/kie.ue.poznan.pl\/pl\/wp-json\/wp\/v2\/comments?post=166"}],"version-history":[{"count":0,"href":"https:\/\/kie.ue.poznan.pl\/pl\/wp-json\/wp\/v2\/pages\/166\/revisions"}],"wp:attachment":[{"href":"https:\/\/kie.ue.poznan.pl\/pl\/wp-json\/wp\/v2\/media?parent=166"}],"curies":[{"name":"wp","href":"https:\/\/api.w.org\/{rel}","templated":true}]}}