{"id":167,"date":"2020-07-14T20:26:41","date_gmt":"2020-07-14T18:26:41","guid":{"rendered":"http:\/\/kie.ue.poznan.pl\/pl\/?page_id=167"},"modified":"2020-07-14T20:26:41","modified_gmt":"2020-07-14T18:26:41","slug":"semiramida","status":"publish","type":"page","link":"https:\/\/kie.ue.poznan.pl\/pl\/semiramida\/","title":{"rendered":"SEMIRAMIDA"},"content":{"rendered":"<p>G\u0142\u00f3wnym celem projektu SEMIRAMIDA jest stworzenie metod wykorzystania technologii semantycznych w reprezentacji ryzyka w systemach informacyjnych oraz w bran\u017cy ubezpieczeniowej.<br \/>\nCele projektu:<\/p>\n<ul>\n<li>Wypracowanie metod ekstrakcji i agregacji wiedzy na temat ryzyka.<\/li>\n<li> Stworzenie modelu pozwalaj\u0105cego na wykorzystanie zgromadzonej wiedzy, aby obliczy\u0107 standardowe mierniki ryzyka. <\/li>\n<li> Wypracowanie semantycznej struktury ryzyka dla domeny ubezbieczeniowej. <\/li>\n<li> Opracowanie stuktur dla przepis\u00f3w prawa ubezpieczeniowego oraz dokument\u00f3w prawnych zwi\u0105zanych z t\u0105 dziedzin\u0105.<\/li>\n<li> Systematyzacja wiedzy na temat czynnik\u00f3w wp\u0142ywaj\u0105cych na ryzyko. <\/li>\n<li> Wykorzystanie elastyczno\u015bci i interoperacyjno\u015bci w systemach informacyjnych z dziedziny ubezpiecze\u0144. <\/li>\n<\/ul>\n","protected":false},"excerpt":{"rendered":"<p>G\u0142\u00f3wnym celem projektu SEMIRAMIDA jest stworzenie metod wykorzystania technologii semantycznych w reprezentacji ryzyka w systemach informacyjnych oraz w bran\u017cy ubezpieczeniowej. Cele projektu: Wypracowanie metod ekstrakcji i agregacji wiedzy na temat ryzyka. Stworzenie modelu pozwalaj\u0105cego na wykorzystanie zgromadzonej wiedzy, aby obliczy\u0107 standardowe mierniki ryzyka. Wypracowanie semantycznej struktury ryzyka dla domeny ubezbieczeniowej. Opracowanie stuktur dla przepis\u00f3w prawa ubezpieczeniowego oraz dokument\u00f3w prawnych zwi\u0105zanych z t\u0105 dziedzin\u0105. Systematyzacja wiedzy na temat czynnik\u00f3w wp\u0142ywaj\u0105cych na <a href=\"https:\/\/kie.ue.poznan.pl\/pl\/semiramida\/\" class=\"read-more\">&#8230; Wi\u0119cej informacji<\/a><\/p>\n","protected":false},"author":1,"featured_media":0,"parent":0,"menu_order":0,"comment_status":"closed","ping_status":"closed","template":"","meta":{"footnotes":""},"class_list":["post-167","page","type-page","status-publish","hentry"],"_links":{"self":[{"href":"https:\/\/kie.ue.poznan.pl\/pl\/wp-json\/wp\/v2\/pages\/167","targetHints":{"allow":["GET"]}}],"collection":[{"href":"https:\/\/kie.ue.poznan.pl\/pl\/wp-json\/wp\/v2\/pages"}],"about":[{"href":"https:\/\/kie.ue.poznan.pl\/pl\/wp-json\/wp\/v2\/types\/page"}],"author":[{"embeddable":true,"href":"https:\/\/kie.ue.poznan.pl\/pl\/wp-json\/wp\/v2\/users\/1"}],"replies":[{"embeddable":true,"href":"https:\/\/kie.ue.poznan.pl\/pl\/wp-json\/wp\/v2\/comments?post=167"}],"version-history":[{"count":0,"href":"https:\/\/kie.ue.poznan.pl\/pl\/wp-json\/wp\/v2\/pages\/167\/revisions"}],"wp:attachment":[{"href":"https:\/\/kie.ue.poznan.pl\/pl\/wp-json\/wp\/v2\/media?parent=167"}],"curies":[{"name":"wp","href":"https:\/\/api.w.org\/{rel}","templated":true}]}}