{"id":168,"date":"2020-07-14T20:26:54","date_gmt":"2020-07-14T18:26:54","guid":{"rendered":"http:\/\/kie.ue.poznan.pl\/pl\/?page_id=168"},"modified":"2020-07-14T20:27:21","modified_gmt":"2020-07-14T18:27:21","slug":"seneca","status":"publish","type":"page","link":"https:\/\/kie.ue.poznan.pl\/pl\/seneca\/","title":{"rendered":"SENECA: Semantic Networks and Categorization"},"content":{"rendered":"<p><img decoding=\"async\" style=\"float:right;margin:5px;\" src=\"\/pliki\/webimg\/projects\/seneca.png\" title=\"\"\/><\/p>\n<p>Pozyskiwanie informacji zajmuje si\u0119 takimi aspektami jak reprezentacja informacji, jej przechowywanie, organizowanie oraz okre\u015blenie do niej dost\u0119pu. Reprezentacja i organizacja pojedynczych element\u00f3w informacji powinna zapewnia\u0107 u\u017cytkownikowu dost\u0119p do informacji, kt\u00f3re odpowiadaj\u0105 jego zainteresowaniom.<\/p>\n<p>Misja projektu<br \/>\nOg\u00f3lnym celem projektu SENECA jest uzyskanie lepszych wynik\u00f3w prezycji i stopy zwrotu w procesach pozyskiwania informacji, takich jak: wyszukiwanie, dopasowywanie i klasyfikacja dokument\u00f3w, identyfikacja us\u0142ug sieciowych. Bardziej relewantne wyniki mo\u017cna uzyska\u0107 poprzez wykorzystanie odpowiedniej reprezentacji wiedzy: tezaurus\u00f3w, sieci semantycznych oraz ontologii. Dost\u0119pno\u015b\u0107 tych struktur jest jednak ograniczona. Z tego powodu, jednym z cel\u00f3w projektu jest ich automatyczne stworzenie na podstawie dostarczonej hierarchii koncept\u00f3w, ujednoznacznienia s\u0142\u00f3w i klasteringu poj\u0119\u0107.<\/p>\n<p>Efektywne dopasowywanie dokument\u00f3w, wykorzystuj\u0105ce wiedz\u0119 opisan\u0105 semantycznie, mo\u017ce zosta\u0107 u\u017cyte do ochrony w\u0142asno\u015bci intelektualnej w korporacji, np. dzi\u0119ki wykrywaniu plagiat\u00f3w, filtrowaniu strumienia dokument\u00f3w korporacji czy odpowiadaj\u0105cych opatentowanych specyfikacji.<\/p>\n<p>Cele projektu:<\/p>\n<ul>\n<li> Automatyczne ujednoznacznianie poj\u0119\u0107. <\/li>\n<li> Automatyczne tworzenie reprezentacji wiedzy dla danej domeny (budowanie ontologii) na podstawie \u017ar\u00f3de\u0142 z Sieci. <\/li>\n<li> Ewaluacja ontologii na korpusach dokument\u00f3w z wybranych dziedzin. <\/li>\n<li> Wykorzystanie ontologii, w celu poprawienia efektywno\u015bci technik wyszukiwania. <\/li>\n<li> Ochrona w\u0142asno\u015bci intelektualnej i wykrywanie plagiat\u00f3w. <\/li>\n<li> Wykorzystanie ontologii w procesie klasyfikacji us\u0142ug sieciowych. <\/li>\n<li> Identyfikowanie proces\u00f3w biznesowych, kt\u00f3re odpowiadaj\u0105 okre\u015blonym us\u0142ugom sieciowym. <\/li>\n<\/ul>\n","protected":false},"excerpt":{"rendered":"<p>Pozyskiwanie informacji zajmuje si\u0119 takimi aspektami jak reprezentacja informacji, jej przechowywanie, organizowanie oraz okre\u015blenie do niej dost\u0119pu. Reprezentacja i organizacja pojedynczych element\u00f3w informacji powinna zapewnia\u0107 u\u017cytkownikowu dost\u0119p do informacji, kt\u00f3re odpowiadaj\u0105 jego zainteresowaniom. Misja projektu Og\u00f3lnym celem projektu SENECA jest uzyskanie lepszych wynik\u00f3w prezycji i stopy zwrotu w procesach pozyskiwania informacji, takich jak: wyszukiwanie, dopasowywanie i klasyfikacja dokument\u00f3w, identyfikacja us\u0142ug sieciowych. Bardziej relewantne wyniki mo\u017cna uzyska\u0107 poprzez wykorzystanie odpowiedniej reprezentacji <a href=\"https:\/\/kie.ue.poznan.pl\/pl\/seneca\/\" class=\"read-more\">&#8230; Wi\u0119cej informacji<\/a><\/p>\n","protected":false},"author":1,"featured_media":0,"parent":0,"menu_order":0,"comment_status":"closed","ping_status":"closed","template":"","meta":{"footnotes":""},"class_list":["post-168","page","type-page","status-publish","hentry"],"_links":{"self":[{"href":"https:\/\/kie.ue.poznan.pl\/pl\/wp-json\/wp\/v2\/pages\/168","targetHints":{"allow":["GET"]}}],"collection":[{"href":"https:\/\/kie.ue.poznan.pl\/pl\/wp-json\/wp\/v2\/pages"}],"about":[{"href":"https:\/\/kie.ue.poznan.pl\/pl\/wp-json\/wp\/v2\/types\/page"}],"author":[{"embeddable":true,"href":"https:\/\/kie.ue.poznan.pl\/pl\/wp-json\/wp\/v2\/users\/1"}],"replies":[{"embeddable":true,"href":"https:\/\/kie.ue.poznan.pl\/pl\/wp-json\/wp\/v2\/comments?post=168"}],"version-history":[{"count":0,"href":"https:\/\/kie.ue.poznan.pl\/pl\/wp-json\/wp\/v2\/pages\/168\/revisions"}],"wp:attachment":[{"href":"https:\/\/kie.ue.poznan.pl\/pl\/wp-json\/wp\/v2\/media?parent=168"}],"curies":[{"name":"wp","href":"https:\/\/api.w.org\/{rel}","templated":true}]}}