{"id":170,"date":"2020-07-14T20:27:53","date_gmt":"2020-07-14T18:27:53","guid":{"rendered":"http:\/\/kie.ue.poznan.pl\/pl\/?page_id=170"},"modified":"2020-07-14T20:27:53","modified_gmt":"2020-07-14T18:27:53","slug":"time-determined-ontology-based-information-system-for-real-time-stock-market-analysis","status":"publish","type":"page","link":"https:\/\/kie.ue.poznan.pl\/pl\/time-determined-ontology-based-information-system-for-real-time-stock-market-analysis\/","title":{"rendered":"Time-determined ontology based information system for real time stock market analysis"},"content":{"rendered":"<p>Celem projektu, finansowanego z 6. Programu Ramowego, jest opracowanie metod i prototypu systemu wnioskuj\u0105cego na temat zmian cen akcji, na podstawie informacji ekstrahowanych z tekstowych wiadomo\u015bci na temat sektora finansowego. Wiadomo\u015bci dost\u0119pne inwestorom s\u0105 jedn\u0105 z g\u0142\u00f3wnych determinant ich decyzji oraz przewidywa\u0144 odno\u015bnie ewolucji rynk\u00f3w. W zwi\u0105zku z tym,  interpretacja semantyki wiadomo\u015bci mo\u017ce u\u0142atwi\u0107 analizy i przewidywania sytuacji na rynku. <\/p>\n<p>Projekt ma na celu rozwini\u0119cie aktualnych j\u0119zyk\u00f3w opisu ontologii (OWL, RDF-S, RDF), poprzez dodanie wymiaru czasowego, umo\u017cliwiaj\u0105cego przeprowadzanie w czasie rzeczywistym analiz\u0119 informacji, zale\u017cnej od kontekstu. W trakcie trwania projektu zostanie opracowany semantyczny broker akcji, dzia\u0142aj\u0105cy na podstawie ontologii determinowanej czasowo, kt\u00f3rej aktualny stan zale\u017cy od nowych tekstowych wiadomo\u015bci oraz warto\u015bci liczbowych charakteryzuj\u0105cych rynek. System zinterpretuje te wiadomo\u015bci i uwzgl\u0119dni je w ontologii, aby lepiej opisywa\u0142a realny \u015bwiat w nich przedstawiony.<\/p>\n<p>Demonstracyjna aplikacja zastosowana w zagadnieniach zwi\u0105zanych z gie\u0142d\u0105, b\u0119dzie dawa\u0142a rezultat w postaci polepszenia wska\u017anika ROI, dzi\u0119ki wsparciu efektywnych system\u00f3w zarz\u0105dzania wiedz\u0105.<\/p>\n<p><small><b>Strona zewn\u0119trzna projektu:<\/b> <\/p>\n<p><a href=\"http:\/\/www.towl.org\/\" title=\"http:\/\/www.towl.org\/\">http:\/\/www.towl.org\/<\/a><\/p>\n<p><\/small><\/p>\n","protected":false},"excerpt":{"rendered":"<p>Celem projektu, finansowanego z 6. Programu Ramowego, jest opracowanie metod i prototypu systemu wnioskuj\u0105cego na temat zmian cen akcji, na podstawie informacji ekstrahowanych z tekstowych wiadomo\u015bci na temat sektora finansowego. Wiadomo\u015bci dost\u0119pne inwestorom s\u0105 jedn\u0105 z g\u0142\u00f3wnych determinant ich decyzji oraz przewidywa\u0144 odno\u015bnie ewolucji rynk\u00f3w. W zwi\u0105zku z tym, interpretacja semantyki wiadomo\u015bci mo\u017ce u\u0142atwi\u0107 analizy i przewidywania sytuacji na rynku. Projekt ma na celu rozwini\u0119cie aktualnych j\u0119zyk\u00f3w opisu ontologii (OWL, <a href=\"https:\/\/kie.ue.poznan.pl\/pl\/time-determined-ontology-based-information-system-for-real-time-stock-market-analysis\/\" class=\"read-more\">&#8230; Wi\u0119cej informacji<\/a><\/p>\n","protected":false},"author":1,"featured_media":0,"parent":0,"menu_order":0,"comment_status":"closed","ping_status":"closed","template":"","meta":{"footnotes":""},"class_list":["post-170","page","type-page","status-publish","hentry"],"_links":{"self":[{"href":"https:\/\/kie.ue.poznan.pl\/pl\/wp-json\/wp\/v2\/pages\/170","targetHints":{"allow":["GET"]}}],"collection":[{"href":"https:\/\/kie.ue.poznan.pl\/pl\/wp-json\/wp\/v2\/pages"}],"about":[{"href":"https:\/\/kie.ue.poznan.pl\/pl\/wp-json\/wp\/v2\/types\/page"}],"author":[{"embeddable":true,"href":"https:\/\/kie.ue.poznan.pl\/pl\/wp-json\/wp\/v2\/users\/1"}],"replies":[{"embeddable":true,"href":"https:\/\/kie.ue.poznan.pl\/pl\/wp-json\/wp\/v2\/comments?post=170"}],"version-history":[{"count":0,"href":"https:\/\/kie.ue.poznan.pl\/pl\/wp-json\/wp\/v2\/pages\/170\/revisions"}],"wp:attachment":[{"href":"https:\/\/kie.ue.poznan.pl\/pl\/wp-json\/wp\/v2\/media?parent=170"}],"curies":[{"name":"wp","href":"https:\/\/api.w.org\/{rel}","templated":true}]}}