{"id":171,"date":"2020-07-14T20:29:08","date_gmt":"2020-07-14T18:29:08","guid":{"rendered":"http:\/\/kie.ue.poznan.pl\/pl\/?page_id=171"},"modified":"2020-07-14T20:29:08","modified_gmt":"2020-07-14T18:29:08","slug":"use-me-gov","status":"publish","type":"page","link":"https:\/\/kie.ue.poznan.pl\/pl\/use-me-gov\/","title":{"rendered":"Use-Me.Gov &#8211; Usability-driven Open Platform for Mobile Government"},"content":{"rendered":"<p><img decoding=\"async\" style=\"float:right;margin:5px\" src=\"\/pliki\/webimg\/projects\/usemegov.png\" title=\"\"\/><\/p>\n<p>Use-Me.Gov jest badawczo-rozwojowym projektem Unii Europejskiej, maj\u0105cym na celu wspieranie i rozwijanie wykorzystania us\u0142ug elektronicznej gospodarki, dost\u0119pnych o dowolnym czasie i z dowolnego miejsca poprzez technologie mobilne i Internetowe. D\u0142ugoterminowym celem projektu jest rozwini\u0119cie Next-Generation Open Service Platform dla u\u017cytkownik\u00f3w korzystaj\u0105cych z technologii mobilnych, kt\u00f3re mog\u0105 by\u0107 wykorzystywane przez jednostki samorz\u0105dowe i instytucje (np. w skali lokalnej) w zakresie infrasktruktury technicznej, informacji (tre\u015bci) oraz framework\u00f3w do komercyjnego wykorzystania. Otwarta Platforma Us\u0142ug b\u0119dzie spe\u0142nia\u0107 wymagania wysokiego stopnia, dzi\u0119ki czemu pozwoli na zmniejszenie koszt\u00f3w wdro\u017cenia, w tym: wsp\u00f3\u0142dzielenia informacji (tre\u015bci), zmniejszenie zale\u017cno\u015bci od gotowych komercyjnych rozwi\u0105za\u0144, polepszy interoperacyjno\u015b\u0107 i skalowalno\u015b\u0107. Us\u0142ugi USE-ME.GOV b\u0119d\u0105 zaspokaja\u0107 specyficzne potrzeby u\u017cytkownik\u00f3w, z uwzgl\u0119dnieniem ich kontekstu, wieku oraz zainteresowa\u0144, og\u00f3lnych barier biurokratycznych, zwi\u0119kszaj\u0105c tym samym jako\u015b\u0107 \u017cycia obywateli oraz pomagaj\u0105c r\u00f3wnie\u017c prywatnym firmom poprawi\u0107 efektywno\u015b\u0107 ich dzia\u0142ania. Platforma b\u0119dzie przyjazna u\u017cytkownikom i b\u0119dzie j\u0105 cechowa\u0142 wysoki stopie\u0144 u\u017cyteczno\u015bci, pozwalaj\u0105c na \u0142atwe wyszukiwanie informacji z uwzgl\u0119dnieniem lokalizacji, kontekstu i zainteresowa\u0144 u\u017cytkownika. Us\u0142ugi b\u0119d\u0105 \u0142atwe w konfiguracji i wdro\u017ceniu, niezale\u017cne od drogich rozwi\u0105za\u0144 software&#8217;owych i sprz\u0119towych, niewymagaj\u0105ce wysokich umiej\u0119tno\u015bci technicznych, umo\u017cliwiaj\u0105ce komunikacj\u0119 pomi\u0119dzy komponentami z platform zbudowanych w r\u00f3\u017cnych standardach. Otwarte standardy dotycz\u0105 opis\u00f3w interfejs\u00f3w us\u0142ug, protoko\u0142\u00f3w lokalizacji us\u0142ug, protoko\u0142\u00f3w \u017c\u0105da\u0144 us\u0142ug, polityki prywatno\u015bci, modeli bezpiecze\u0144stwa oraz format\u00f3w danych odnosz\u0105cych si\u0119 np. do informacji geograficznych czy lokalizacyjnych. Projekt USE-ME.GOV b\u0119dzie wspiera\u0142 w\u0142adze chc\u0105ce wprowadzi\u0107 us\u0142ugi na rynek mobilny, poprzez dostarczenie platformy open source, kt\u00f3ra umo\u017cliwi im: wsp\u00f3\u0142dzielenie powszechnych modu\u0142\u00f3w z innymi departamentami lub w\u0142adzani (np. komponenty ostrzegawcze), bezpieczne wdro\u017cenie i wykonywanie operacji, przyci\u0105gni\u0119cie kolejnych operator\u00f3w mobilnych oraz oszacowanie \u015brodk\u00f3w, wynik\u00f3w i korzy\u015bci.<\/p>\n<p><small><b>Strona zewn\u0119trzna projektu:<\/b> <\/p>\n<p><a href=\"http:\/\/www.usemegov.org\/\" title=\"http:\/\/www.usemegov.org\/\">http:\/\/www.usemegov.org\/<\/a><\/p>\n<p><\/small><\/p>\n","protected":false},"excerpt":{"rendered":"<p>Use-Me.Gov jest badawczo-rozwojowym projektem Unii Europejskiej, maj\u0105cym na celu wspieranie i rozwijanie wykorzystania us\u0142ug elektronicznej gospodarki, dost\u0119pnych o dowolnym czasie i z dowolnego miejsca poprzez technologie mobilne i Internetowe. D\u0142ugoterminowym celem projektu jest rozwini\u0119cie Next-Generation Open Service Platform dla u\u017cytkownik\u00f3w korzystaj\u0105cych z technologii mobilnych, kt\u00f3re mog\u0105 by\u0107 wykorzystywane przez jednostki samorz\u0105dowe i instytucje (np. w skali lokalnej) w zakresie infrasktruktury technicznej, informacji (tre\u015bci) oraz framework\u00f3w do komercyjnego wykorzystania. Otwarta Platforma <a href=\"https:\/\/kie.ue.poznan.pl\/pl\/use-me-gov\/\" class=\"read-more\">&#8230; Wi\u0119cej informacji<\/a><\/p>\n","protected":false},"author":1,"featured_media":0,"parent":0,"menu_order":0,"comment_status":"closed","ping_status":"closed","template":"","meta":{"footnotes":""},"class_list":["post-171","page","type-page","status-publish","hentry"],"_links":{"self":[{"href":"https:\/\/kie.ue.poznan.pl\/pl\/wp-json\/wp\/v2\/pages\/171","targetHints":{"allow":["GET"]}}],"collection":[{"href":"https:\/\/kie.ue.poznan.pl\/pl\/wp-json\/wp\/v2\/pages"}],"about":[{"href":"https:\/\/kie.ue.poznan.pl\/pl\/wp-json\/wp\/v2\/types\/page"}],"author":[{"embeddable":true,"href":"https:\/\/kie.ue.poznan.pl\/pl\/wp-json\/wp\/v2\/users\/1"}],"replies":[{"embeddable":true,"href":"https:\/\/kie.ue.poznan.pl\/pl\/wp-json\/wp\/v2\/comments?post=171"}],"version-history":[{"count":0,"href":"https:\/\/kie.ue.poznan.pl\/pl\/wp-json\/wp\/v2\/pages\/171\/revisions"}],"wp:attachment":[{"href":"https:\/\/kie.ue.poznan.pl\/pl\/wp-json\/wp\/v2\/media?parent=171"}],"curies":[{"name":"wp","href":"https:\/\/api.w.org\/{rel}","templated":true}]}}