{"id":172,"date":"2020-07-14T20:35:10","date_gmt":"2020-07-14T18:35:10","guid":{"rendered":"http:\/\/kie.ue.poznan.pl\/pl\/?page_id=172"},"modified":"2020-07-14T20:35:10","modified_gmt":"2020-07-14T18:35:10","slug":"service-web-3-0","status":"publish","type":"page","link":"https:\/\/kie.ue.poznan.pl\/pl\/service-web-3-0\/","title":{"rendered":"Service Web 3.0"},"content":{"rendered":"<p>Celem projektu Service Web 3.0 jest rozpowszechnianie idei us\u0142ug, w tym semantycznych us\u0142ug sieciowych, udost\u0119pnianych w nast\u0119pnej generacji sieci WWW, jak\u0105 b\u0119dzie sie\u0107 us\u0142ug (ang. Service Web). Dlatego do g\u0142\u00f3wnych zada\u0144 projektu nale\u017c\u0105 organizacja wydarze\u0144, przygotowanie materia\u0142\u00f3w promocyjnych oraz raport\u00f3w technicznych pozwalaj\u0105cych na zapoznanie si\u0119 z tematyk\u0105 semantycznych us\u0142ug sieciowych oraz kierunkami rozwoju sieci WWW. Projekt wspiera r\u00f3wnie\u017c dzia\u0142ania badawcze oraz standaryzacyjne z tego zakresu.<\/p>\n<p>Do szczeg\u00f3\u0142owych zada\u0144 projektu nale\u017c\u0105:<\/p>\n<ul>\n<li>przygotowanie oraz aktualizacja dokument\u00f3w dotycz\u0105cych horyzontu czasowego wdro\u017cenia technologii zwi\u0105zanych z Internetem przysz\u0142o\u015bci,<\/li>\n<li>stworzenie grup badawczych pracuj\u0105cych w tematyce semantycznych us\u0142ug sieciowych w ramach STI International oraz ich koordynacja,<\/li>\n<li>opracowanie materia\u0142\u00f3w promocyjnych oraz raport\u00f3w technicznych maj\u0105cych na celu podniesienie poziomu wiedzy na temat technologii semantycznych us\u0142ug sieciowych i sieci semantycznej WWW (ang. Semantic Web), w szczeg\u00f3lno\u015bci dla ma\u0142ych i \u015brednich przedsi\u0119biorstw,<\/li>\n<li>wspieranie dzia\u0142alno\u015bci standaryzacyjnej w obszarze semantycznych opis\u00f3w us\u0142ug sieciowych,<\/li>\n<li>tworzenie powi\u0105za\u0144 mi\u0119dzy projektami z dziedziny us\u0142ug i Internetu przysz\u0142o\u015bci w celu wykorzystania potencjalnych synergii,<\/li>\n<li>organizacja konferencji i seminari\u00f3w.<\/li>\n<\/ul>\n<p>Projekt finansowany jest ze \u015brodk\u00f3w 7 Programu Ramowego jako Suport Action. Zosta\u0142 zg\u0142oszony na 1 konkurs w temacie: ICT-2007.1.2 Service and Software Architectures Infrastructures and Engineering.<br \/>\n<small><b>Strona zewn\u0119trzna projektu:<\/b><\/small><a title=\"http:\/\/www.serviceweb30.eu\/cms\/\" href=\"http:\/\/www.serviceweb30.eu\/cms\/\">http:\/\/www.serviceweb30.eu\/cms\/<\/a><\/p>\n","protected":false},"excerpt":{"rendered":"<p>Celem projektu Service Web 3.0 jest rozpowszechnianie idei us\u0142ug, w tym semantycznych us\u0142ug sieciowych, udost\u0119pnianych w nast\u0119pnej generacji sieci WWW, jak\u0105 b\u0119dzie sie\u0107 us\u0142ug (ang. Service Web). Dlatego do g\u0142\u00f3wnych zada\u0144 projektu nale\u017c\u0105 organizacja wydarze\u0144, przygotowanie materia\u0142\u00f3w promocyjnych oraz raport\u00f3w technicznych pozwalaj\u0105cych na zapoznanie si\u0119 z tematyk\u0105 semantycznych us\u0142ug sieciowych oraz kierunkami rozwoju sieci WWW. Projekt wspiera r\u00f3wnie\u017c dzia\u0142ania badawcze oraz standaryzacyjne z tego zakresu. Do szczeg\u00f3\u0142owych zada\u0144 projektu nale\u017c\u0105: <a href=\"https:\/\/kie.ue.poznan.pl\/pl\/service-web-3-0\/\" class=\"read-more\">&#8230; Wi\u0119cej informacji<\/a><\/p>\n","protected":false},"author":1,"featured_media":0,"parent":0,"menu_order":0,"comment_status":"closed","ping_status":"closed","template":"","meta":{"footnotes":""},"class_list":["post-172","page","type-page","status-publish","hentry"],"_links":{"self":[{"href":"https:\/\/kie.ue.poznan.pl\/pl\/wp-json\/wp\/v2\/pages\/172","targetHints":{"allow":["GET"]}}],"collection":[{"href":"https:\/\/kie.ue.poznan.pl\/pl\/wp-json\/wp\/v2\/pages"}],"about":[{"href":"https:\/\/kie.ue.poznan.pl\/pl\/wp-json\/wp\/v2\/types\/page"}],"author":[{"embeddable":true,"href":"https:\/\/kie.ue.poznan.pl\/pl\/wp-json\/wp\/v2\/users\/1"}],"replies":[{"embeddable":true,"href":"https:\/\/kie.ue.poznan.pl\/pl\/wp-json\/wp\/v2\/comments?post=172"}],"version-history":[{"count":0,"href":"https:\/\/kie.ue.poznan.pl\/pl\/wp-json\/wp\/v2\/pages\/172\/revisions"}],"wp:attachment":[{"href":"https:\/\/kie.ue.poznan.pl\/pl\/wp-json\/wp\/v2\/media?parent=172"}],"curies":[{"name":"wp","href":"https:\/\/api.w.org\/{rel}","templated":true}]}}