{"id":173,"date":"2020-07-14T20:37:22","date_gmt":"2020-07-14T18:37:22","guid":{"rendered":"http:\/\/kie.ue.poznan.pl\/pl\/?page_id=173"},"modified":"2020-07-14T20:37:22","modified_gmt":"2020-07-14T18:37:22","slug":"semantic-utilised-for-process-management-within-and-between-enterprises","status":"publish","type":"page","link":"https:\/\/kie.ue.poznan.pl\/pl\/semantic-utilised-for-process-management-within-and-between-enterprises\/","title":{"rendered":"Semantic Utilised for Process Management within and between Enterprises"},"content":{"rendered":"<p><img decoding=\"async\" style=\"float:right;margin:5px;\" src=\"\/pliki\/webimg\/projects\/super.png\" title=\"\"><\/p>\n<p>G\u0142\u00f3wnym celem projektu SUPER jest przeniesienie Zarz\u0105dzania Procesami Biznesowymi (ang. Business Process Management &#8211; BPM) na poziom biznesowy, gdzie funkcjonalnie ono nale\u017cy, z poziomu IT, gdzie zazwyczaj jest ono wykonywane. Zrealizowanie tego celu wymaga, aby BPM by\u0142o dost\u0119pne na semantycznym poziomie ekspert\u00f3w biznesowych.<\/p>\n<p>W realizacji wspomnianego celu pom\u00f3c maj\u0105 technologie Internetu Semantycznego (ang. Semantic Web &#8211; SW) oraz Semantycznych Us\u0142ug Sieciowych (ang. Semantic Web Services &#8211; SWS), wykorzystane w po\u0142\u0105czeniu z do\u015bwiadczeniem w dziedzinie BPM. Internet Semantyczny, a w szczeg\u00f3lno\u015bci technologia SWS, oferuje obiecuj\u0105ce rozwi\u0105zania w zakresie intergracji aplikacji na poziomie semantycznym. Dzi\u0119ki po\u0142\u0105czeniu SWS z BPM oraz rozwini\u0119ciu jednolitej technologii, SUPER tworzy ontologie horyzontalne, opisuj\u0105ce procesy biznesowe, oraz wertykalne, zorientowane na us\u0142ugi telekomunikacyjne, kt\u00f3rych zadaniem jest wspieranie adnotacji specyficznych dla domeny.<\/p>\n<p>W ten spos\u00f3b, projekt ma na celu dostarczenie narz\u0119dzi i struktur, opartych na semantyce i zale\u017cnych od kontekstu, zbudowanych przy pomocy technologii Semantycznych Us\u0142ug Sieciowych, kt\u00f3re b\u0119d\u0105 umo\u017cliwia\u0142y pozyskiwanie, organizowanie, wsp\u00f3\u0142dzielenie i u\u017cytkowanie wiedzy zagnie\u017cd\u017conej w procesach biznesowych, istniej\u0105cej w u\u017cytkowanych systemach IT, jak i \u015bwiadomo\u015bci u\u017cytkownik\u00f3w, co pozwoli przedsi\u0119biorstwom na lepsz\u0105 adaptacj\u0119 do aktualnych warunk\u00f3w.<\/p>\n<p>Projekt odpowiada na dwie wa\u017cne kwestie, pojawiaj\u0105ce si\u0119 w BPM:<\/p>\n<ul>\n<li> przeniesienie kontroli nad procesami od specjalist\u00f3w IT, do ekspert\u00f3w biznesowych, <\/li>\n<li> przeniesienie zarz\u0105dzania procesami biznesowymi na nowy poziom z\u0142o\u017cono\u015bci. <\/li>\n<\/ul>\n<p>Katedra Informatyki Ekonomicznej jest aktywnym partnerem w konsorcjum realizuj\u0105cym projekt i bierze udzia\u0142 w realizacji kilku pakiet\u00f3w roboczych. Poza rozpowszechnianiem rezultat\u00f3w projektu, KIE zosta\u0142o zaanga\u017cowane w prace badawcze prowadzone w ramach czterech pakiet\u00f3w roboczych. Szczeg\u00f3\u0142owe zadania wykonywane przez KIE obejmowa\u0142y:<\/p>\n<ul>\n<li>WP1 Semantic BP Ontology and BP Operational Semantics: stworzenie zbioru ontologii, opisuj\u0105cych procesy biznesowe, us\u0142ugi i funkcje biznesowe wykonywane przez partner\u00f3w przemys\u0142owych.<\/li>\n<li>WP3 Dynamic Semantic Process Composition: opracowanie biblioteki semantycznych proces\u00f3w biznesowych (ang. Semantic Business Process Library), rozwini\u0119cie algorytmu kompozycji proces\u00f3w uwzgl\u0119dniaj\u0105cego parametry pozafunkcjonalne, implenetacja Business Process Discoverer, badania nad choreografi\u0105 semantycznie opisanych modeli proces\u00f3w.<\/li>\n<li>WP4 Business Process Mediation: t\u0142umaczenie z sBPMN oraz sEPC na BPMO, wykorzystuj\u0105ce reprezentacj\u0119 XPDL proces\u00f3w biznesowych.<\/li>\n<li>WP7 Architecture, Interoperability and Integration: KIE by\u0142o zaanga\u017cowane w zadania zwi\u0105zane z tworzeniem modelu konceptualnego architektury SUPER.<\/li>\n<\/ul>\n<p>Ponadto, KIE by\u0142o koordynatorem PhD Programme, kt\u00f3rego celem jest pomoc doktorantom zaanga\u017cowanym w projekt, w wymianie pomys\u0142\u00f3w z innymi oraz zapewnienie wspracia bardziej do\u015bwiadczonych naukowc\u00f3w.<\/p>\n<p><small><b>Strona zewn\u0119trzna projektu:<\/b> <\/p>\n<p><a href=\"http:\/\/ip-super.kie.ue.poznan.pl\" title=\"http:\/\/ip-super.kie.ue.poznan.pl\">http:\/\/ip-super.kie.ue.poznan.pl<\/a><\/p>\n<p><\/small><\/p>\n","protected":false},"excerpt":{"rendered":"<p>G\u0142\u00f3wnym celem projektu SUPER jest przeniesienie Zarz\u0105dzania Procesami Biznesowymi (ang. Business Process Management &#8211; BPM) na poziom biznesowy, gdzie funkcjonalnie ono nale\u017cy, z poziomu IT, gdzie zazwyczaj jest ono wykonywane. Zrealizowanie tego celu wymaga, aby BPM by\u0142o dost\u0119pne na semantycznym poziomie ekspert\u00f3w biznesowych. W realizacji wspomnianego celu pom\u00f3c maj\u0105 technologie Internetu Semantycznego (ang. Semantic Web &#8211; SW) oraz Semantycznych Us\u0142ug Sieciowych (ang. Semantic Web Services &#8211; SWS), wykorzystane w po\u0142\u0105czeniu <a href=\"https:\/\/kie.ue.poznan.pl\/pl\/semantic-utilised-for-process-management-within-and-between-enterprises\/\" class=\"read-more\">&#8230; Wi\u0119cej informacji<\/a><\/p>\n","protected":false},"author":1,"featured_media":0,"parent":0,"menu_order":0,"comment_status":"closed","ping_status":"closed","template":"","meta":{"footnotes":""},"class_list":["post-173","page","type-page","status-publish","hentry"],"_links":{"self":[{"href":"https:\/\/kie.ue.poznan.pl\/pl\/wp-json\/wp\/v2\/pages\/173","targetHints":{"allow":["GET"]}}],"collection":[{"href":"https:\/\/kie.ue.poznan.pl\/pl\/wp-json\/wp\/v2\/pages"}],"about":[{"href":"https:\/\/kie.ue.poznan.pl\/pl\/wp-json\/wp\/v2\/types\/page"}],"author":[{"embeddable":true,"href":"https:\/\/kie.ue.poznan.pl\/pl\/wp-json\/wp\/v2\/users\/1"}],"replies":[{"embeddable":true,"href":"https:\/\/kie.ue.poznan.pl\/pl\/wp-json\/wp\/v2\/comments?post=173"}],"version-history":[{"count":0,"href":"https:\/\/kie.ue.poznan.pl\/pl\/wp-json\/wp\/v2\/pages\/173\/revisions"}],"wp:attachment":[{"href":"https:\/\/kie.ue.poznan.pl\/pl\/wp-json\/wp\/v2\/media?parent=173"}],"curies":[{"name":"wp","href":"https:\/\/api.w.org\/{rel}","templated":true}]}}