{"id":174,"date":"2020-07-14T20:39:58","date_gmt":"2020-07-14T18:39:58","guid":{"rendered":"http:\/\/kie.ue.poznan.pl\/pl\/?page_id=174"},"modified":"2020-07-14T20:40:02","modified_gmt":"2020-07-14T18:40:02","slug":"adaptive-services-grid","status":"publish","type":"page","link":"https:\/\/kie.ue.poznan.pl\/pl\/adaptive-services-grid\/","title":{"rendered":"Adaptive Services Grid"},"content":{"rendered":"<p><img decoding=\"async\" style=\"float:right;margin:5px;\" src=\"\/pliki\/webimg\/projects\/asg.png\" title=\"\"><\/p>\n<p>Celem projektu ASG jest stworzenie prototypu otwartej platformy, s\u0142u\u017cacej do adaptacyjnego wykrywania, tworzenia, kompozycji i zarz\u0105dzania us\u0142ugami. Aby osi\u0105gn\u0105\u0107 wspomniany cel, ASG adresuje naukowe i technologiczne problemy, wykorzystuj\u0105c wiedz\u0119 czo\u0142owych europejskich jednostek badawczych, zajmuj\u0105cych si\u0119 tworzeniem oprogramowania, technologiami telekomunikacyjnymi czy telematyk\u0105. <\/p>\n<p>ASG to zbi\u00f3r podprojekt\u00f3w, w tym narz\u0119dzi rozwijanych przez ma\u0142e i \u015brednie przedsi\u0119biorstwa, zintegrowanych ze sob\u0105 w jedn\u0105 otwart\u0105 platform\u0119. Na podstawie semantycznej specyfikacji us\u0142ug, z kt\u00f3rych chc\u0105 skorzysta\u0107 klienci, ASG wykrywa odpowiednie us\u0142ugi, komponuje je w z\u0142o\u017cone procesy oraz, w razie potrzeby, generuje oprogramowanie do tworzenia nowych us\u0142ug aplikacji na \u017c\u0105danie. Nast\u0119pnie, us\u0142ugi aplikacji zostaj\u0105 dostarczone poprzez znajduj\u0105c\u0105 si\u0119 poni\u017cej obliczeniow\u0105 infrastruktur\u0119 GRIDow\u0105. <\/p>\n<p>W proponowanym projekcie, metody i poj\u0119cia z zakresu architektury oprogramowania, metodologii rozwijania oprogramowania, kompozycji us\u0142ug sieciowych oraz planowania i koordynacji proces\u00f3w przep\u0142ywu pracy, zostan\u0105 uzupe\u0142nione o najnowsze wyniki bada\u0144 dotycz\u0105ce in\u017cynierii dziedziny, wytwarzania oprogramowania, Internetu Semantycznego oraz agent\u00f3w uzgadniaj\u0105cych. Wp\u0142yw projektu na rozw\u00f3j technologiczny Europy jest wspierany przez silne zaanga\u017cowanie jednostek przemys\u0142owych w rozwijanie platformy, jej wdro\u017cenie oraz wykorzystanie w dziedzinach telekomunikacji i telematyki. ASG ma znaczenie dla spo\u0142ecze\u0144stwa, gdy\u017c pomaga zmniejszy\u0107 przepa\u015b\u0107 w dziedzinie telekomunikacji, telematyki i rozwoju przedsi\u0119biorstw IT, pomi\u0119dzy pa\u0144stwami cz\u0142onkowskimi UE i pa\u0144stwami kandyduj\u0105cymi.<\/p>\n<p><small><b>Strona zewn\u0119trzna projektu:<\/b> <\/p>\n<p><a href=\"http:\/\/asg-platform.org\/\" title=\"http:\/\/asg-platform.org\/\">http:\/\/asg-platform.org\/<\/a><\/p>\n<p><\/small><\/p>\n","protected":false},"excerpt":{"rendered":"<p>Celem projektu ASG jest stworzenie prototypu otwartej platformy, s\u0142u\u017cacej do adaptacyjnego wykrywania, tworzenia, kompozycji i zarz\u0105dzania us\u0142ugami. Aby osi\u0105gn\u0105\u0107 wspomniany cel, ASG adresuje naukowe i technologiczne problemy, wykorzystuj\u0105c wiedz\u0119 czo\u0142owych europejskich jednostek badawczych, zajmuj\u0105cych si\u0119 tworzeniem oprogramowania, technologiami telekomunikacyjnymi czy telematyk\u0105. ASG to zbi\u00f3r podprojekt\u00f3w, w tym narz\u0119dzi rozwijanych przez ma\u0142e i \u015brednie przedsi\u0119biorstwa, zintegrowanych ze sob\u0105 w jedn\u0105 otwart\u0105 platform\u0119. Na podstawie semantycznej specyfikacji us\u0142ug, z kt\u00f3rych chc\u0105 skorzysta\u0107 <a href=\"https:\/\/kie.ue.poznan.pl\/pl\/adaptive-services-grid\/\" class=\"read-more\">&#8230; Wi\u0119cej informacji<\/a><\/p>\n","protected":false},"author":1,"featured_media":0,"parent":0,"menu_order":0,"comment_status":"closed","ping_status":"closed","template":"","meta":{"footnotes":""},"class_list":["post-174","page","type-page","status-publish","hentry"],"_links":{"self":[{"href":"https:\/\/kie.ue.poznan.pl\/pl\/wp-json\/wp\/v2\/pages\/174","targetHints":{"allow":["GET"]}}],"collection":[{"href":"https:\/\/kie.ue.poznan.pl\/pl\/wp-json\/wp\/v2\/pages"}],"about":[{"href":"https:\/\/kie.ue.poznan.pl\/pl\/wp-json\/wp\/v2\/types\/page"}],"author":[{"embeddable":true,"href":"https:\/\/kie.ue.poznan.pl\/pl\/wp-json\/wp\/v2\/users\/1"}],"replies":[{"embeddable":true,"href":"https:\/\/kie.ue.poznan.pl\/pl\/wp-json\/wp\/v2\/comments?post=174"}],"version-history":[{"count":0,"href":"https:\/\/kie.ue.poznan.pl\/pl\/wp-json\/wp\/v2\/pages\/174\/revisions"}],"wp:attachment":[{"href":"https:\/\/kie.ue.poznan.pl\/pl\/wp-json\/wp\/v2\/media?parent=174"}],"curies":[{"name":"wp","href":"https:\/\/api.w.org\/{rel}","templated":true}]}}