{"id":24,"date":"2020-05-20T12:56:43","date_gmt":"2020-05-20T10:56:43","guid":{"rendered":"http:\/\/kie.ue.poznan.pl\/pl\/?page_id=24"},"modified":"2025-01-27T20:14:26","modified_gmt":"2025-01-27T19:14:26","slug":"katedra","status":"publish","type":"page","link":"https:\/\/kie.ue.poznan.pl\/pl\/katedra\/","title":{"rendered":"Katedra"},"content":{"rendered":"<p>Katedra Informatyki Ekonomicznej jest jednostk\u0105 <a href=\"https:\/\/ue.poznan.pl\/uniwersytet\/instytuty-i-katedry\/instytut-informatyki-i-ekonomii-ilosciowej\/\">Instytutu Informatyki i Ekonomii Ilo\u015bciowej<\/a> na <a href=\"https:\/\/ue.poznan.pl\/pl\/\">Uniwersytecie Ekonomicznym w Poznaniu<\/a>. Problematyka naukowa <a href=\"\/pl\/zakres-prowadzonych-badan\/\">bada\u0144 prowadzonych w KIE<\/a> obejmuje: techniki reprezentacji wiedzy, zasilanie informacyjne system\u00f3w informatycznych, filtry informacyjne (z naciskiem na personalizacj\u0119 i uwzgl\u0119dnienie kontekstu), ekstrakcj\u0119 i integracj\u0119 informacji ze \u017ar\u00f3de\u0142 g\u0142\u0119bokiego Internetu, architektury SOA jak r\u00f3wnie\u017c profilowanie i szacowanie parametr\u00f3w jako\u015bciowych oprogramowania.<\/p>\n<p>Katedra Informatyki Ekonomicznej prowadzi zaj\u0119cia dydaktyczne w zakresie szeroko rozumianej informatyki ekonomicznej, zapewniaj\u0105c studentom doskona\u0142e zaplecze wiedzy niezb\u0119dnej w karierze zawodowej.<\/p>\n","protected":false},"excerpt":{"rendered":"<p>Katedra Informatyki Ekonomicznej jest jednostk\u0105 Instytutu Informatyki i Ekonomii Ilo\u015bciowej na Uniwersytecie Ekonomicznym w Poznaniu. Problematyka naukowa bada\u0144 prowadzonych w KIE obejmuje: techniki reprezentacji wiedzy, zasilanie informacyjne system\u00f3w informatycznych, filtry informacyjne (z naciskiem na personalizacj\u0119 i uwzgl\u0119dnienie kontekstu), ekstrakcj\u0119 i integracj\u0119 informacji ze \u017ar\u00f3de\u0142 g\u0142\u0119bokiego Internetu, architektury SOA jak r\u00f3wnie\u017c profilowanie i szacowanie parametr\u00f3w jako\u015bciowych oprogramowania. Katedra Informatyki Ekonomicznej prowadzi zaj\u0119cia dydaktyczne w zakresie szeroko rozumianej informatyki ekonomicznej, zapewniaj\u0105c studentom <a href=\"https:\/\/kie.ue.poznan.pl\/pl\/katedra\/\" class=\"read-more\">&#8230; Wi\u0119cej informacji<\/a><\/p>\n","protected":false},"author":1,"featured_media":496,"parent":0,"menu_order":0,"comment_status":"closed","ping_status":"closed","template":"","meta":{"footnotes":""},"class_list":["post-24","page","type-page","status-publish","has-post-thumbnail","hentry"],"_links":{"self":[{"href":"https:\/\/kie.ue.poznan.pl\/pl\/wp-json\/wp\/v2\/pages\/24","targetHints":{"allow":["GET"]}}],"collection":[{"href":"https:\/\/kie.ue.poznan.pl\/pl\/wp-json\/wp\/v2\/pages"}],"about":[{"href":"https:\/\/kie.ue.poznan.pl\/pl\/wp-json\/wp\/v2\/types\/page"}],"author":[{"embeddable":true,"href":"https:\/\/kie.ue.poznan.pl\/pl\/wp-json\/wp\/v2\/users\/1"}],"replies":[{"embeddable":true,"href":"https:\/\/kie.ue.poznan.pl\/pl\/wp-json\/wp\/v2\/comments?post=24"}],"version-history":[{"count":0,"href":"https:\/\/kie.ue.poznan.pl\/pl\/wp-json\/wp\/v2\/pages\/24\/revisions"}],"wp:featuredmedia":[{"embeddable":true,"href":"https:\/\/kie.ue.poznan.pl\/pl\/wp-json\/wp\/v2\/media\/496"}],"wp:attachment":[{"href":"https:\/\/kie.ue.poznan.pl\/pl\/wp-json\/wp\/v2\/media?parent=24"}],"curies":[{"name":"wp","href":"https:\/\/api.w.org\/{rel}","templated":true}]}}