{"id":27,"date":"2020-05-20T13:00:05","date_gmt":"2020-05-20T11:00:05","guid":{"rendered":"http:\/\/kie.ue.poznan.pl\/pl\/?page_id=27"},"modified":"2025-11-06T20:30:26","modified_gmt":"2025-11-06T19:30:26","slug":"members","status":"publish","type":"page","link":"https:\/\/kie.ue.poznan.pl\/pl\/members\/","title":{"rendered":"Zesp\u00f3\u0142"},"content":{"rendered":"<style>.memblock{width:100%; padding: 10px; font-size: 16px;}<\/style>\n<div style=\"text-align:right\">Zobacz te\u017c: <a href=\"\/pl\/dyzury\/\">dy\u017cury pracownik\u00f3w<\/a>, <a href=\"\/pl\/byli-pracownicy\">byli pracownicy<\/a><\/div>\n<hr \/>\n<div class=\"memblock\">\n<p><img decoding=\"async\" style=\"float: right;\" src=\"\/pl\/wp-content\/uploads\/2020\/10\/KAW.jpg\" \/><\/p>\n<p><a href=\"\/pl\/krzysztof-wecel\"><strong>dr hab. Krzysztof W\u0119cel, prof. UEP<\/strong><\/a><br \/>\n<em>Kierownik Katedry<\/em><\/p>\n<ul>\n<li>E-mail: <a href=\"mailto:krzysztof.wecel@ue.poznan.pl\">krzysztof.wecel@ue.poznan.pl<\/a><\/li>\n<li>Telefon: +48 (61) 639-28-09<\/li>\n<\/ul>\n<div style=\"clear: both;\"><\/div>\n<\/div>\n<hr \/>\n<div class=\"memblock\">\n<p><img decoding=\"async\" style=\"float: right;\" src=\"\/pl\/wp-content\/uploads\/2020\/10\/AF.png\" \/><\/p>\n<p><a href=\"\/pl\/agata-filipowska\"><strong>dr hab. Agata Filipowska, prof. UEP<\/strong><\/a><br \/>\n<em>Profesor UEP<\/em><\/p>\n<ul>\n<li>E-mail: <a href=\"mailto:agata.filipowska@ue.poznan.pl\">agata.filipowska@ue.poznan.pl<\/a><\/li>\n<li>Telefon: +48 (61) 854-36-32 | +48 (61) 639-28-06<\/li>\n<\/ul>\n<div style=\"clear: both;\"><\/div>\n<\/div>\n<hr \/>\n<div class=\"memblock\">\n<p><img decoding=\"async\" style=\"float: right;\" src=\"\/img\/members\/SG.png\" \/><\/p>\n<p><a href=\"https:\/\/kie.ue.poznan.pl\/pl\/szczepan-gortowski\/\"><strong>dr Szczepan G\u00f3rtowski<\/strong><\/a><br \/>\n<em>Asystent<\/em><\/p>\n<ul>\n<li>E-mail: <a href=\"mailto:szczepan.gortowski@ue.poznan.pl\">szczepan.gortowski@ue.poznan.pl<\/a><\/li>\n<li>Telefon: &#8211;<\/li>\n<\/ul>\n<div style=\"clear: both;\"><\/div>\n<\/div>\n<hr \/>\n<div class=\"memblock\">\n<p><img decoding=\"async\" style=\"width: 135px; float: right;\" src=\"https:\/\/kie.ue.poznan.pl\/pl\/wp-content\/uploads\/2024\/07\/lewanska2024.jpg\" \/><\/p>\n<p><a href=\"\/pl\/elzbieta-lewanska\"><strong>dr El\u017cbieta Lewa\u0144ska<\/strong><\/a><br \/>\n<em>Adiunkt<\/em><\/p>\n<ul>\n<li>E-mail: <a href=\"mailto:elzbieta.lewanska@ue.poznan.pl\">elzbieta.lewanska@ue.poznan.pl<\/a><\/li>\n<li>Telefon: +48 (61) 639-28-02<\/li>\n<\/ul>\n<div style=\"clear: both;\"><\/div>\n<\/div>\n<hr \/>\n<div class=\"memblock\">\n<p><img decoding=\"async\" src=\"https:\/\/kie.ue.poznan.pl\/pl\/wp-content\/uploads\/2024\/04\/lewoniewski2024.jpg\" style=\"width: 135px; float: right;\" \/><\/p>\n<p><a href=\"\/pl\/wlodzimierz-lewoniewski\"><strong>dr W\u0142odzimierz Lewoniewski<\/strong><\/a><br \/>\n<em>Adiunkt<\/em><\/p>\n<ul>\n<li>E-mail: <a href=\"mailto:wlodzimierz.lewoniewski@ue.poznan.pl\">wlodzimierz.lewoniewski@ue.poznan.pl<\/a><\/li>\n<li>Telefon: +48 (61) 639-27-93<\/li>\n<li>Strona WWW: <a href=\"https:\/\/lewoniewski.info\">lewoniewski.info<\/a><\/li>\n<\/ul>\n<div style=\"clear: both;\"><\/div>\n<\/div>\n<hr \/>\n<div class=\"memblock\">\n<p><img decoding=\"async\" style=\"float: right;\" src=\"\/img\/members\/PS.png\" \/><\/p>\n<p><a href=\"\/pl\/piotr-stolarski\"><strong>dr Piotr Stolarski<\/strong><\/a><br \/>\n<em>Adiunkt<\/em><\/p>\n<ul>\n<li>E-mail: <a href=\"mailto:piotr.stolarski@ue.poznan.pl\">piotr.stolarski@ue.poznan.pl<\/a><\/li>\n<li>Telefon: +48 (61) 639-27-95<\/li>\n<\/ul>\n<div style=\"clear: both;\"><\/div>\n<\/div>\n<hr \/>\n<div class=\"memblock\">\n<p><img decoding=\"async\" src=\"https:\/\/kie.ue.poznan.pl\/pl\/wp-content\/uploads\/2024\/04\/strozyna2024.jpg\" style=\"width: 135px; float: right;\" \/><\/p>\n<p><a href=\"\/pl\/milena-strozyna\"><strong>dr Milena Str\u00f3\u017cyna<\/strong><\/a><br \/>\n<em>Adiunkt<\/em><\/p>\n<ul>\n<li>E-mail: <a href=\"mailto:milena.strozyna@ue.poznan.pl\">milena.strozyna@ue.poznan.pl<\/a><\/li>\n<li>Telefon: +48 (61) 639-28-02<\/li>\n<\/ul>\n<div style=\"clear: both;\"><\/div>\n<\/div>\n<hr \/>\n<div class=\"memblock\">\n<p><img decoding=\"async\" src=\"https:\/\/kie.ue.poznan.pl\/pl\/wp-content\/uploads\/2024\/10\/izabela_czumalowska.jpg\" style=\"width: 135px; float: right;\" \/><\/p>\n<p><strong><a href=\"https:\/\/kie.ue.poznan.pl\/pl\/izabela-czumalowska\/\">mgr Izabela Czuma\u0142owska<\/a><\/strong><br \/>\n<em>Asystent<\/em><\/p>\n<ul>\n<li>E-mail: <a href=\"mailto:izabela.czumalowska@ue.poznan.pl\">izabela.czumalowska@ue.poznan.pl<\/a><\/li>\n<li>Telefon: &#8211;<\/li>\n<\/ul>\n<div style=\"clear: both;\"><\/div>\n<\/div>\n<hr \/>\n<div class=\"memblock\">\n<p><img decoding=\"async\" style=\"float: right;\" src=\"\/pl\/wp-content\/uploads\/2022\/10\/EK.jpg\" \/><\/p>\n<p><strong><a href=\"https:\/\/kie.ue.poznan.pl\/pl\/ewelina-ksiezniak\/\">mgr Ewelina Ksi\u0119\u017cniak<\/a><\/strong><br \/>\n<em>Asystent<\/em><\/p>\n<ul>\n<li>E-mail: <a href=\"mailto:ewelina.ksiezniak@ue.poznan.pl\">ewelina.ksiezniak@ue.poznan.pl<\/a><\/li>\n<li>Telefon: &#8211;<\/li>\n<\/ul>\n<div style=\"clear: both;\"><\/div>\n<\/div>\n<hr \/>\n<div class=\"memblock\">\n<p><img decoding=\"async\" style=\"float: right;\" src=\"\/pl\/wp-content\/uploads\/2024\/03\/oskar_riewe-perla.png\" \/><\/p>\n<p><strong><a href=\"https:\/\/kie.ue.poznan.pl\/pl\/oskar-riewe-perla\/\">mgr Oskar Riewe-Per\u0142a<\/a><\/strong><br \/>\n<em>Asystent<\/em><\/p>\n<ul>\n<li>E-mail: <a href=\"mailto:oskar.riewe-perla@ue.poznan.pl\">oskar.riewe-perla@ue.poznan.pl<\/a><\/li>\n<li>Telefon: &#8211;<\/li>\n<\/ul>\n<div style=\"clear: both;\"><\/div>\n<\/div>\n<hr \/>\n<div class=\"memblock\">\n<p><img decoding=\"async\" style=\"float: right;\" src=\"\/pl\/wp-content\/uploads\/2022\/11\/marcin_sawinski.jpg\" \/><\/p>\n<p><strong><a href=\"https:\/\/kie.ue.poznan.pl\/pl\/marcin-sawinski\/\">mgr Marcin Sawi\u0144ski<\/a><\/strong><br \/>\n<em>Asystent<\/em><\/p>\n<ul>\n<li>E-mail: <a href=\"mailto:marcin.sawinski@ue.poznan.pl\">marcin.sawinski@ue.poznan.pl<\/a><\/li>\n<li>Telefon: &#8211;<\/li>\n<\/ul>\n<div style=\"clear: both;\"><\/div>\n<\/div>\n<hr \/>\n<div class=\"memblock\">\n<p><img decoding=\"async\" style=\"float: right; width: 135px;\" src=\"https:\/\/kie.ue.poznan.pl\/pl\/wp-content\/uploads\/2025\/11\/tym-208x300.jpg\" \/><\/p>\n<p><strong><a href=\"https:\/\/kie.ue.poznan.pl\/pl\/mikolaj-tym\/\">mgr Miko\u0142aj Tym<\/a><\/strong><br \/>\n<em>Asystent<\/em><\/p>\n<ul>\n<li>E-mail: <a href=\"mailto:mikolaj.tym@ue.poznan.pl\">mikolaj.tym@ue.poznan.pl<\/a><\/li>\n<li>Telefon: &#8211;<\/li>\n<\/ul>\n<div style=\"clear: both;\"><\/div>\n<\/div>\n<hr \/>\n","protected":false},"excerpt":{"rendered":"<p>Zobacz te\u017c: dy\u017cury pracownik\u00f3w, byli pracownicy dr hab. Krzysztof W\u0119cel, prof. UEP Kierownik Katedry E-mail: krzysztof.wecel@ue.poznan.pl Telefon: +48 (61) 639-28-09 dr hab. Agata Filipowska, prof. UEP Profesor UEP E-mail: agata.filipowska@ue.poznan.pl Telefon: +48 (61) 854-36-32 | +48 (61) 639-28-06 dr Szczepan G\u00f3rtowski Asystent E-mail: szczepan.gortowski@ue.poznan.pl Telefon: &#8211; dr El\u017cbieta Lewa\u0144ska Adiunkt E-mail: elzbieta.lewanska@ue.poznan.pl Telefon: +48 (61) 639-28-02 dr W\u0142odzimierz Lewoniewski Adiunkt E-mail: wlodzimierz.lewoniewski@ue.poznan.pl Telefon: +48 (61) 639-27-93 Strona WWW: lewoniewski.info dr <a href=\"https:\/\/kie.ue.poznan.pl\/pl\/members\/\" class=\"read-more\">&#8230; Wi\u0119cej informacji<\/a><\/p>\n","protected":false},"author":1,"featured_media":59,"parent":0,"menu_order":0,"comment_status":"closed","ping_status":"closed","template":"","meta":{"footnotes":""},"class_list":["post-27","page","type-page","status-publish","has-post-thumbnail","hentry"],"_links":{"self":[{"href":"https:\/\/kie.ue.poznan.pl\/pl\/wp-json\/wp\/v2\/pages\/27","targetHints":{"allow":["GET"]}}],"collection":[{"href":"https:\/\/kie.ue.poznan.pl\/pl\/wp-json\/wp\/v2\/pages"}],"about":[{"href":"https:\/\/kie.ue.poznan.pl\/pl\/wp-json\/wp\/v2\/types\/page"}],"author":[{"embeddable":true,"href":"https:\/\/kie.ue.poznan.pl\/pl\/wp-json\/wp\/v2\/users\/1"}],"replies":[{"embeddable":true,"href":"https:\/\/kie.ue.poznan.pl\/pl\/wp-json\/wp\/v2\/comments?post=27"}],"version-history":[{"count":0,"href":"https:\/\/kie.ue.poznan.pl\/pl\/wp-json\/wp\/v2\/pages\/27\/revisions"}],"wp:featuredmedia":[{"embeddable":true,"href":"https:\/\/kie.ue.poznan.pl\/pl\/wp-json\/wp\/v2\/media\/59"}],"wp:attachment":[{"href":"https:\/\/kie.ue.poznan.pl\/pl\/wp-json\/wp\/v2\/media?parent=27"}],"curies":[{"name":"wp","href":"https:\/\/api.w.org\/{rel}","templated":true}]}}