{"id":31,"date":"2020-05-20T13:09:29","date_gmt":"2020-05-20T11:09:29","guid":{"rendered":"http:\/\/kie.ue.poznan.pl\/pl\/?page_id=31"},"modified":"2026-03-11T19:59:37","modified_gmt":"2026-03-11T18:59:37","slug":"seminaria","status":"publish","type":"page","link":"https:\/\/kie.ue.poznan.pl\/pl\/seminaria\/","title":{"rendered":"Seminaria"},"content":{"rendered":"<p>Na tej stronie podane s\u0105 oferty seminari\u00f3w pracownik\u00f3w Katedry Informatyki Ekonomicznej:<\/p>\n<ul>\n<li><a href=\"#wecel\">dr hab. Krzysztof W\u0119cel, prof. UEP<\/a><\/li>\n<li><a href=\"#filipowska\">dr hab. Agata Filipowska, prof. UEP<\/a><\/li>\n<li><a href=\"#gortowski\">dr Szczepan G\u00f3rtowski<\/a><\/li>\n<li><a href=\"#lewanska\">dr El\u017cbieta Lewa\u0144ska<\/a><\/li>\n<li><a href=\"#lewoniewski\">dr W\u0142odzimierz Lewoniewski<\/a><\/li>\n<li><a href=\"#stolarski\">dr Piotr Stolarski<\/a><\/li>\n<li><a href=\"#strozyna\">dr Milena Str\u00f3\u017cyna<\/a><\/li>\n<\/ul>\n<p><!--more--><\/p>\n<p>Terminy zapis\u00f3w na seminaria podane s\u0105 na <a href=\"https:\/\/ue.poznan.pl\/pl\/studenci,c172\/biuro-obslugi-studenta,c13199\/komunikaty,c13203\/\" rel=\"noopener noreferrer\" target=\"_blank\">osobnej stronie<\/a>.<\/p>\n<h2 id=\"wecel\"><a href=\"\/pl\/krzysztof-wecel\">dr hab. Krzysztof W\u0119cel, prof. UEP<\/a><\/h2>\n<h3>Seminarium dyplomowe: &#8222;Technologie semantyczne&#8221;<\/h3>\n<p style=\"text-align: center;\">(<a href=\"http:\/\/kie.ue.poznan.pl\/pl\/wp-content\/uploads\/2020\/11\/Seminarium_KW.pdf\">wersja PDF<\/a>)<br \/>\n<img decoding=\"async\" class=\"alignnone size-full wp-image-35\" src=\"http:\/\/kie.ue.poznan.pl\/pl\/wp-content\/uploads\/2020\/11\/seminariakw2.png\" alt=\"\" width=\"100%\" \/><br \/>\nPrzyk\u0142adowe tematy prac z poprzednich edycji:<\/p>\n<ul>\n<li>Ujednoznacznianie informacji o firmach na przyk\u0142adzie danych z zam\u00f3wie\u0144 publicznych<\/li>\n<li>Weryfikacja jako\u015bci danych Wikipedii na podstawie analizy cytowa\u0144<\/li>\n<li>\u015aledzenie ruch\u00f3w ga\u0142ki ocznej do okre\u015blania jako\u015bci informacji<\/li>\n<li>Linked Open Data w analizie zam\u00f3wie\u0144 publicznych<\/li>\n<li>Wykorzystanie Gry Miejskiej w celu uzupe\u0142nianie informacji w projekcie Open Street Map<\/li>\n<li>Ocena zastosowania atrybut\u00f3w audio w predykcji nacechowania emocjonalnego tekstu utwor\u00f3w na przyk\u0142adzie Spotify<\/li>\n<\/ul>\n<p>Warunki zg\u0142oszenia na seminarium dyplomowe (studia stacjonarne)<br \/>\nZg\u0142oszenie powinno zawiera\u0107 nast\u0119puj\u0105ce informacje:<\/p>\n<ul>\n<li>Imi\u0119 i nazwisko, Numer indeksu, E-mail<\/li>\n<li>Kierunek studi\u00f3w, specjalizacja<\/li>\n<li>\u015arednia ze studi\u00f3w (liczona zgodnie z metodyk\u0105 dziekanatu)<\/li>\n<li>Ewentualny udzia\u0142 w: praktykach, pracach k\u00f3\u0142 naukowych, publikacjach, projektach, inne<\/li>\n<\/ul>\n<p>Prosz\u0119 o opatrzenie informacji zgod\u0105 na przetwarzanie danych osobowych w procesie rekrutacji na seminarium.<\/p>\n<p>Tematy na spotkanie w sprawie kwalifikacji na seminarium<\/p>\n<ul>\n<li>Zrealizowane projekty<\/li>\n<li>Tematyka pracy w kontek\u015bcie tematyki seminarium<\/li>\n<li>Umiej\u0119tno\u015bci informatyczne, znajomo\u015b\u0107 narz\u0119dzi<\/li>\n<li>Znajomo\u015b\u0107 j\u0119zyk\u00f3w obcych<\/li>\n<li>Zainteresowania pozainformatyczne, plany zawodowe<\/li>\n<\/ul>\n<p>Kryteria przyj\u0119\u0107 na seminarium<\/p>\n<ol start=\"0\">\n<li>CC \u2013 creative and curious.<\/li>\n<li>Zainteresowania studenta (zgodno\u015b\u0107 z tematyk\u0105 seminarium)<\/li>\n<li>Ch\u0119\u0107 i zdolno\u015b\u0107 do samodzielnych docieka\u0144<\/li>\n<li>Praktyczna znajomo\u015b\u0107 zagadnie\u0144 IT lub biznesowych<\/li>\n<li>\u015arednia ze studi\u00f3w<\/li>\n<li>Wynik rozmowy kwalifikacyjnej<\/li>\n<\/ol>\n<hr \/>\n<h2 id=\"filipowska\"><a href=\"\/pl\/agata-filipowska\">dr hab. Agata Filipowska, prof. UEP<\/a><\/h2>\n<h3>Temat seminarium: Metody analizy danych w profilowaniu dla przedsi\u0119biorstw i administracji<\/h3>\n<p>Szczeg\u00f3\u0142owa tematyka seminarium:<\/p>\n<ul>\n<li>metody analizy danych ustrukturyzowanych, nieustrukturyzowanych czy obraz\u00f3w,<\/li>\n<li>metody pozyskiwania danych z r\u00f3\u017cnych \u017ar\u00f3de\u0142, w tym kwestie etyczne i prawne,<\/li>\n<li>analiza i modelowanie potrzeb przedsi\u0119biorstwa w zakresie system\u00f3w informacyjnych (w tym analiza procesowa),<\/li>\n<li>projektowanie rozwi\u0105za\u0144 informatycznych dla przedsi\u0119biorstw (lub jednostek administracji),<\/li>\n<li>projektowanie metod analizy danych dla rozwi\u0105zywania problem\u00f3w przedsi\u0119biorstw,<\/li>\n<li>profilowanie u\u017cytkownik\u00f3w, proces\u00f3w i rzeczy,<\/li>\n<li>\u017ar\u00f3d\u0142a i technologie pozyskiwania danych i informacji dla przedsi\u0119biorstw.<\/li>\n<\/ul>\n<p>Powy\u017csze technologie mog\u0105 by\u0107 zastosowane w wielu rozmaitych bran\u017cach, w tym np. telekomunikacji, energetyce, budownictwie czy medycynie. Przyk\u0142adowe tematy prac licencjackich dotyczy\u0142y w ostatnich latach: profilowania preferencji muzycznych czy informacyjnych, zastosowa\u0144 technologii Big Data w rozmaitych bran\u017cach, wizualizacji danych dla potrzeb przedsi\u0119biorstw, wykorzystania danych z sieci spo\u0142eczno\u015bciowych w rozmaitych scenariuszach biznesowych, technologii dla Smart City i wielu innych.<\/p>\n<hr \/>\n<h2 id=\"gortowski\"><a href=\"\/pl\/szczepan-gortowski\">dr Szczepan G\u00f3rtowski<\/a><\/h2>\n<h3>Seminarium<\/h3>\n<ul>\n<li>Eksploracja danych<\/li>\n<li>Wizualizacja danych<\/li>\n<li>Business Intelligence (BI)<\/li>\n<li>Wspomaganie decyzji biznesowych<\/li>\n<li>Ocena jako\u015bci wizualizacji danych<\/li>\n<li>Storytelling danych<\/li>\n<li>Generatywna AI w analizie danych<\/li>\n<li>Automatyzacja analizy danych<\/li>\n<li>Zastosowania AI w biznesie<\/li>\n<li>Narz\u0119dzia wizualizacyjne w organizacjach<\/li>\n<li>Tematy zaproponowane przez Studenta<\/li>\n<\/ul>\n<hr \/>\n<h2 id=\"lewanska\"><a href=\"\/pl\/elzbieta-lewanska\">dr El\u017cbieta Lewa\u0144ska<\/a><\/h2>\n<h3>Seminarium dyplomowe: \u201eSystemy IT w gospodarce cyfrowej\u201d<\/h3>\n<p>Tematem seminarium jest rola system\u00f3w IT r\u00f3\u017cnych klas w budowaniu gospodarki opartej na wiedzy. Szczeg\u00f3\u0142owa tematyka obejmuje m.in.:<\/p>\n<ul>\n<li>zarz\u0105dzanie informacj\u0105: modele, metody i narz\u0119dzia,<\/li>\n<li>klasy system\u00f3w IT i ich zastosowanie w organizacjach,<\/li>\n<li>potrzeby informacyjne w organizacjach,<\/li>\n<li>budowanie wiedzy, metody i narz\u0119dzia zarz\u0105dzania wiedz\u0105,<\/li>\n<li>modele biznesowe w gospodarce opartej na wiedzy.<\/li>\n<\/ul>\n<p>Kryteria przyj\u0119\u0107:<\/p>\n<ul>\n<li>zainteresowanie tematyk\u0105 seminarium,<\/li>\n<li>kolejno\u015b\u0107 zg\u0142osze\u0144,<\/li>\n<li>rozmowa kwalifikacyjna,<\/li>\n<li>dobra znajomo\u015b\u0107 j\u0119zyka angielskiego.<\/li>\n<\/ul>\n<p>Kontakt: <a href=\"mailto:elzbieta.lewanska@ue.poznan.pl\">elzbieta.lewanska@ue.poznan.pl<\/a><\/p>\n<hr \/>\n<h2 id=\"lewoniewski\"><a href=\"\/pl\/wlodzimierz-lewoniewski\">dr W\u0142odzimierz Lewoniewski<\/a><\/h2>\n<h3>Seminarium dyplomowe: \u201eEksploracja Wikipedii oraz innych otwartych \u017ar\u00f3de\u0142 informacji\u201d<\/h3>\n<p>Temat seminarium jest zwi\u0105zany z analiz\u0105 wieloj\u0119zycznych informacji w popularnych otwartych serwisach internetowych, takich jak Wikipedia, DBpedia, Wikidane, OpenAlex, Common Crawl, Trendy Google oraz innych. Dotyczy to przede wszystkim r\u00f3\u017cnych sposob\u00f3w okre\u015blania i pozyskania miar <a href=\"https:\/\/pl.wikiq.net\">jako\u015bci informacji w Wikipedii<\/a> oraz takich zagadnie\u0144 jak:<\/p>\n<ul>\n<li>Analiza \u017ar\u00f3de\u0142 informacji Wikipedii<\/li>\n<li>Budowanie modeli automatycznej oceny jako\u015bci informacji<\/li>\n<li>Semantyczne przetwarzanie informacji<\/li>\n<li>Wizualizacja otwartych danych<\/li>\n<li>Przetwarzanie j\u0119zyka naturalnego<\/li>\n<li>Por\u00f3wnanie wieloj\u0119zycznych informacji<\/li>\n<li>Badanie reputacji u\u017cytkownik\u00f3w w serwisach internetowych<\/li>\n<li>Bibliometria, analiza danych bibliograficznych<\/li>\n<\/ul>\n<p>Kryteria przyj\u0119\u0107:<\/p>\n<ol>\n<li>zainteresowania studenta,<\/li>\n<li>kolejno\u015b\u0107 zg\u0142osze\u0144,<\/li>\n<li>rozmowa kwalifikacyjna,<\/li>\n<li>znajomo\u015b\u0107 j\u0119zyk\u00f3w obcych.<\/li>\n<\/ol>\n<hr \/>\n<h2 id=\"stolarski\"><a href=\"\/pl\/piotr-stolarski\">dr Piotr Stolarski<\/a><\/h2>\n<h3>Seminarium dyplomowe \u201eInnowacyjne technologie w finansach\u201d<\/h3>\n<p>Seminarium adresowane jest do student\u00f3w I stopnia studi\u00f3w stacjonarnych i niestacjonarnych, kt\u00f3rzy zainteresowani s\u0105 zastosowaniem nowoczesnych technologii oraz wdra\u017caniem innowacyjnych rozwi\u0105za\u0144 sprz\u0119towo-programowych w szeroko rozumianym sektorze finansowym. Seminarzysta powinien mie\u0107 \u015bwiadomo\u015b\u0107 wagi oraz potrzeb w zakresie wprowadzania racjonalizatorskich podej\u015b\u0107 na rynkach finansowych &#8211; zar\u00f3wno w sektorze bankowo\u015bci, ubezpiecze\u0144 jak i pokrewnych. Na podstawie przeprowadzonych bada\u0144 literaturowych oraz dyskusji na seminarium zostanie okre\u015blona szczeg\u00f3\u0142owa tematyka pracy oraz metody bada\u0144, kt\u00f3re pos\u0142u\u017c\u0105 do jej przygotowania.<\/p>\n<p>Problematyka seminarium obejmuje:<\/p>\n<ul>\n<li>Rejestry rozproszone i kryptowaluty<\/li>\n<li>Inteligentne kontrakty i aplikacje rozproszone<\/li>\n<li>Aspekty regulacyjne i prawne innowacyjnych technologii informatycznych<\/li>\n<li>Insurtech, Fintech<\/li>\n<li>Nowe modele biznesowe nap\u0119dzane danymi<\/li>\n<li>Zagadnienia bezpiecze\u0144stwa w systemach informacyjnych<\/li>\n<\/ul>\n<p>Kryterium przyj\u0119\u0107:<\/p>\n<ol>\n<li>Rozmowa na temat zainteresowa\u0144.<\/li>\n<li>\u015arednia z ocen (pomocniczo).<\/li>\n<\/ol>\n<p>Serdecznie zapraszam!<\/p>\n<hr \/>\n<h2 id=\"strozyna\"><a href=\"\/pl\/milena-strozyna\">dr Milena Str\u00f3\u017cyna<\/a><\/h2>\n<h3>Seminarium dyplomowe \u201eModelowanie i analiza danych\u201d<\/h3>\n<p>Tematem seminarium jest modelowanie i analiza danych i ich zastosowanie w dzia\u0142alno\u015bci przedsi\u0119biorstw. Szczeg\u00f3\u0142owa tematyka obejmuje m.in.:<\/p>\n<ul>\n<li>Metody i narz\u0119dzia analizy danych<\/li>\n<li>Modelowanie, pozyskiwanie i integracja danych pochodz\u0105cych z r\u00f3\u017cnych \u017ar\u00f3de\u0142<\/li>\n<li>Jako\u015b\u0107 danych<\/li>\n<li>Modelowanie proces\u00f3w biznesowych<\/li>\n<li>Realizacja proces\u00f3w biznesowych w systemach ERP<\/li>\n<li>Innowacyjne modele biznesowe nap\u0119dzane danymi<\/li>\n<\/ul>\n<p>Kryteria przyj\u0119\u0107:<\/p>\n<ul>\n<li>Przes\u0142anie zg\u0142oszenia w formie elektronicznej na adres <a href=\"mailto:milena.strozyna@ue.poznan.pl\"><span class=\"spamspan\"><span class=\"u\">milena.strozyna<\/span>@<span class=\"d\">ue.poznan.pl<\/span><\/span><\/a>. Zg\u0142oszenie powinno przedstawia\u0107 profil Kandydata, w tym informacje o: studiach (kierunek, specjalno\u015b\u0107, \u015brednia ze studi\u00f3w), zainteresowaniach informatycznych, znajomo\u015bci narz\u0119dzi informatycznych, znajomo\u015bci j\u0119zyk\u00f3w obcych, ewentualnie uko\u0144czonych kursach, do\u015bwiadczeniu zawodowym, udziale w sta\u017cach\/praktykach.<\/li>\n<li>Dobra znajomo\u015b\u0107 j\u0119zyka angielskiego.<\/li>\n<li>Rozmowa kwalifikacyjna<\/li>\n<\/ul>\n<hr \/>\n","protected":false},"excerpt":{"rendered":"<p>Na tej stronie podane s\u0105 oferty seminari\u00f3w pracownik\u00f3w Katedry Informatyki Ekonomicznej: dr hab. Krzysztof W\u0119cel, prof. UEP dr hab. Agata Filipowska, prof. UEP dr Szczepan G\u00f3rtowski dr El\u017cbieta Lewa\u0144ska dr W\u0142odzimierz Lewoniewski dr Piotr Stolarski dr Milena Str\u00f3\u017cyna<\/p>\n","protected":false},"author":1,"featured_media":58,"parent":0,"menu_order":0,"comment_status":"closed","ping_status":"closed","template":"","meta":{"footnotes":""},"class_list":["post-31","page","type-page","status-publish","has-post-thumbnail","hentry"],"_links":{"self":[{"href":"https:\/\/kie.ue.poznan.pl\/pl\/wp-json\/wp\/v2\/pages\/31","targetHints":{"allow":["GET"]}}],"collection":[{"href":"https:\/\/kie.ue.poznan.pl\/pl\/wp-json\/wp\/v2\/pages"}],"about":[{"href":"https:\/\/kie.ue.poznan.pl\/pl\/wp-json\/wp\/v2\/types\/page"}],"author":[{"embeddable":true,"href":"https:\/\/kie.ue.poznan.pl\/pl\/wp-json\/wp\/v2\/users\/1"}],"replies":[{"embeddable":true,"href":"https:\/\/kie.ue.poznan.pl\/pl\/wp-json\/wp\/v2\/comments?post=31"}],"version-history":[{"count":0,"href":"https:\/\/kie.ue.poznan.pl\/pl\/wp-json\/wp\/v2\/pages\/31\/revisions"}],"wp:featuredmedia":[{"embeddable":true,"href":"https:\/\/kie.ue.poznan.pl\/pl\/wp-json\/wp\/v2\/media\/58"}],"wp:attachment":[{"href":"https:\/\/kie.ue.poznan.pl\/pl\/wp-json\/wp\/v2\/media?parent=31"}],"curies":[{"name":"wp","href":"https:\/\/api.w.org\/{rel}","templated":true}]}}