{"id":364,"date":"2020-10-01T19:12:05","date_gmt":"2020-10-01T17:12:05","guid":{"rendered":"http:\/\/kie.ue.poznan.pl\/pl\/?page_id=364"},"modified":"2020-10-01T19:12:05","modified_gmt":"2020-10-01T17:12:05","slug":"microsoft-azure-dev-tools","status":"publish","type":"page","link":"https:\/\/kie.ue.poznan.pl\/pl\/microsoft-azure-dev-tools\/","title":{"rendered":"Program Microsoft Azure Dev Tools for teaching (Microsoft Imagine, DreamSpark, MSDN AA)"},"content":{"rendered":"<p>Program Microsoft Azure Dev Tools for teaching (dawniej Microsoft Imagine, DreamSpark, MSDN Academic Alliance) Narz\u0119dzia Azure Dev Tools (wcze\u015bniej znane jako Microsoft Imagine Standard i Premium) to oferta oparta na subskrypcji dla szk\u00f3\u0142 i dzia\u0142\u00f3w technologicznych oraz program\u00f3w naukowych, technologicznych, in\u017cynieryjnych i matematycznych (STEM). Zapewnia profesjonalne narz\u0119dzia programistyczne i projektowe, oprogramowanie i us\u0142ugi od firmy Microsoft dla pracownik\u00f3w naukowych i student\u00f3w. Jest przeznaczony dla wydzia\u0142\u00f3w wy\u017cszych uczelni, kt\u00f3re prowadz\u0105 kursy zwi\u0105zane z informatyk\u0105, zapewniaj\u0105c dost\u0119p do najnowszych produkt\u00f3w firmy Microsoft do wykorzystania w celach edukacyjnych lub badawczych. W ramach DreamSpark, studenci i pracownicy Wydzia\u0142u Informatyki i Gospodarki Elektronicznej Uniwersytetu Ekonomicznego w Poznaniu maj\u0105 bezp\u0142atny dost\u0119p mi\u0119dzy innymi do oprogramowania: Windows 8.1\/10, Windows Server, Visual Studio, SQL Server, Access, Project, Visio.<\/p>\n<p>Spos\u00f3b rejestracji student\u00f3w i pracownik\u00f3w WIGE jest opisany w dalszej cz\u0119\u015bci strony. Przed rejestracj\u0105 prosz\u0119 zapozna\u0107 si\u0119 z poni\u017cszymi informacjami.<\/p>\n<h2>Rejestracja<\/h2>\n<p>Aktualne informacje o dost\u0119pie oraz logowaniu mo\u017cna znale\u017a\u0107 na <a href=\"https:\/\/ue.poznan.pl\/pl\/uniwersytet,c13\/administracja-i-jednostki-uep,c9844\/administracja,c29\/administracyjny-pion-organizacyjny-kanclerza,c57\/centrum-informatyki,c86\/microsoft-azure-dev-tools-for-teaching-microsoft-imagine,a81689.html\">stronie Centrum Informatyki UEP<\/a>.<\/p>\n<p>Dost\u0119p do Microsoft Azure Dev Tools przyznawany wszystkim studentom oraz pracownikom naukowym na podstawie uczelnianego e-maila (pracownicy: imi\u0119.nazwisko@ue.poznan.pl; studenci: NIU@student.ue.poznan.pl). Dane w serwisie aktualizowane s\u0105 dwa razy w ci\u0105gu roku akademickiego. W przypadku braku dost\u0119pu nale\u017cy skontaktowa\u0107 si\u0119 z Centrum Informatyki \u2013 Dzia\u0142 ds. wsparcia u\u017cytkownika (helpdesk@<span class=\"d\">ue.poznan.pl). Aby uzyska\u0107 dodatkow\u0105 pomoc zwi\u0105zan\u0105 bezpo\u015brednio z us\u0142ug\u0105 nale\u017cy zg\u0142asza\u0107 si\u0119 bezpo\u015brednio do Micorosftu pod adresem <a href=\"http:\/\/aka.ms\/studentsupport\" target=\"_blank\" rel=\"noopener noreferrer\">aka.ms\/studentsupport<\/a>.<\/p>\n<p>Prawo do korzystania z programu Microsoft Azure Dev Tools posiadaj\u0105 tylko studenci i pracownicy Uczelni. Po zako\u0144czeniu studi\u00f3w, nie ma konieczno\u015bci usuwania oprogramowania od razu, ale traci si\u0119 prawo do jego dalszych aktualizacji.<\/p>\n<h3>Mam ju\u017c login i has\u0142o, co dalej?<\/h3>\n<p>Oprogramowanie jest dost\u0119pne przez <a href=\"https:\/\/azureforeducation.microsoft.com\/devtools\" target=\"_blank\" rel=\"noopener noreferrer\">Education Hub<\/a>. Dystrybucja oprogramowania odbywa si\u0119 przez serwis, zwi\u0105zany licencj\u0105 udzielon\u0105 dla Uniwersytetu Ekonomicznego w Poznaniu. Wymagana mo\u017ce by\u0107 weryfikacja wykonana przez odbi\u00f3r maila z uczelnianego adresu pocztowego. Pobieranie oprogramowania odbywa si\u0119 poprzez portal <a href=\"https:\/\/azure.microsoft.com\" target=\"_blank\" rel=\"noopener noreferrer\">https:\/\/azure.microsoft.com<\/a>.<\/p>\n<h2>Szczeg\u00f3\u0142owe informacje<\/h2>\n<h3>Dost\u0119pne oprogramowanie i pakiet MS Office<\/h3>\n<p>Program Microsoft Microsoft Azure Dev Tools niestety nie obejmuje ca\u0142o\u015bci pakietu Office. Nie ma mi\u0119dzy innymi program\u00f3w Word, Excel i PowerPoint. Wi\u0119cej informacji o dost\u0119pnym oprogramowaniu mo\u017cna odnale\u017a\u0107 na <a href=\"https:\/\/azure.microsoft.com\/en-us\/education\/institutions\/dev-tools-for-teaching-faq\/\" target=\"_blank\" rel=\"noopener noreferrer\">stronie producenta<\/a>.<\/p>\n<h3>W sprawie licencji&#8230;<\/h3>\n<p>Licencja przewiduje, \u017ce z oprogramowania mo\u017cna korzysta\u0107 r\u00f3wnie\u017c po uko\u0144czeniu studi\u00f3w. Nie ma ju\u017c jednak mo\u017cliwo\u015bci pobierania oraz instalacji nowych program\u00f3w. Z oprogramowania mo\u017cna korzysta\u0107 jedynie w celach edukacyjnych, niekomercyjnych.<\/p>\n<h2>Pobieranie oprogramowania<\/h2>\n<p>Dystrybucja oprogramowania odbywa si\u0119 przez portal dost\u0119pny pod adresem:<br \/>\n<a href=\"https:\/\/portal.azure.com\/#blade\/Microsoft_Azure_Education\/EducationMenuBlade\/software\" target=\"_blank\" rel=\"noopener noreferrer\">https:\/\/portal.azure.com\/#blade\/Microsoft_Azure_Education\/EducationMenuBlade\/software<\/a> .<\/p>\n<p>Po zalogowaniu si\u0119 na swoje konto oraz wyborze oprogramowania nale\u017cy pobra\u0107 instalator odpowiedniego programu lub z plikiem ISO w przypadku system\u00f3w operacyjnych. W celu instalacji oprogramowania pobranego w postaci obrazu p\u0142yty (.ISO) nale\u017cy albo nagra\u0107 go na p\u0142yt\u0119 CD-R lub DVD+\/-R albo skorzysta\u0107 z emulatora nap\u0119d\u00f3w.<\/p>\n<p>Zam\u00f3wione oprogramowanie i\/lub klucze produktu s\u0105 dost\u0119pne w jedynie czasowo (standardowo s\u0105 to 24 miesi\u0105ce od dnia z\u0142o\u017cenia zam\u00f3wienia), wi\u0119c nale\u017cy pami\u0119ta\u0107 o ich zapisaniu, aby mie\u0107 mo\u017cliwo\u015b\u0107 skorzystania z nich po zako\u0144czeniu wspomnianego okresu.<\/p>\n<p>Liczba mo\u017cliwych do uzyskania licencji ka\u017cdego z produkt\u00f3w dost\u0119pnych w us\u0142udze jest ograniczona do jednej.<\/p>\n","protected":false},"excerpt":{"rendered":"<p>Program Microsoft Azure Dev Tools for teaching (dawniej Microsoft Imagine, DreamSpark, MSDN Academic Alliance) Narz\u0119dzia Azure Dev Tools (wcze\u015bniej znane jako Microsoft Imagine Standard i Premium) to oferta oparta na subskrypcji dla szk\u00f3\u0142 i dzia\u0142\u00f3w technologicznych oraz program\u00f3w naukowych, technologicznych, in\u017cynieryjnych i matematycznych (STEM). Zapewnia profesjonalne narz\u0119dzia programistyczne i projektowe, oprogramowanie i us\u0142ugi od firmy Microsoft dla pracownik\u00f3w naukowych i student\u00f3w. Jest przeznaczony dla wydzia\u0142\u00f3w wy\u017cszych uczelni, kt\u00f3re prowadz\u0105 kursy <a href=\"https:\/\/kie.ue.poznan.pl\/pl\/microsoft-azure-dev-tools\/\" class=\"read-more\">&#8230; Wi\u0119cej informacji<\/a><\/p>\n","protected":false},"author":1,"featured_media":0,"parent":0,"menu_order":0,"comment_status":"closed","ping_status":"closed","template":"","meta":{"footnotes":""},"class_list":["post-364","page","type-page","status-publish","hentry"],"_links":{"self":[{"href":"https:\/\/kie.ue.poznan.pl\/pl\/wp-json\/wp\/v2\/pages\/364","targetHints":{"allow":["GET"]}}],"collection":[{"href":"https:\/\/kie.ue.poznan.pl\/pl\/wp-json\/wp\/v2\/pages"}],"about":[{"href":"https:\/\/kie.ue.poznan.pl\/pl\/wp-json\/wp\/v2\/types\/page"}],"author":[{"embeddable":true,"href":"https:\/\/kie.ue.poznan.pl\/pl\/wp-json\/wp\/v2\/users\/1"}],"replies":[{"embeddable":true,"href":"https:\/\/kie.ue.poznan.pl\/pl\/wp-json\/wp\/v2\/comments?post=364"}],"version-history":[{"count":0,"href":"https:\/\/kie.ue.poznan.pl\/pl\/wp-json\/wp\/v2\/pages\/364\/revisions"}],"wp:attachment":[{"href":"https:\/\/kie.ue.poznan.pl\/pl\/wp-json\/wp\/v2\/media?parent=364"}],"curies":[{"name":"wp","href":"https:\/\/api.w.org\/{rel}","templated":true}]}}