{"id":370,"date":"2020-10-01T20:49:17","date_gmt":"2020-10-01T18:49:17","guid":{"rendered":"http:\/\/kie.ue.poznan.pl\/pl\/?page_id=370"},"modified":"2022-10-03T19:52:45","modified_gmt":"2022-10-03T17:52:45","slug":"piotr-arendarski","status":"publish","type":"page","link":"https:\/\/kie.ue.poznan.pl\/pl\/piotr-arendarski\/","title":{"rendered":"dr Piotr Arendarski"},"content":{"rendered":"<table class=\"bazy\">\n<tr>\n<td><img decoding=\"async\" src=\"\/pl\/wp-content\/uploads\/2020\/10\/PA.png\" \/><\/td>\n<\/tr>\n<tr>\n<td>\n<table class=\"scopus1\" cellspacing=\"0\">\n<tr>\n<td class=\"scopus2\">SC<\/td>\n<td class=\"scopus3\"><a href=\"https:\/\/www.scopus.com\/authid\/detail.uri?authorId=57201745337\">Scopus<\/a><\/td>\n<\/tr>\n<\/table>\n<table class=\"bw1\" cellspacing=\"0\">\n<tr>\n<td class=\"bw2\">BW<\/td>\n<td class=\"bw3\"><a href=\"https:\/\/bazawiedzy.ue.poznan.pl\/info\/author\/UEPe6b1b33ab4234e459eeb3dcf6380f919\/Profil\">Baza Wiedzy UEP<\/a><\/td>\n<\/tr>\n<\/table>\n<table class=\"rg1\" cellspacing=\"0\">\n<tr>\n<td class=\"rg2\">RG<\/td>\n<td class=\"rg3\"><a href=\"https:\/\/www.researchgate.net\/profile\/Piotr_Arendarski\">ResearchGate<\/a><\/td>\n<\/tr>\n<\/table>\n<table class=\"gs1\" cellspacing=\"0\">\n<tr>\n<td class=\"gs2\">GS<\/td>\n<td class=\"gs3\"><a href=\"https:\/\/scholar.google.pl\/citations?user=ArFGgRwAAAAJ\">Google Scholar<\/a><\/td>\n<\/tr>\n<\/table>\n<table class=\"orcid1\" cellspacing=\"0\">\n<tr>\n<td class=\"orcid2\">ID<\/td>\n<td class=\"orcid3\"><a href=\"https:\/\/orcid.org\/0000-0002-0066-7812\">ORCID<\/a><\/td>\n<\/tr>\n<\/table>\n<\/td>\n<\/tr>\n<\/table>\n<p><strong>dr Piotr Arendarski<\/strong><br \/>\n<em><a href=\"\/pl\/byli-pracownicy\/\">By\u0142y pracownik KIE<\/a> (Asystent)<\/em><\/p>\n<ul>\n<li>E-mail: piotr.arendarski@ue.poznan.pl<\/li>\n<li>Telefon: &#8211;<\/li>\n<\/ul>\n<p>Posiada tytu\u0142 doktora nauk ekonomicznych uzyskany na Uniwersytecie Ekonomicznym w Poznaniu i obecnie studia na kierunku Computer Science with Data Analytics na Uniwersytecie w York. Jego praca badawcza koncentruje si\u0119 na wykorzystaniu algorytm\u00f3w uczenia maszynowego do modelowania rynk\u00f3w rynk\u00f3w finansowych.<\/p>\n","protected":false},"excerpt":{"rendered":"<p>SC Scopus BW Baza Wiedzy UEP RG ResearchGate GS Google Scholar ID ORCID dr Piotr Arendarski By\u0142y pracownik KIE (Asystent) E-mail: piotr.arendarski@ue.poznan.pl Telefon: &#8211; Posiada tytu\u0142 doktora nauk ekonomicznych uzyskany na Uniwersytecie Ekonomicznym w Poznaniu i obecnie studia na kierunku Computer Science with Data Analytics na Uniwersytecie w York. Jego praca badawcza koncentruje si\u0119 na wykorzystaniu algorytm\u00f3w uczenia maszynowego do modelowania rynk\u00f3w rynk\u00f3w finansowych.<\/p>\n","protected":false},"author":1,"featured_media":0,"parent":0,"menu_order":0,"comment_status":"closed","ping_status":"closed","template":"","meta":{"footnotes":""},"class_list":["post-370","page","type-page","status-publish","hentry"],"_links":{"self":[{"href":"https:\/\/kie.ue.poznan.pl\/pl\/wp-json\/wp\/v2\/pages\/370","targetHints":{"allow":["GET"]}}],"collection":[{"href":"https:\/\/kie.ue.poznan.pl\/pl\/wp-json\/wp\/v2\/pages"}],"about":[{"href":"https:\/\/kie.ue.poznan.pl\/pl\/wp-json\/wp\/v2\/types\/page"}],"author":[{"embeddable":true,"href":"https:\/\/kie.ue.poznan.pl\/pl\/wp-json\/wp\/v2\/users\/1"}],"replies":[{"embeddable":true,"href":"https:\/\/kie.ue.poznan.pl\/pl\/wp-json\/wp\/v2\/comments?post=370"}],"version-history":[{"count":0,"href":"https:\/\/kie.ue.poznan.pl\/pl\/wp-json\/wp\/v2\/pages\/370\/revisions"}],"wp:attachment":[{"href":"https:\/\/kie.ue.poznan.pl\/pl\/wp-json\/wp\/v2\/media?parent=370"}],"curies":[{"name":"wp","href":"https:\/\/api.w.org\/{rel}","templated":true}]}}