{"id":373,"date":"2020-10-01T20:56:00","date_gmt":"2020-10-01T18:56:00","guid":{"rendered":"http:\/\/kie.ue.poznan.pl\/pl\/?page_id=373"},"modified":"2026-01-30T10:43:23","modified_gmt":"2026-01-30T09:43:23","slug":"byli-pracownicy","status":"publish","type":"page","link":"https:\/\/kie.ue.poznan.pl\/pl\/byli-pracownicy\/","title":{"rendered":"Byli pracownicy"},"content":{"rendered":"<p>Lista jest w trakcie uzupe\u0142nienia&#8230;<\/p>\n<hr \/>\n<div class=\"memblock\">\n<p><img decoding=\"async\" style=\"float: right;\" src=\"\/img\/members\/WA.png\" \/><a href=\"\/pl\/witold-abramowicz\"><strong>prof. dr hab. Witold Abramowicz<\/strong><\/a><br \/>\n<em>Kierownik Katedry w latach 1990-2024<\/em><\/p>\n<ul>\n<li>E-mail: witold.abramowicz@ue.poznan.pl<\/li>\n<li>Telefon: +48 (61) 854-33-81 | +48 (61) 639-27-33<\/li>\n<\/ul>\n<div style=\"clear: both;\"><\/div>\n<\/div>\n<hr \/>\n<div class=\"memblock\">\n<p><img decoding=\"async\" style=\"float: right;\" src=\"\/img\/members\/JS.png\" \/><br \/>\n<strong>Jolanta Skorwider<\/strong><br \/>\n<em>Kierownik Sekretariatu, Koordynator Projekt\u00f3w<\/em><\/p>\n<ul>\n<li>E-mail: j.skorwider@kie.ue.poznan.pl<\/li>\n<li>Telefon: +48 (61) 854-36-34<\/li>\n<\/ul>\n<div style=\"clear: both;\"><\/div>\n<\/div>\n<hr \/>\n<div class=\"memblock\">\n<p><img decoding=\"async\" style=\"float: right;\" src=\"\/pl\/wp-content\/uploads\/2020\/10\/BG.png\" \/><br \/>\n<strong>mgr Barbara Go\u0142\u0119biewska<\/strong><br \/>\n<em>Kierownik Sekretariatu<\/em><\/p>\n<ul>\n<li>E-mail: barbara.golebiewska@ue.poznan.pl<\/li>\n<li>Telefon: +48 (61) 854-33-81 | +48 (61) 639-27-33<\/li>\n<\/ul>\n<div style=\"clear: both;\"><\/div>\n<\/div>\n<hr \/>\n<div class=\"memblock\">\n<p><img decoding=\"async\" style=\"float: right;\" src=\"\/img\/members\/GB.png\" \/><a href=\"\/pl\/grzegorz-bartoszewicz\"><strong>dr hab. Grzegorz Bartoszewicz, prof. UEP<\/strong><\/a><\/p>\n<ul>\n<li>E-mail: grzegorz.bartoszewicz@ue.poznan.pl<\/li>\n<li>Telefon: +48 (61) 639-27-83<\/li>\n<\/ul>\n<div style=\"clear: both;\"><\/div>\n<\/div>\n<hr \/>\n<div class=\"memblock\">\n<p><img decoding=\"async\" style=\"float: right;\" src=\"\/img\/members\/ED.png\" \/><\/p>\n<p><a href=\"\/pl\/elzbieta-danecka\"><strong>dr El\u017cbieta Danecka<\/strong><\/a><br \/>\n<em>Starszy wyk\u0142adowca<\/em><\/p>\n<ul>\n<li>E-mail: elzbieta.danecka@ue.poznan.pl<\/li>\n<li>Telefon: +48 (61) 639-27-88<\/li>\n<\/ul>\n<div style=\"clear: both;\"><\/div>\n<\/div>\n<hr \/>\n<div class=\"memblock\">\n<p><img decoding=\"async\" style=\"float: right;\" src=\"\/img\/members\/JM.png\" \/><\/p>\n<p><a href=\"\/pl\/jacek-malyszko\"><strong>dr Jacek Ma\u0142yszko<\/strong><\/a><br \/>\n<em>Adiunkt<\/em><\/p>\n<ul>\n<li>E-mail: jacek.malyszko@ue.poznan.pl<\/li>\n<li>Telefon: +48 (61) 639-28-02<\/li>\n<\/ul>\n<div style=\"clear: both;\"><\/div>\n<\/div>\n<hr \/>\n<div class=\"memblock\">\n<p><img decoding=\"async\" style=\"float: right;\" src=\"\/img\/members\/PK.png\" \/><\/p>\n<p><a href=\"\/pl\/piotr-kaluzny\"><strong>dr Piotr Ka\u0142u\u017cny<\/strong><\/a><br \/>\n<em>Asystent<\/em><\/p>\n<ul>\n<li>E-mail: piotr.kaluzny@ue.poznan.pl<\/li>\n<li>Telefon: +48 (61) 639-27-88<\/li>\n<\/ul>\n<div style=\"clear: both;\"><\/div>\n<\/div>\n<hr \/>\n<div class=\"memblock\">\n<p><img decoding=\"async\" style=\"float: right;\" src=\"https:\/\/kie.ue.poznan.pl\/pl\/wp-content\/uploads\/2004\/09\/kowalkiewicz.jpg\" \/><\/p>\n<p><strong><a href=\"https:\/\/kie.ue.poznan.pl\/pl\/marek-kowalkiewicz\/\">dr Marek Kowalkiewicz<\/a><\/strong><br \/>\n<em>Adiunkt<\/em><\/p>\n<div style=\"clear: both;\"><\/div>\n<\/div>\n<hr \/>\n<div class=\"memblock\">\n<p><img decoding=\"async\" style=\"float: right;\" src=\"\/pl\/wp-content\/uploads\/2020\/10\/MSZ.jpg\" \/><\/p>\n<p><a href=\"\/pl\/marcin-szmydt\"><strong>dr Marcin Szmydt<\/strong><\/a><br \/>\n<em>Adiunkt<\/em><\/p>\n<ul>\n<li>E-mail: marcin.szmydt@ue.poznan.pl<\/li>\n<li>Telefon: +48 (61) 639-27-83<\/li>\n<\/ul>\n<div style=\"clear: both;\"><\/div>\n<\/div>\n<hr \/>\n<div class=\"memblock\">\n<p><img decoding=\"async\" style=\"float: right;\" src=\"\/img\/members\/DF.png\" \/><\/p>\n<p><a href=\"\/pl\/dominik-filipiak\"><strong>dr in\u017c. Dominik Filipiak<\/strong><\/a><br \/>\n<em>Asystent<\/em><\/p>\n<ul>\n<li>E-mail: dominik.filipiak@ue.poznan.pl<\/li>\n<li>Telefon: +48 (61) 639-27-97<\/li>\n<li>Strona WWW: <a href=\"http:\/\/dfilipiak.com\">dfilipiak.com<\/a><\/li>\n<\/ul>\n<div style=\"clear: both;\"><\/div>\n<\/div>\n<hr \/>\n<div class=\"memblock\">\n<p><img decoding=\"async\" style=\"float: right;\" src=\"\/pl\/wp-content\/uploads\/2023\/02\/aleksandra_wojewoda.png\" \/><\/p>\n<p><strong><a href=\"https:\/\/kie.ue.poznan.pl\/pl\/aleksandra-wojewoda\/\">mgr in\u017c. Aleksandra Wojewoda<\/a><\/strong><br \/>\n<em>Asystent<\/em><\/p>\n<ul>\n<li>E-mail: aleksandra.wojewoda@ue.poznan.pl<\/li>\n<li>Telefon: &#8211;<\/li>\n<\/ul>\n<div style=\"clear: both;\"><\/div>\n<\/div>\n<hr \/>\n<div class=\"memblock\">\n<p><img decoding=\"async\" style=\"float: right;\" src=\"\/pl\/wp-content\/uploads\/2020\/10\/PA.png\" \/><\/p>\n<p><a href=\"\/pl\/piotr-arendarski\"><strong>dr Piotr Arendarski<\/strong><\/a><br \/>\n<em>Asystent<\/em><\/p>\n<ul>\n<li>E-mail: piotr.arendarski@ue.poznan.pl<\/li>\n<li>Telefon: &#8211;<\/li>\n<\/ul>\n<div style=\"clear: both;\"><\/div>\n<\/div>\n<hr \/>\n<div class=\"memblock\">\n<p><img decoding=\"async\" style=\"float: right;\" src=\"\/img\/members\/AN.jpg\" \/><br \/>\n<strong>mgr Anna Nowacka<\/strong><br \/>\n<em>Kierownik sekretariatu<\/em><\/p>\n<ul>\n<li>E-mail: anna.nowacka@ue.poznan.pl<\/li>\n<li>Telefon: +48 (61) 854-33-81 | +48 (61) 639-27-33<\/li>\n<\/ul>\n<div style=\"clear: both;\"><\/div>\n<\/div>\n<hr \/>\n<div class=\"memblock\">\n<p><img decoding=\"async\" style=\"float: right;\" src=\"\/pl\/wp-content\/uploads\/2020\/10\/BK.jpg\" \/><\/p>\n<p><strong>mgr Bartosz Kurkowski<\/strong><br \/>\n<em>Asystent<\/em><\/p>\n<ul>\n<li>E-mail: bartosz.kurkowski@ue.poznan.pl<\/li>\n<li>Telefon: &#8211;<\/li>\n<\/ul>\n<div style=\"clear: both;\"><\/div>\n<\/div>\n<hr \/>\n<div class=\"memblock\">\n<p><img decoding=\"async\" style=\"float: right;\" src=\"\/pl\/wp-content\/uploads\/2022\/01\/Klaudia_Wolniewicz.jpg\" \/><\/p>\n<p><strong>mgr Klaudia Wolniewicz<\/strong><br \/>\n<em>Asystent<\/em><\/p>\n<ul>\n<li>E-mail: klaudia.wolniewicz@ue.poznan.pl<\/li>\n<li>Telefon: &#8211;<\/li>\n<\/ul>\n<div style=\"clear: both;\"><\/div>\n<\/div>\n<hr \/>\n","protected":false},"excerpt":{"rendered":"<p>Lista jest w trakcie uzupe\u0142nienia&#8230; prof. dr hab. Witold Abramowicz Kierownik Katedry w latach 1990-2024 E-mail: witold.abramowicz@ue.poznan.pl Telefon: +48 (61) 854-33-81 | +48 (61) 639-27-33 Jolanta Skorwider Kierownik Sekretariatu, Koordynator Projekt\u00f3w E-mail: j.skorwider@kie.ue.poznan.pl Telefon: +48 (61) 854-36-34 mgr Barbara Go\u0142\u0119biewska Kierownik Sekretariatu E-mail: barbara.golebiewska@ue.poznan.pl Telefon: +48 (61) 854-33-81 | +48 (61) 639-27-33 dr hab. Grzegorz Bartoszewicz, prof. UEP E-mail: grzegorz.bartoszewicz@ue.poznan.pl Telefon: +48 (61) 639-27-83 dr El\u017cbieta Danecka Starszy wyk\u0142adowca E-mail: <a href=\"https:\/\/kie.ue.poznan.pl\/pl\/byli-pracownicy\/\" class=\"read-more\">&#8230; Wi\u0119cej informacji<\/a><\/p>\n","protected":false},"author":1,"featured_media":0,"parent":0,"menu_order":0,"comment_status":"closed","ping_status":"closed","template":"","meta":{"footnotes":""},"class_list":["post-373","page","type-page","status-publish","hentry"],"_links":{"self":[{"href":"https:\/\/kie.ue.poznan.pl\/pl\/wp-json\/wp\/v2\/pages\/373","targetHints":{"allow":["GET"]}}],"collection":[{"href":"https:\/\/kie.ue.poznan.pl\/pl\/wp-json\/wp\/v2\/pages"}],"about":[{"href":"https:\/\/kie.ue.poznan.pl\/pl\/wp-json\/wp\/v2\/types\/page"}],"author":[{"embeddable":true,"href":"https:\/\/kie.ue.poznan.pl\/pl\/wp-json\/wp\/v2\/users\/1"}],"replies":[{"embeddable":true,"href":"https:\/\/kie.ue.poznan.pl\/pl\/wp-json\/wp\/v2\/comments?post=373"}],"version-history":[{"count":0,"href":"https:\/\/kie.ue.poznan.pl\/pl\/wp-json\/wp\/v2\/pages\/373\/revisions"}],"wp:attachment":[{"href":"https:\/\/kie.ue.poznan.pl\/pl\/wp-json\/wp\/v2\/media?parent=373"}],"curies":[{"name":"wp","href":"https:\/\/api.w.org\/{rel}","templated":true}]}}