{"id":38,"date":"2020-05-20T13:26:42","date_gmt":"2020-05-20T11:26:42","guid":{"rendered":"http:\/\/kie.ue.poznan.pl\/pl\/?page_id=38"},"modified":"2026-03-24T10:21:31","modified_gmt":"2026-03-24T09:21:31","slug":"dyzury","status":"publish","type":"page","link":"https:\/\/kie.ue.poznan.pl\/pl\/dyzury\/","title":{"rendered":"Dy\u017cury pracownik\u00f3w"},"content":{"rendered":"<style>.views-field-field-member-duty-value ul {margin:0; padding:0; list-style: none;}<\/style>\n<p>Dy\u017cury pracownik\u00f3w KIE w <b>semestrze letnim 2025\/2026<\/b> (preferowane spotkania za po\u015brednictwem MS Teams). Pro\u015bba do student\u00f3w o wcze\u015bniejsze umawianie si\u0119 na konsultacje za po\u015brednictwem poczty elektronicznej.<\/p>\n<div>\n<div class=\"duties\">\n<div class=\"view-content\">\n<table class=\"views-table cols-26\">\n<thead>\n<tr>\n<th class=\"views-field views-field-field-member-fullname-value\">Pracownik katedry<\/th>\n<th class=\"views-field views-field-field-member-duty-value\">Terminy dy\u017cur\u00f3w<\/th>\n<\/tr>\n<\/thead>\n<tbody>\n<tr>\n<td class=\"views-field views-field-field-member-fullname-value\"><a href=\"\/pl\/krzysztof-wecel\">dr hab. Krzysztof W\u0119cel, prof. UEP<\/a><\/td>\n<td class=\"views-field views-field-field-member-duty-value\">\n<ul>\n<li>\u015broda 13:30 &#8211; 14:30<\/li>\n<li>czwartek 8:30 &#8211; 9:30<\/li>\n<\/ul>\n<\/td>\n<\/tr>\n<tr>\n<td class=\"views-field views-field-field-member-fullname-value\"><a href=\"\/pl\/agata-filipowska\">dr hab. Agata Filipowska, prof. UEP<\/a><\/td>\n<td class=\"views-field views-field-field-member-duty-value\">\n<ul>\n<li>poniedzia\u0142ek 18:00 &#8211; 19:00<\/li>\n<li>\u015broda 16:30 &#8211; 17:30<\/li>\n<\/ul>\n<\/td>\n<\/tr>\n<tr>\n<td class=\"views-field views-field-field-member-fullname-value\"><a href=\"\/pl\/szczepan-gortowski\/\">dr Szczepan G\u00f3rtowski<\/a><\/td>\n<td class=\"views-field views-field-field-member-duty-value\">\n<ul>\n<li>\u015broda 13:50 &#8211; 14:50 (pok. 409 C)<\/li>\n<li>pi\u0105tek 15:30 &#8211; 16:30 (MS Teams)<\/li>\n<\/ul>\n<\/td>\n<\/tr>\n<tr>\n<td class=\"views-field views-field-field-member-fullname-value\"><a href=\"\/pl\/elzbieta-lewanska\">dr El\u017cbieta Lewa\u0144ska<\/a><\/td>\n<td class=\"views-field views-field-field-member-duty-value\">\n<ul>\n<li>poniedzia\u0142ek 12:00 &#8211; 13:00<\/li>\n<li>czwartek 13:00 &#8211; 14:00<\/li>\n<li>Pro\u015bba o <a href=\"https:\/\/short-url.org\/dyzurEL\" target=\"_blank\">umawianie si\u0119<\/a> na dy\u017cury<\/li>\n<\/ul>\n<\/td>\n<\/tr>\n<tr>\n<td class=\"views-field views-field-field-member-fullname-value\"><a href=\"\/pl\/wlodzimierz-lewoniewski\">dr W\u0142odzimierz Lewoniewski<\/a><\/td>\n<td class=\"views-field views-field-field-member-duty-value\">\n<ul>\n<li>wtorek 13:00 &#8211; 14:00<\/li>\n<li>\u015broda 17:30 &#8211; 18:30<\/li>\n<\/ul>\n<\/td>\n<\/tr>\n<tr>\n<td class=\"views-field views-field-field-member-fullname-value\"><a href=\"\/pl\/piotr-stolarski\">dr Piotr Stolarski<\/a><\/td>\n<td class=\"views-field views-field-field-member-duty-value\">\n<ul>\n<li>wtorek 12:00 &#8211; 13:00<\/li>\n<li>czwartek 11:30 &#8211; 12:30<\/li>\n<\/ul>\n<\/td>\n<\/tr>\n<tr>\n<td class=\"views-field views-field-field-member-fullname-value\"><a href=\"\/pl\/milena-strozyna\">dr Milena Str\u00f3\u017cyna<\/a><\/td>\n<td class=\"views-field views-field-field-member-duty-value\">\n<ul>\n<li>poniedzia\u0142ek 8:00 \u2013 8:45<\/li>\n<li>czwartek 10:30 &#8211; 11:30<\/li>\n<\/ul>\n<div>(pok. 3.28 D lub zdalnie)<\/div>\n<\/td>\n<\/tr>\n<tr>\n<td class=\"views-field views-field-field-member-fullname-value\"><a href=\"https:\/\/kie.ue.poznan.pl\/pl\/izabela-czumalowska\/\">mgr Izabela Czuma\u0142owska<\/a><\/td>\n<td class=\"views-field views-field-field-member-duty-value\">\n<ul>\n<li>\u015broda 15:00 &#8211; 16:00<\/li>\n<li>czwartek 11:30 &#8211; 12:30<\/li>\n<\/ul>\n<\/td>\n<\/tr>\n<tr>\n<td class=\"views-field views-field-field-member-fullname-value\"><a href=\"https:\/\/kie.ue.poznan.pl\/pl\/ewelina-ksiezniak\/\">mgr Ewelina Ksi\u0119\u017cniak<\/a><\/td>\n<td class=\"views-field views-field-field-member-duty-value\">\n<ul>\n<li>wtorek 11:30 &#8211; 12:30<\/li>\n<li>czwartek 13:30 &#8211; 14:30<\/li>\n<\/ul>\n<div>(pok. 3.27 D lub MS Teams)<\/div>\n<\/td>\n<\/tr>\n<tr>\n<td class=\"views-field views-field-field-member-fullname-value\"><a href=\"https:\/\/kie.ue.poznan.pl\/pl\/oskar-riewe-perla\/\">mgr Oskar Riewe-Per\u0142a<\/a><\/td>\n<td class=\"views-field views-field-field-member-duty-value\">\n<ul>\n<li>czwartek 16:30 &#8211; 17:30<\/li>\n<\/ul>\n<\/td>\n<\/tr>\n<tr>\n<td class=\"views-field views-field-field-member-fullname-value\"><a href=\"https:\/\/kie.ue.poznan.pl\/pl\/marcin-sawinski\/\">mgr Marcin Sawi\u0144ski<\/a><\/td>\n<td class=\"views-field views-field-field-member-duty-value\">\n<ul>\n<li>poniedzia\u0142ek 13:30 &#8211; 14:30<\/li>\n<li>pi\u0105tek 12:00 &#8211; 13:00<\/li>\n<\/ul>\n<\/td>\n<\/tr>\n<tr>\n<td class=\"views-field views-field-field-member-fullname-value\"><a href=\"https:\/\/kie.ue.poznan.pl\/pl\/mikolaj-tym\/\">mgr Miko\u0142aj Tym<\/a><\/td>\n<td class=\"views-field views-field-field-member-duty-value\">\n<ul>\n<li>czwartek 8:30 &#8211; 9:15<\/li>\n<li>pi\u0105tek 15:30 &#8211; 16:15<\/li>\n<\/ul>\n<\/td>\n<\/tr>\n<\/tbody>\n<\/table>\n<\/div>\n<\/div>\n<\/div>\n","protected":false},"excerpt":{"rendered":"<p>Dy\u017cury pracownik\u00f3w KIE w semestrze letnim 2025\/2026 (preferowane spotkania za po\u015brednictwem MS Teams). Pro\u015bba do student\u00f3w o wcze\u015bniejsze umawianie si\u0119 na konsultacje za po\u015brednictwem poczty elektronicznej. Pracownik katedry Terminy dy\u017cur\u00f3w dr hab. Krzysztof W\u0119cel, prof. UEP \u015broda 13:30 &#8211; 14:30 czwartek 8:30 &#8211; 9:30 dr hab. Agata Filipowska, prof. UEP poniedzia\u0142ek 18:00 &#8211; 19:00 \u015broda 16:30 &#8211; 17:30 dr Szczepan G\u00f3rtowski \u015broda 13:50 &#8211; 14:50 (pok. 409 C) pi\u0105tek 15:30 <a href=\"https:\/\/kie.ue.poznan.pl\/pl\/dyzury\/\" class=\"read-more\">&#8230; Wi\u0119cej informacji<\/a><\/p>\n","protected":false},"author":1,"featured_media":974,"parent":0,"menu_order":0,"comment_status":"closed","ping_status":"closed","template":"","meta":{"footnotes":""},"class_list":["post-38","page","type-page","status-publish","has-post-thumbnail","hentry"],"_links":{"self":[{"href":"https:\/\/kie.ue.poznan.pl\/pl\/wp-json\/wp\/v2\/pages\/38","targetHints":{"allow":["GET"]}}],"collection":[{"href":"https:\/\/kie.ue.poznan.pl\/pl\/wp-json\/wp\/v2\/pages"}],"about":[{"href":"https:\/\/kie.ue.poznan.pl\/pl\/wp-json\/wp\/v2\/types\/page"}],"author":[{"embeddable":true,"href":"https:\/\/kie.ue.poznan.pl\/pl\/wp-json\/wp\/v2\/users\/1"}],"replies":[{"embeddable":true,"href":"https:\/\/kie.ue.poznan.pl\/pl\/wp-json\/wp\/v2\/comments?post=38"}],"version-history":[{"count":0,"href":"https:\/\/kie.ue.poznan.pl\/pl\/wp-json\/wp\/v2\/pages\/38\/revisions"}],"wp:featuredmedia":[{"embeddable":true,"href":"https:\/\/kie.ue.poznan.pl\/pl\/wp-json\/wp\/v2\/media\/974"}],"wp:attachment":[{"href":"https:\/\/kie.ue.poznan.pl\/pl\/wp-json\/wp\/v2\/media?parent=38"}],"curies":[{"name":"wp","href":"https:\/\/api.w.org\/{rel}","templated":true}]}}