{"id":403,"date":"2020-10-03T18:46:40","date_gmt":"2020-10-03T16:46:40","guid":{"rendered":"http:\/\/kie.ue.poznan.pl\/pl\/?page_id=403"},"modified":"2024-03-08T18:16:33","modified_gmt":"2024-03-08T17:16:33","slug":"historia-strony-kie","status":"publish","type":"page","link":"https:\/\/kie.ue.poznan.pl\/pl\/historia-strony-kie\/","title":{"rendered":"Historia strony KIE"},"content":{"rendered":"<p>Strona internetowa Katedry Informatyki Ekonomicznej dost\u0119pna ju\u017c <strong>ponad 25 lat<\/strong>. Od momentu za\u0142o\u017cenia pierwszej wersji witryna ci\u0105gle si\u0119 zmienia\u0142a, stosuj\u0105c coraz nowsze technologie oraz polepszaj\u0105c interfejs u\u017cytkownika. Poni\u017cej przedstawione s\u0105 widoki g\u0142\u00f3wnej strony KIE w r\u00f3\u017cnych latach.<\/p>\n<style>#timeline { font-size: 16px; line-height: 1.75; } #timeline { display: flex; background-color: #022407; &:hover { .tl-item { width: 23.3333%; } } } .tl-item { transform: translate3d(0, 0, 0); position: relative; width: 25%; height: 15vh; min-height: 330px; color: #fff; overflow: hidden; transition: width 0.5s ease; &:before, &:after { transform: translate3d(0, 0, 0); content: \"\"; position: absolute; left: 0; top: 0; width: 100%; height: 100%; } &:after { background: transparentize(#e0251b, 0.15); opacity: 1; transition: opacity 0.5s ease; } &:before { background: linear-gradient( to bottom, rgba(0, 0, 0, 0) 0%, rgba(0, 0, 0, 1) 75% ); z-index: 1; opacity: 0; transform: translate3d(0, 0, 0) translateY(50%); transition: opacity 0.5s ease, transform 0.5s ease; } &:hover { width: 40% !important; &:after { opacity: 0; } &:before { opacity: 1; transform: translate3d(0, 0, 0) translateY(0); transition: opacity 1s ease, transform 1s ease 0.25s; } .tl-content { opacity: 1; transform: translateY(0); transition: all 0.75s ease 0.5s; } .tl-bg { filter: grayscale(0); } } } .tl-content { transform: translate3d(0, 0, 0) translateY(25px); position: relative; z-index: 1; text-align: center; margin: 0 1.618em; top: 55%; opacity: 0;} .tl-year { position: absolute; top: 50%; left: 50%; transform: translateX(-50%) translateY(-50%); z-index: 1; a { font-size: 1.728rem; line-height: 2; font-weight: bold; background-color: #233626; padding: 2px 10px; border-top: 2px solid #bda906; border-bottom: 2px solid #bda906;} a:hover {background-color: #265b2e}} .tl-bg { transform: translate3d(0, 0, 0); position: absolute; width: 100%; height: 100%; top: 0; left: 0; background-size: cover; background-position: center center; transition: filter 0.5s ease; filter: grayscale(100%) brightness(40%); } #timeline a{color:#c0ab01;} #timeline a:hover{color:#fff7b8;} <\/style>\n<section id=\"timeline\">\n<div class=\"tl-item\">\n<div class=\"tl-bg\" style=\"background-image: url(https:\/\/kie.ue.poznan.pl\/pl\/wp-content\/uploads\/2020\/10\/kie1998.jpg)\"><\/div>\n<div class=\"tl-year\"><a href=\"https:\/\/kie.ue.poznan.pl\/pl\/wp-content\/uploads\/2020\/10\/kie1998.jpg\" title=\"Strona Katedry Informatyki Ekonomicznej w 1998 roku\" target=\"_blank\" rel=\"noopener noreferrer\">1998<\/a><\/div>\n<div class=\"tl-content\"><a href=\"https:\/\/kie.ue.poznan.pl\/pl\/wp-content\/uploads\/2020\/10\/kie1998.jpg\" title=\"Strona Katedry Informatyki Ekonomicznej w 1998 roku\" target=\"_blank\" rel=\"noopener noreferrer\"><img loading=\"lazy\" decoding=\"async\" src=\"https:\/\/kie.ue.poznan.pl\/pl\/wp-content\/uploads\/2020\/10\/kie1998.jpg\" alt=\"\" width=\"824\" height=\"446\" class=\"aligncenter size-full wp-image-404\" rel=\"noopener noreferrer\" srcset=\"https:\/\/kie.ue.poznan.pl\/pl\/wp-content\/uploads\/2020\/10\/kie1998.jpg 824w, https:\/\/kie.ue.poznan.pl\/pl\/wp-content\/uploads\/2020\/10\/kie1998-300x162.jpg 300w, https:\/\/kie.ue.poznan.pl\/pl\/wp-content\/uploads\/2020\/10\/kie1998-768x416.jpg 768w, https:\/\/kie.ue.poznan.pl\/pl\/wp-content\/uploads\/2020\/10\/kie1998-360x195.jpg 360w\" sizes=\"auto, (max-width: 824px) 100vw, 824px\" \/><\/a><\/div>\n<\/div>\n<div class=\"tl-item\">\n<div class=\"tl-bg\" style=\"background-image: url(https:\/\/kie.ue.poznan.pl\/pl\/wp-content\/uploads\/2020\/10\/kie2001.jpg)\"><\/div>\n<div class=\"tl-year\"><a href=\"https:\/\/kie.ue.poznan.pl\/pl\/wp-content\/uploads\/2020\/10\/kie2001.jpg\" title=\"Strona Katedry Informatyki Ekonomicznej w 2001 roku\" target=\"_blank\" rel=\"noopener noreferrer\">2001<\/a><\/div>\n<div class=\"tl-content\"><a href=\"https:\/\/kie.ue.poznan.pl\/pl\/wp-content\/uploads\/2020\/10\/kie2001.jpg\" title=\"Strona Katedry Informatyki Ekonomicznej w 2001 roku\" target=\"_blank\" rel=\"noopener noreferrer\"><img loading=\"lazy\" decoding=\"async\" src=\"https:\/\/kie.ue.poznan.pl\/pl\/wp-content\/uploads\/2020\/10\/kie2001.jpg\" alt=\"\" width=\"697\" height=\"428\" class=\"aligncenter size-full wp-image-406\" srcset=\"https:\/\/kie.ue.poznan.pl\/pl\/wp-content\/uploads\/2020\/10\/kie2001.jpg 697w, https:\/\/kie.ue.poznan.pl\/pl\/wp-content\/uploads\/2020\/10\/kie2001-300x184.jpg 300w, https:\/\/kie.ue.poznan.pl\/pl\/wp-content\/uploads\/2020\/10\/kie2001-360x221.jpg 360w\" sizes=\"auto, (max-width: 697px) 100vw, 697px\" \/><\/a><\/div>\n<\/div>\n<div class=\"tl-item\">\n<div class=\"tl-bg\" style=\"background-image: url(https:\/\/kie.ue.poznan.pl\/pl\/wp-content\/uploads\/2020\/10\/kie2002.jpg)\"><\/div>\n<div class=\"tl-year\"><a href=\"https:\/\/kie.ue.poznan.pl\/pl\/wp-content\/uploads\/2020\/10\/kie2002.jpg\" title=\"Strona Katedry Informatyki Ekonomicznej w 2002 roku\" target=\"_blank\" rel=\"noopener noreferrer\">2002<\/a><\/div>\n<div class=\"tl-content\"><a href=\"https:\/\/kie.ue.poznan.pl\/pl\/wp-content\/uploads\/2020\/10\/kie2002.jpg\" title=\"Strona Katedry Informatyki Ekonomicznej w 2002 roku\" target=\"_blank\" rel=\"noopener noreferrer\"><img loading=\"lazy\" decoding=\"async\" src=\"https:\/\/kie.ue.poznan.pl\/pl\/wp-content\/uploads\/2020\/10\/kie2002.jpg\" alt=\"\" width=\"772\" height=\"356\" class=\"aligncenter size-full wp-image-408\" srcset=\"https:\/\/kie.ue.poznan.pl\/pl\/wp-content\/uploads\/2020\/10\/kie2002.jpg 772w, https:\/\/kie.ue.poznan.pl\/pl\/wp-content\/uploads\/2020\/10\/kie2002-300x138.jpg 300w, https:\/\/kie.ue.poznan.pl\/pl\/wp-content\/uploads\/2020\/10\/kie2002-768x354.jpg 768w, https:\/\/kie.ue.poznan.pl\/pl\/wp-content\/uploads\/2020\/10\/kie2002-360x166.jpg 360w\" sizes=\"auto, (max-width: 772px) 100vw, 772px\" \/><\/a><\/div>\n<\/div>\n<div class=\"tl-item\">\n<div class=\"tl-bg\" style=\"background-image: url(https:\/\/kie.ue.poznan.pl\/pl\/wp-content\/uploads\/2020\/10\/kie2003.jpg)\"><\/div>\n<div class=\"tl-year\"><a href=\"https:\/\/kie.ue.poznan.pl\/pl\/wp-content\/uploads\/2020\/10\/kie2003.jpg\" title=\"Strona Katedry Informatyki Ekonomicznej w 2003 roku\" target=\"_blank\" rel=\"noopener noreferrer\">2003<\/a><\/div>\n<div class=\"tl-content\"><a href=\"https:\/\/kie.ue.poznan.pl\/pl\/wp-content\/uploads\/2020\/10\/kie2003.jpg\" title=\"Strona Katedry Informatyki Ekonomicznej w 2003 roku\" target=\"_blank\" rel=\"noopener noreferrer\"><img loading=\"lazy\" decoding=\"async\" src=\"https:\/\/kie.ue.poznan.pl\/pl\/wp-content\/uploads\/2020\/10\/kie2003.jpg\" alt=\"\" width=\"781\" height=\"440\" class=\"aligncenter size-full wp-image-409\" srcset=\"https:\/\/kie.ue.poznan.pl\/pl\/wp-content\/uploads\/2020\/10\/kie2003.jpg 781w, https:\/\/kie.ue.poznan.pl\/pl\/wp-content\/uploads\/2020\/10\/kie2003-300x169.jpg 300w, https:\/\/kie.ue.poznan.pl\/pl\/wp-content\/uploads\/2020\/10\/kie2003-768x433.jpg 768w, https:\/\/kie.ue.poznan.pl\/pl\/wp-content\/uploads\/2020\/10\/kie2003-360x203.jpg 360w\" sizes=\"auto, (max-width: 781px) 100vw, 781px\" \/><\/a><\/div>\n<\/div>\n<div class=\"tl-item\">\n<div class=\"tl-bg\" style=\"background-image: url(https:\/\/kie.ue.poznan.pl\/pl\/wp-content\/uploads\/2020\/10\/kie2005.jpg)\"><\/div>\n<div class=\"tl-year\"><a href=\"https:\/\/kie.ue.poznan.pl\/pl\/wp-content\/uploads\/2020\/10\/kie2005.jpg\" title=\"Strona Katedry Informatyki Ekonomicznej w 2005 roku\" target=\"_blank\" rel=\"noopener noreferrer\">2005<\/a><\/div>\n<div class=\"tl-content\"><a href=\"https:\/\/kie.ue.poznan.pl\/pl\/wp-content\/uploads\/2020\/10\/kie2005.jpg\" title=\"Strona Katedry Informatyki Ekonomicznej w 2005 roku\" target=\"_blank\" rel=\"noopener noreferrer\"><img loading=\"lazy\" decoding=\"async\" src=\"https:\/\/kie.ue.poznan.pl\/pl\/wp-content\/uploads\/2020\/10\/kie2005.jpg\" alt=\"\" width=\"1016\" height=\"450\" class=\"aligncenter size-full wp-image-410\" srcset=\"https:\/\/kie.ue.poznan.pl\/pl\/wp-content\/uploads\/2020\/10\/kie2005.jpg 1016w, https:\/\/kie.ue.poznan.pl\/pl\/wp-content\/uploads\/2020\/10\/kie2005-300x133.jpg 300w, https:\/\/kie.ue.poznan.pl\/pl\/wp-content\/uploads\/2020\/10\/kie2005-768x340.jpg 768w, https:\/\/kie.ue.poznan.pl\/pl\/wp-content\/uploads\/2020\/10\/kie2005-360x159.jpg 360w\" sizes=\"auto, (max-width: 1016px) 100vw, 1016px\" \/><\/a><\/div>\n<\/div>\n<div class=\"tl-item\">\n<div class=\"tl-bg\" style=\"background-image: url(https:\/\/kie.ue.poznan.pl\/pl\/wp-content\/uploads\/2020\/10\/kie2007.jpg)\"><\/div>\n<div class=\"tl-year\"><a href=\"https:\/\/kie.ue.poznan.pl\/pl\/wp-content\/uploads\/2020\/10\/kie2007.jpg\" title=\"Strona Katedry Informatyki Ekonomicznej w 2007 roku\" target=\"_blank\" rel=\"noopener noreferrer\">2007<\/a><\/div>\n<div class=\"tl-content\"><a href=\"https:\/\/kie.ue.poznan.pl\/pl\/wp-content\/uploads\/2020\/10\/kie2007.jpg\" title=\"Strona Katedry Informatyki Ekonomicznej w 2007 roku\" target=\"_blank\" rel=\"noopener noreferrer\"><img loading=\"lazy\" decoding=\"async\" src=\"https:\/\/kie.ue.poznan.pl\/pl\/wp-content\/uploads\/2020\/10\/kie2007.jpg\" alt=\"\" width=\"802\" height=\"424\" class=\"aligncenter size-full wp-image-412\" srcset=\"https:\/\/kie.ue.poznan.pl\/pl\/wp-content\/uploads\/2020\/10\/kie2007.jpg 802w, https:\/\/kie.ue.poznan.pl\/pl\/wp-content\/uploads\/2020\/10\/kie2007-300x159.jpg 300w, https:\/\/kie.ue.poznan.pl\/pl\/wp-content\/uploads\/2020\/10\/kie2007-768x406.jpg 768w, https:\/\/kie.ue.poznan.pl\/pl\/wp-content\/uploads\/2020\/10\/kie2007-360x190.jpg 360w\" sizes=\"auto, (max-width: 802px) 100vw, 802px\" \/><\/a><\/div>\n<\/div>\n<div class=\"tl-item\">\n<div class=\"tl-bg\" style=\"background-image: url(https:\/\/kie.ue.poznan.pl\/pl\/wp-content\/uploads\/2020\/10\/kie2011.jpg)\"><\/div>\n<div class=\"tl-year\"><a href=\"https:\/\/kie.ue.poznan.pl\/pl\/wp-content\/uploads\/2020\/10\/kie2011.jpg\" title=\"Strona Katedry Informatyki Ekonomicznej w 2011 roku\" target=\"_blank\" rel=\"noopener noreferrer\">2011<\/a><\/div>\n<div class=\"tl-content\"><a href=\"https:\/\/kie.ue.poznan.pl\/pl\/wp-content\/uploads\/2020\/10\/kie2011.jpg\" title=\"Strona Katedry Informatyki Ekonomicznej w 2011 roku\" target=\"_blank\" rel=\"noopener noreferrer\"><img loading=\"lazy\" decoding=\"async\" src=\"https:\/\/kie.ue.poznan.pl\/pl\/wp-content\/uploads\/2020\/10\/kie2011.jpg\" alt=\"Strona Katedry Informatyki Ekonomicznej w 2011 roku\" width=\"1327\" height=\"755\" class=\"aligncenter size-full wp-image-413\" srcset=\"https:\/\/kie.ue.poznan.pl\/pl\/wp-content\/uploads\/2020\/10\/kie2011.jpg 1327w, https:\/\/kie.ue.poznan.pl\/pl\/wp-content\/uploads\/2020\/10\/kie2011-300x171.jpg 300w, https:\/\/kie.ue.poznan.pl\/pl\/wp-content\/uploads\/2020\/10\/kie2011-1024x583.jpg 1024w, https:\/\/kie.ue.poznan.pl\/pl\/wp-content\/uploads\/2020\/10\/kie2011-768x437.jpg 768w, https:\/\/kie.ue.poznan.pl\/pl\/wp-content\/uploads\/2020\/10\/kie2011-360x205.jpg 360w\" sizes=\"auto, (max-width: 1327px) 100vw, 1327px\" \/><\/a><\/div>\n<\/div>\n<\/section>\n<p style=\"margin-top:40px;\">Poszczeg\u00f3lne historyczne wersje stron KIE mo\u017cna znale\u017a\u0107 r\u00f3wnie\u017c w ramach internetowego archiwum cyfrowego:<\/p>\n<ul>\n<li>w latach 1998-2008: <a href=\"https:\/\/web.archive.org\/web\/19980701000000*\/kie.ae.poznan.pl\" rel=\"noopener noreferrer\" target=\"_blank\">kie.<strong>ae<\/strong>.poznan.pl<\/a><\/li>\n<li>od 2009 roku: <a href=\"https:\/\/web.archive.org\/web\/20090901000000*\/kie.ue.poznan.pl\" rel=\"noopener noreferrer\" target=\"_blank\">kie.<strong>ue<\/strong>.poznan.pl<\/a><\/li>\n<\/li>\n<\/ul>\n<p><!--\n\n\n<style> .timemain *{box-sizing: border-box;} .timemain { background-color: #ffffff; font-family: Helvetica, sans-serif; } .timeline { position: relative; max-width: 1200px; margin: 0 auto;} .timeline::after { content: ''; position: absolute; width: 6px; background-color: #103924; top: 0; bottom: 0; left: 50%; margin-left: -3px; } .timeline .container { padding: 10px 40px; position: relative; background-color: inherit; width: 50%;  } .timeline .container::after { content: ''; position: absolute; width: 25px; height: 25px; right: -17px; background-color: #bda906; border: 4px solid #103924; top: 15px; border-radius: 50%; z-index: 1; } .timeline .left { left: -25.5%; } .timeline .right { left: 25.5%; } .timeline .left::before { content: \" \"; height: 0; position: absolute; top: 22px; width: 0; z-index: 1; right: 30px; border: medium solid white; border-width: 10px 0 10px 10px; border-color: transparent transparent transparent #bda906; } .timeline .right::before { content: \" \"; height: 0; position: absolute; top: 22px; width: 0; z-index: 1; left: 30px; border: medium solid white; border-width: 10px 10px 10px 0; border-color: transparent #bda906 transparent transparent; } .timeline .right::after { left: -16px; }  .timeline .content { padding: 20px 30px; background-color: #103924; position: relative; border-radius: 6px; border: 4px solid #bda906; } .timeline .content h2 {color: #e3d982;} @media screen and (max-width: 600px) { .timeline::after { left: 31px; } .timeline .container { width: 100%; padding-left: 70px; padding-right: 25px; } .timeline .container::before { left: 60px; border: medium solid white; border-width: 10px 10px 10px 0; border-color: transparent #bda906 transparent transparent; } .timeline .left{ left: 0%; } .timeline .left::after, .timeline .right::after { left: 15px; } .timeline .right { left: 0%; } }<\/style>\n\n\n\n\n\n<div class=\"timemain\">\n\n\n<div class=\"timeline\">\n  \n\n<div class=\"container left\">\n    \n\n<div class=\"content\">\n      \n\n<h2>2011<\/h2>\n\n\n<a href=\"https:\/\/kie.ue.poznan.pl\/pl\/wp-content\/uploads\/2020\/10\/kie2011.jpg\" title=\"Strona Katedry Informatyki Ekonomicznej w 2011 roku\" target=\"_blank\" rel=\"noopener noreferrer\"><img loading=\"lazy\" decoding=\"async\" src=\"https:\/\/kie.ue.poznan.pl\/pl\/wp-content\/uploads\/2020\/10\/kie2011.jpg\" alt=\"Strona Katedry Informatyki Ekonomicznej w 2011 roku\" width=\"1327\" height=\"755\" class=\"aligncenter size-full wp-image-413\" srcset=\"https:\/\/kie.ue.poznan.pl\/pl\/wp-content\/uploads\/2020\/10\/kie2011.jpg 1327w, https:\/\/kie.ue.poznan.pl\/pl\/wp-content\/uploads\/2020\/10\/kie2011-300x171.jpg 300w, https:\/\/kie.ue.poznan.pl\/pl\/wp-content\/uploads\/2020\/10\/kie2011-1024x583.jpg 1024w, https:\/\/kie.ue.poznan.pl\/pl\/wp-content\/uploads\/2020\/10\/kie2011-768x437.jpg 768w, https:\/\/kie.ue.poznan.pl\/pl\/wp-content\/uploads\/2020\/10\/kie2011-360x205.jpg 360w\" sizes=\"auto, (max-width: 1327px) 100vw, 1327px\" \/><\/a>\n    <\/div>\n\n\n  <\/div>\n\n\n  \n\n<div class=\"container right\">\n    \n\n<div class=\"content\">\n      \n\n<h2>2007<\/h2>\n\n\n<a href=\"https:\/\/kie.ue.poznan.pl\/pl\/wp-content\/uploads\/2020\/10\/kie2007.jpg\" title=\"Strona Katedry Informatyki Ekonomicznej w 2007 roku\" target=\"_blank\" rel=\"noopener noreferrer\"><img loading=\"lazy\" decoding=\"async\" src=\"https:\/\/kie.ue.poznan.pl\/pl\/wp-content\/uploads\/2020\/10\/kie2007.jpg\" alt=\"\" width=\"802\" height=\"424\" class=\"aligncenter size-full wp-image-412\" srcset=\"https:\/\/kie.ue.poznan.pl\/pl\/wp-content\/uploads\/2020\/10\/kie2007.jpg 802w, https:\/\/kie.ue.poznan.pl\/pl\/wp-content\/uploads\/2020\/10\/kie2007-300x159.jpg 300w, https:\/\/kie.ue.poznan.pl\/pl\/wp-content\/uploads\/2020\/10\/kie2007-768x406.jpg 768w, https:\/\/kie.ue.poznan.pl\/pl\/wp-content\/uploads\/2020\/10\/kie2007-360x190.jpg 360w\" sizes=\"auto, (max-width: 802px) 100vw, 802px\" \/><\/a>\n          <\/div>\n\n\n  <\/div>\n\n\n  \n\n<div class=\"container left\">\n    \n\n<div class=\"content\">\n      \n\n<h2>2005<\/h2>\n\n\n<a href=\"https:\/\/kie.ue.poznan.pl\/pl\/wp-content\/uploads\/2020\/10\/kie2005.jpg\" title=\"Strona Katedry Informatyki Ekonomicznej w 2005 roku\" target=\"_blank\" rel=\"noopener noreferrer\"><img loading=\"lazy\" decoding=\"async\" src=\"https:\/\/kie.ue.poznan.pl\/pl\/wp-content\/uploads\/2020\/10\/kie2005.jpg\" alt=\"\" width=\"1016\" height=\"450\" class=\"aligncenter size-full wp-image-410\" srcset=\"https:\/\/kie.ue.poznan.pl\/pl\/wp-content\/uploads\/2020\/10\/kie2005.jpg 1016w, https:\/\/kie.ue.poznan.pl\/pl\/wp-content\/uploads\/2020\/10\/kie2005-300x133.jpg 300w, https:\/\/kie.ue.poznan.pl\/pl\/wp-content\/uploads\/2020\/10\/kie2005-768x340.jpg 768w, https:\/\/kie.ue.poznan.pl\/pl\/wp-content\/uploads\/2020\/10\/kie2005-360x159.jpg 360w\" sizes=\"auto, (max-width: 1016px) 100vw, 1016px\" \/><\/a>\n          <\/div>\n\n\n  <\/div>\n\n\n  \n\n<div class=\"container right\">\n    \n\n<div class=\"content\">\n      \n\n<h2>2003<\/h2>\n\n\n<a href=\"https:\/\/kie.ue.poznan.pl\/pl\/wp-content\/uploads\/2020\/10\/kie2003.jpg\" title=\"Strona Katedry Informatyki Ekonomicznej w 2003 roku\" target=\"_blank\" rel=\"noopener noreferrer\"><img loading=\"lazy\" decoding=\"async\" src=\"https:\/\/kie.ue.poznan.pl\/pl\/wp-content\/uploads\/2020\/10\/kie2003.jpg\" alt=\"\" width=\"781\" height=\"440\" class=\"aligncenter size-full wp-image-409\" srcset=\"https:\/\/kie.ue.poznan.pl\/pl\/wp-content\/uploads\/2020\/10\/kie2003.jpg 781w, https:\/\/kie.ue.poznan.pl\/pl\/wp-content\/uploads\/2020\/10\/kie2003-300x169.jpg 300w, https:\/\/kie.ue.poznan.pl\/pl\/wp-content\/uploads\/2020\/10\/kie2003-768x433.jpg 768w, https:\/\/kie.ue.poznan.pl\/pl\/wp-content\/uploads\/2020\/10\/kie2003-360x203.jpg 360w\" sizes=\"auto, (max-width: 781px) 100vw, 781px\" \/><\/a>\n      \n    <\/div>\n\n\n  <\/div>\n\n\n  \n\n<div class=\"container left\">\n    \n\n<div class=\"content\">\n      \n\n<h2>2002<\/h2>\n\n\n<a href=\"https:\/\/kie.ue.poznan.pl\/pl\/wp-content\/uploads\/2020\/10\/kie2002.jpg\" title=\"Strona Katedry Informatyki Ekonomicznej w 2002 roku\" target=\"_blank\" rel=\"noopener noreferrer\"><img loading=\"lazy\" decoding=\"async\" src=\"https:\/\/kie.ue.poznan.pl\/pl\/wp-content\/uploads\/2020\/10\/kie2002.jpg\" alt=\"\" width=\"772\" height=\"356\" class=\"aligncenter size-full wp-image-408\" srcset=\"https:\/\/kie.ue.poznan.pl\/pl\/wp-content\/uploads\/2020\/10\/kie2002.jpg 772w, https:\/\/kie.ue.poznan.pl\/pl\/wp-content\/uploads\/2020\/10\/kie2002-300x138.jpg 300w, https:\/\/kie.ue.poznan.pl\/pl\/wp-content\/uploads\/2020\/10\/kie2002-768x354.jpg 768w, https:\/\/kie.ue.poznan.pl\/pl\/wp-content\/uploads\/2020\/10\/kie2002-360x166.jpg 360w\" sizes=\"auto, (max-width: 772px) 100vw, 772px\" \/><\/a>\n    <\/div>\n\n\n  <\/div>\n\n\n  \n\n<div class=\"container right\">\n    \n\n<div class=\"content\">\n      \n\n<h2>2001<\/h2>\n\n\n<a href=\"https:\/\/kie.ue.poznan.pl\/pl\/wp-content\/uploads\/2020\/10\/kie2001.jpg\" title=\"Strona Katedry Informatyki Ekonomicznej w 2001 roku\" target=\"_blank\" rel=\"noopener noreferrer\"><img loading=\"lazy\" decoding=\"async\" src=\"https:\/\/kie.ue.poznan.pl\/pl\/wp-content\/uploads\/2020\/10\/kie2001.jpg\" alt=\"\" width=\"697\" height=\"428\" class=\"aligncenter size-full wp-image-406\" srcset=\"https:\/\/kie.ue.poznan.pl\/pl\/wp-content\/uploads\/2020\/10\/kie2001.jpg 697w, https:\/\/kie.ue.poznan.pl\/pl\/wp-content\/uploads\/2020\/10\/kie2001-300x184.jpg 300w, https:\/\/kie.ue.poznan.pl\/pl\/wp-content\/uploads\/2020\/10\/kie2001-360x221.jpg 360w\" sizes=\"auto, (max-width: 697px) 100vw, 697px\" \/><\/a>      \n    <\/div>\n\n\n  <\/div>\n\n\n  \n\n<div class=\"container left\">\n    \n\n<div class=\"content\">\n      \n\n<h2>1998<\/h2>\n\n\n<a href=\"https:\/\/kie.ue.poznan.pl\/pl\/wp-content\/uploads\/2020\/10\/kie1998.jpg\" title=\"Strona Katedry Informatyki Ekonomicznej w 1998 roku\" target=\"_blank\" rel=\"noopener noreferrer\"><img loading=\"lazy\" decoding=\"async\" src=\"https:\/\/kie.ue.poznan.pl\/pl\/wp-content\/uploads\/2020\/10\/kie1998.jpg\" alt=\"\" width=\"824\" height=\"446\" class=\"aligncenter size-full wp-image-404\" srcset=\"https:\/\/kie.ue.poznan.pl\/pl\/wp-content\/uploads\/2020\/10\/kie1998.jpg 824w, https:\/\/kie.ue.poznan.pl\/pl\/wp-content\/uploads\/2020\/10\/kie1998-300x162.jpg 300w, https:\/\/kie.ue.poznan.pl\/pl\/wp-content\/uploads\/2020\/10\/kie1998-768x416.jpg 768w, https:\/\/kie.ue.poznan.pl\/pl\/wp-content\/uploads\/2020\/10\/kie1998-360x195.jpg 360w\" sizes=\"auto, (max-width: 824px) 100vw, 824px\" \/><\/a>\n    <\/div>\n\n\n  <\/div>\n\n\n<\/div>\n\n\n<\/div>\n\n\n--><\/p>\n","protected":false},"excerpt":{"rendered":"<p>Strona internetowa Katedry Informatyki Ekonomicznej dost\u0119pna ju\u017c ponad 25 lat. Od momentu za\u0142o\u017cenia pierwszej wersji witryna ci\u0105gle si\u0119 zmienia\u0142a, stosuj\u0105c coraz nowsze technologie oraz polepszaj\u0105c interfejs u\u017cytkownika. Poni\u017cej przedstawione s\u0105 widoki g\u0142\u00f3wnej strony KIE w r\u00f3\u017cnych latach. 1998 2001 2002 2003 2005 2007 2011 Poszczeg\u00f3lne historyczne wersje stron KIE mo\u017cna znale\u017a\u0107 r\u00f3wnie\u017c w ramach internetowego archiwum cyfrowego: w latach 1998-2008: kie.ae.poznan.pl od 2009 roku: kie.ue.poznan.pl<\/p>\n","protected":false},"author":1,"featured_media":417,"parent":0,"menu_order":0,"comment_status":"closed","ping_status":"closed","template":"","meta":{"footnotes":""},"class_list":["post-403","page","type-page","status-publish","has-post-thumbnail","hentry"],"_links":{"self":[{"href":"https:\/\/kie.ue.poznan.pl\/pl\/wp-json\/wp\/v2\/pages\/403","targetHints":{"allow":["GET"]}}],"collection":[{"href":"https:\/\/kie.ue.poznan.pl\/pl\/wp-json\/wp\/v2\/pages"}],"about":[{"href":"https:\/\/kie.ue.poznan.pl\/pl\/wp-json\/wp\/v2\/types\/page"}],"author":[{"embeddable":true,"href":"https:\/\/kie.ue.poznan.pl\/pl\/wp-json\/wp\/v2\/users\/1"}],"replies":[{"embeddable":true,"href":"https:\/\/kie.ue.poznan.pl\/pl\/wp-json\/wp\/v2\/comments?post=403"}],"version-history":[{"count":0,"href":"https:\/\/kie.ue.poznan.pl\/pl\/wp-json\/wp\/v2\/pages\/403\/revisions"}],"wp:featuredmedia":[{"embeddable":true,"href":"https:\/\/kie.ue.poznan.pl\/pl\/wp-json\/wp\/v2\/media\/417"}],"wp:attachment":[{"href":"https:\/\/kie.ue.poznan.pl\/pl\/wp-json\/wp\/v2\/media?parent=403"}],"curies":[{"name":"wp","href":"https:\/\/api.w.org\/{rel}","templated":true}]}}