{"id":472,"date":"2021-02-10T14:11:24","date_gmt":"2021-02-10T13:11:24","guid":{"rendered":"http:\/\/kie.ue.poznan.pl\/pl\/?page_id=472"},"modified":"2021-02-10T14:12:05","modified_gmt":"2021-02-10T13:12:05","slug":"simmo-2","status":"publish","type":"page","link":"https:\/\/kie.ue.poznan.pl\/pl\/simmo-2\/","title":{"rendered":"SIMMO II"},"content":{"rendered":"<p>Celem projektu SIMMO II jest opracowanie systemu do analizy danych morskich, opartego o nowoczesne metody data science oraz technologie Big Data. System b\u0119dzie umo\u017cliwia\u0107 wykonywanie szybkich analiz, w tym analiz w czasie rzeczywistym oraz wykrywaj\u0105cych anomalie, w oparciu o du\u017ce wolumeny danych morskich. Jego celem b\u0119dzie umo\u017cliwienie przeprowadzania analiz aktualnej sytuacji na morzach i oceanach w skali globalnej i dla r\u00f3\u017cnych typ\u00f3w statk\u00f3w. <\/p>\n<p>Przewaga systemu SIMMO II b\u0119dzie wynika\u0107 przede wszystkim z mo\u017cliwo\u015bci wykonywania nowych rodzaj\u00f3w analizy danych. Takie analizy nie by\u0142y jeszcze realizowane w scenariuszach morskich, ze wzgl\u0119du na brak technologii umo\u017cliwiaj\u0105cych przetwarzanie w czasie rzeczywistym du\u017cych wolumen\u00f3w danych morskich pochodz\u0105cych z r\u00f3\u017cnych \u017ar\u00f3de\u0142. Wraz z now\u0105 architektur\u0105 systemu (obejmuj\u0105c\u0105 m.in. technologie przetwarzania rozproszonego, in-memory computing oraz rozwi\u0105zania chmurowe), opracowane i wdro\u017cone zostan\u0105 algorytmy i metody analizy danych w celu wykrycia anomalii, odkrywania ukrytych wzorc\u00f3w, nieznanych korelacji i trend\u00f3w w zachowaniu statk\u00f3w.<br \/>\nSzczeg\u00f3\u0142owe cele obejmuj\u0105:<\/p>\n<ul>\n<li>Zaprojektowanie i wdro\u017cenie nowej architektury systemu SIMMO II, opartej na technologiach Big Data, umo\u017cliwiaj\u0105cej \u0142\u0105czenie, przetwarzanie i analiz\u0119 heterogenicznych danych morskich.<\/li>\n<li>Uwzgl\u0119dnienie dodatkowe \u017ar\u00f3d\u0142a danych.<\/li>\n<li>Dostarczenie ulepszonych metod gromadzenia, przechowywania i analizowania ogromnej ilo\u015bci heterogenicznych informacji pochodz\u0105cych z r\u00f3\u017cnych \u017ar\u00f3de\u0142, przy u\u017cyciu architektury nowego systemu.<\/li>\n<li>Opracowywanie, wdra\u017canie i testowanie nowych metod szybkiej analizy danych morskich. Pozwol\u0105 one na wykrycie potencjalnych zagro\u017ce\u0144 i nieprawid\u0142owo\u015bci w zachowaniu statk\u00f3w dzi\u0119ki wykorzystaniu najnowocze\u015bniejszych technik eksploracji danych i uczenia maszynowego.<\/li>\n<\/ul>\n<p>Projekt SIMMO II jest kontynuacj\u0105 projektu <a href=\"\/pl\/simmo\">SIMMO<\/a>, realizowanego przez UEP w latach 2014-2016. Konsorcjum projektu tworzy 2 partner\u00f3w:<\/p>\n<ul>\n<li>Uniwersytet Ekonomiczny w Poznaniu (Lider)<\/li>\n<li>Luxspace Sarl, Luksemburg<\/li>\n<\/ul>\n<p>SIMMO II to projekt badawczo-rozwojowy, zamawiany przez Europejsk\u0105 Agencj\u0119 Obrony i finansowany przez Polskie oraz Luksemburskie Ministerstwa Obrony Narodowej. <\/p>\n","protected":false},"excerpt":{"rendered":"<p>Celem projektu SIMMO II jest opracowanie systemu do analizy danych morskich, opartego o nowoczesne metody data science oraz technologie Big Data. System b\u0119dzie umo\u017cliwia\u0107 wykonywanie szybkich analiz, w tym analiz w czasie rzeczywistym oraz wykrywaj\u0105cych anomalie, w oparciu o du\u017ce wolumeny danych morskich. Jego celem b\u0119dzie umo\u017cliwienie przeprowadzania analiz aktualnej sytuacji na morzach i oceanach w skali globalnej i dla r\u00f3\u017cnych typ\u00f3w statk\u00f3w. Przewaga systemu SIMMO II b\u0119dzie wynika\u0107 przede <a href=\"https:\/\/kie.ue.poznan.pl\/pl\/simmo-2\/\" class=\"read-more\">&#8230; Wi\u0119cej informacji<\/a><\/p>\n","protected":false},"author":1,"featured_media":0,"parent":0,"menu_order":0,"comment_status":"closed","ping_status":"closed","template":"","meta":{"footnotes":""},"class_list":["post-472","page","type-page","status-publish","hentry"],"_links":{"self":[{"href":"https:\/\/kie.ue.poznan.pl\/pl\/wp-json\/wp\/v2\/pages\/472","targetHints":{"allow":["GET"]}}],"collection":[{"href":"https:\/\/kie.ue.poznan.pl\/pl\/wp-json\/wp\/v2\/pages"}],"about":[{"href":"https:\/\/kie.ue.poznan.pl\/pl\/wp-json\/wp\/v2\/types\/page"}],"author":[{"embeddable":true,"href":"https:\/\/kie.ue.poznan.pl\/pl\/wp-json\/wp\/v2\/users\/1"}],"replies":[{"embeddable":true,"href":"https:\/\/kie.ue.poznan.pl\/pl\/wp-json\/wp\/v2\/comments?post=472"}],"version-history":[{"count":0,"href":"https:\/\/kie.ue.poznan.pl\/pl\/wp-json\/wp\/v2\/pages\/472\/revisions"}],"wp:attachment":[{"href":"https:\/\/kie.ue.poznan.pl\/pl\/wp-json\/wp\/v2\/media?parent=472"}],"curies":[{"name":"wp","href":"https:\/\/api.w.org\/{rel}","templated":true}]}}