{"id":522,"date":"2021-12-02T13:42:15","date_gmt":"2021-12-02T12:42:15","guid":{"rendered":"https:\/\/kie.ue.poznan.pl\/pl\/?page_id=522"},"modified":"2025-05-27T17:27:39","modified_gmt":"2025-05-27T15:27:39","slug":"openfact","status":"publish","type":"page","link":"https:\/\/kie.ue.poznan.pl\/pl\/openfact\/","title":{"rendered":"OpenFact"},"content":{"rendered":"<p><a href=\"https:\/\/www.gov.pl\/web\/ncbr\" title=\"NCBR - Narodowe Centrum Bada\u0144 i Rozwoju\" target=\"_blank\" rel=\"noopener noreferrer\"><img loading=\"lazy\" decoding=\"async\" src=\"https:\/\/kie.ue.poznan.pl\/pl\/wp-content\/uploads\/2022\/11\/ncbr-300x75.png\" alt=\"NCBR - Narodowe Centrum Bada\u0144 i Rozwoju\" width=\"300\" height=\"75\" class=\"alignright size-medium wp-image-603\" srcset=\"https:\/\/kie.ue.poznan.pl\/pl\/wp-content\/uploads\/2022\/11\/ncbr-300x75.png 300w, https:\/\/kie.ue.poznan.pl\/pl\/wp-content\/uploads\/2022\/11\/ncbr-1024x257.png 1024w, https:\/\/kie.ue.poznan.pl\/pl\/wp-content\/uploads\/2022\/11\/ncbr-768x193.png 768w, https:\/\/kie.ue.poznan.pl\/pl\/wp-content\/uploads\/2022\/11\/ncbr-360x90.png 360w, https:\/\/kie.ue.poznan.pl\/pl\/wp-content\/uploads\/2022\/11\/ncbr.png 1503w\" sizes=\"auto, (max-width: 300px) 100vw, 300px\" \/><\/a><strong>OpenFact &#8211; narz\u0119dzia weryfikacji wiarygodno\u015bci \u017ar\u00f3de\u0142 informacji i detekcji fa\u0142szywych informacji z wykorzystaniem metod sztucznej inteligencji.<\/strong> Projekt wsp\u00f3\u0142finansowany przez Narodowe Centrum Bada\u0144 i Rozwoju w ramach programu INFOSTRATEG I.<\/p>\n<p>Celem projektu OpenFact jest opracowanie narz\u0119dzia do weryfikacji wiarygodno\u015bci \u017ar\u00f3de\u0142 informacji w Internecie oraz detekcji fa\u0142szywych informacji, tzw. fake news przy pomocy metod sztucznej inteligencji. Rozwi\u0105zanie b\u0119dzie przeznaczone do pracy w j\u0119zyku polskim w r\u00f3\u017cnych dziedzinach tematycznych. Jego zadaniem b\u0119dzie informowa\u0107 u\u017cytkownika o wyniku oceny wiarygodno\u015bci wiadomo\u015bci w wyszukiwarkach i popularnych sieciach spo\u0142eczno\u015bciowych. Do detekcji fa\u0142szywych informacji zostan\u0105 zastosowane najnowsze metody z obszaru data science, obejmuj\u0105ce mi\u0119dzy innymi techniki uczenia maszynowego, sztucznej inteligencji oraz przetwarzania j\u0119zyka naturalnego.<\/p>\n<ul>\n<li>Beneficjent: Uniwersytet Ekonomiczny w Poznaniu<\/li>\n<li>Program: <a href=\"https:\/\/www.gov.pl\/web\/ncbr\/infostrateg-i-konkurs\" rel=\"noopener noreferrer\" target=\"_blank\">INFOSTRATEG I<\/a> Program Strategiczny Program Bada\u0144 Naukowych i Prac Rozwojowych \u201eZaawansowane technologie informacyjne, telekomunikacyjne i mechatroniczne\u201d<\/li>\n<li>Warto\u015b\u0107 projektu: 3 400 500 PLN<\/li>\n<li>Warto\u015b\u0107 dofinansowania: 3 400 500 PLN<\/li>\n<li>Okres realizacji: <a href=\"https:\/\/kie.ue.poznan.pl\/pl\/wiadomosci\/zespol-kie-rozpoczyna-realizacje-projektu-openfact\/\">02.12.2021<\/a> \u2013 1.06.2025<\/li>\n<\/ul>\n<p>Kierownik projektu: <a href=\"https:\/\/kie.ue.poznan.pl\/pl\/witold-abramowicz\/\">prof. dr hab. Witold Abramowicz<\/a>.<br \/>\nZesp\u00f3\u0142 projektu: <a href=\"https:\/\/kie.ue.poznan.pl\/pl\/krzysztof-wecel\/\">dr hab. Krzysztof W\u0119cel, prof. UEP<\/a>, <a href=\"https:\/\/kie.ue.poznan.pl\/pl\/wlodzimierz-lewoniewski\/\">dr W\u0142odzimierz Lewoniewski<\/a>, <a href=\"https:\/\/kie.ue.poznan.pl\/pl\/piotr-stolarski\/\">dr Piotr Stolarski<\/a>, <a href=\"https:\/\/kie.ue.poznan.pl\/pl\/milena-strozyna\/\">dr Milena Str\u00f3\u017cyna<\/a>, <a href=\"https:\/\/kie.ue.poznan.pl\/pl\/izabela-czumalowska\/\">mgr Izabela Czuma\u0142owska<\/a>, <a href=\"https:\/\/kie.ue.poznan.pl\/pl\/ewelina-ksiezniak\/\">mgr Ewelina Ksi\u0119\u017cniak<\/a>, <a href=\"https:\/\/kie.ue.poznan.pl\/pl\/marcin-sawinski\/\">mgr Marcin Sawi\u0144ski<\/a>, <a href=\"https:\/\/kie.ue.poznan.pl\/pl\/aleksandra-wojewoda\/\">mgr in\u017c. Aleksandra Wojewoda<\/a>, <a href=\"https:\/\/kie.ue.poznan.pl\/pl\/temat\/patryk-danielewicz\/\">Patryk Danielewicz<\/a>.<\/p>\n<p style=\"text-align:left;\">Partnerem projektu jest <a href=\"https:\/\/brightinitiative.com\/\" rel=\"noopener noreferrer\" target=\"_blank\">Bright Data Initiative<\/a>.<br \/>\n<a href=\"https:\/\/brightinitiative.com\/\" rel=\"noopener noreferrer\" target=\"_blank\"><img loading=\"lazy\" decoding=\"async\" src=\"https:\/\/kie.ue.poznan.pl\/pl\/wp-content\/uploads\/2025\/05\/bright_data-300x55.png\" alt=\"\" width=\"300\" height=\"55\" class=\"size-medium wp-image-1269\" srcset=\"https:\/\/kie.ue.poznan.pl\/pl\/wp-content\/uploads\/2025\/05\/bright_data-300x55.png 300w, https:\/\/kie.ue.poznan.pl\/pl\/wp-content\/uploads\/2025\/05\/bright_data-1024x188.png 1024w, https:\/\/kie.ue.poznan.pl\/pl\/wp-content\/uploads\/2025\/05\/bright_data-768x141.png 768w, https:\/\/kie.ue.poznan.pl\/pl\/wp-content\/uploads\/2025\/05\/bright_data-1536x282.png 1536w, https:\/\/kie.ue.poznan.pl\/pl\/wp-content\/uploads\/2025\/05\/bright_data-360x66.png 360w, https:\/\/kie.ue.poznan.pl\/pl\/wp-content\/uploads\/2025\/05\/bright_data.png 1920w\" sizes=\"auto, (max-width: 300px) 100vw, 300px\" \/><\/a> <\/p>\n","protected":false},"excerpt":{"rendered":"<p>OpenFact &#8211; narz\u0119dzia weryfikacji wiarygodno\u015bci \u017ar\u00f3de\u0142 informacji i detekcji fa\u0142szywych informacji z wykorzystaniem metod sztucznej inteligencji. Projekt wsp\u00f3\u0142finansowany przez Narodowe Centrum Bada\u0144 i Rozwoju w ramach programu INFOSTRATEG I. Celem projektu OpenFact jest opracowanie narz\u0119dzia do weryfikacji wiarygodno\u015bci \u017ar\u00f3de\u0142 informacji w Internecie oraz detekcji fa\u0142szywych informacji, tzw. fake news przy pomocy metod sztucznej inteligencji. Rozwi\u0105zanie b\u0119dzie przeznaczone do pracy w j\u0119zyku polskim w r\u00f3\u017cnych dziedzinach tematycznych. Jego zadaniem b\u0119dzie informowa\u0107 <a href=\"https:\/\/kie.ue.poznan.pl\/pl\/openfact\/\" class=\"read-more\">&#8230; Wi\u0119cej informacji<\/a><\/p>\n","protected":false},"author":1,"featured_media":0,"parent":0,"menu_order":0,"comment_status":"closed","ping_status":"closed","template":"","meta":{"footnotes":""},"class_list":["post-522","page","type-page","status-publish","hentry"],"_links":{"self":[{"href":"https:\/\/kie.ue.poznan.pl\/pl\/wp-json\/wp\/v2\/pages\/522","targetHints":{"allow":["GET"]}}],"collection":[{"href":"https:\/\/kie.ue.poznan.pl\/pl\/wp-json\/wp\/v2\/pages"}],"about":[{"href":"https:\/\/kie.ue.poznan.pl\/pl\/wp-json\/wp\/v2\/types\/page"}],"author":[{"embeddable":true,"href":"https:\/\/kie.ue.poznan.pl\/pl\/wp-json\/wp\/v2\/users\/1"}],"replies":[{"embeddable":true,"href":"https:\/\/kie.ue.poznan.pl\/pl\/wp-json\/wp\/v2\/comments?post=522"}],"version-history":[{"count":0,"href":"https:\/\/kie.ue.poznan.pl\/pl\/wp-json\/wp\/v2\/pages\/522\/revisions"}],"wp:attachment":[{"href":"https:\/\/kie.ue.poznan.pl\/pl\/wp-json\/wp\/v2\/media?parent=522"}],"curies":[{"name":"wp","href":"https:\/\/api.w.org\/{rel}","templated":true}]}}