{"id":572,"date":"2022-10-11T18:34:09","date_gmt":"2022-10-11T16:34:09","guid":{"rendered":"https:\/\/kie.ue.poznan.pl\/pl\/?page_id=572"},"modified":"2023-10-31T13:44:20","modified_gmt":"2023-10-31T12:44:20","slug":"kontakt","status":"publish","type":"page","link":"https:\/\/kie.ue.poznan.pl\/pl\/kontakt\/","title":{"rendered":"Kontakt"},"content":{"rendered":"<p>Informacje kontaktowe poszczeg\u00f3lnych pracownik\u00f3w Katedry s\u0105 dost\u0119pne na stronie <a href=\"https:\/\/kie.ue.poznan.pl\/pl\/members\/\">Zesp\u00f3\u0142<\/a>.<\/p>\n<p>W kwestiach og\u00f3lnych prosimy si\u0119 kontaktowa\u0107 z <a href=\"https:\/\/ue.poznan.pl\/uniwersytet\/instytuty-i-katedry\/instytut-informatyki-i-ekonomii-ilosciowej\/\" rel=\"noopener noreferrer\" target=\"_blank\">sekretariatem Instytutu Informatyki i Ekonomii Ilo\u015bciowej<\/a>:<\/p>\n<hr \/>\n<p><strong>mgr Natalia Lewandowska<\/strong><br \/>\nspecjalista ds. administracyjnych &#8211; koordynator<br \/>\nmiejsce: budynek C, p. 419<br \/>\ntelefon: 61-639-27-99 <\/p>\n<hr \/>\n<p><strong>mgr Beata Maciejewska<\/strong><br \/>\nstarszy specjalista do spraw administracyjnych<br \/>\nmiejsce: budynek C, p. 419<br \/>\ntelefon: 61-639-27-00<\/p>\n<hr \/>\n<p>Pozosta\u0142e telefony: <\/p>\n<ul>\n<li>61-639-27-52<\/li>\n<li>61-639-27-33<\/li>\n<\/ul>\n<hr \/>\n<h2>Serwisy spo\u0142eczno\u015bciowe<\/h2>\n<ul>\n<li>Facebook: <a href=\"https:\/\/www.facebook.com\/KIE.UEP\/\" targe\"_blank\">@KIE.UEP<\/a><\/li>\n<li>Twitter: <a href=\"https:\/\/twitter.com\/kie_uep\" targe\"_blank\">@KIE_UEP<\/a><\/li>\n<li>LinkedIn: <a href=\"https:\/\/www.linkedin.com\/company\/kie-uep\" targe\"_blank\">@KIE-UEP<\/a><\/li>\n<\/ul>\n","protected":false},"excerpt":{"rendered":"<p>Informacje kontaktowe poszczeg\u00f3lnych pracownik\u00f3w Katedry s\u0105 dost\u0119pne na stronie Zesp\u00f3\u0142. W kwestiach og\u00f3lnych prosimy si\u0119 kontaktowa\u0107 z sekretariatem Instytutu Informatyki i Ekonomii Ilo\u015bciowej: mgr Natalia Lewandowska specjalista ds. administracyjnych &#8211; koordynator miejsce: budynek C, p. 419 telefon: 61-639-27-99 mgr Beata Maciejewska starszy specjalista do spraw administracyjnych miejsce: budynek C, p. 419 telefon: 61-639-27-00 Pozosta\u0142e telefony: 61-639-27-52 61-639-27-33 Serwisy spo\u0142eczno\u015bciowe Facebook: @KIE.UEP Twitter: @KIE_UEP LinkedIn: @KIE-UEP<\/p>\n","protected":false},"author":1,"featured_media":0,"parent":0,"menu_order":0,"comment_status":"closed","ping_status":"closed","template":"","meta":{"footnotes":""},"class_list":["post-572","page","type-page","status-publish","hentry"],"_links":{"self":[{"href":"https:\/\/kie.ue.poznan.pl\/pl\/wp-json\/wp\/v2\/pages\/572","targetHints":{"allow":["GET"]}}],"collection":[{"href":"https:\/\/kie.ue.poznan.pl\/pl\/wp-json\/wp\/v2\/pages"}],"about":[{"href":"https:\/\/kie.ue.poznan.pl\/pl\/wp-json\/wp\/v2\/types\/page"}],"author":[{"embeddable":true,"href":"https:\/\/kie.ue.poznan.pl\/pl\/wp-json\/wp\/v2\/users\/1"}],"replies":[{"embeddable":true,"href":"https:\/\/kie.ue.poznan.pl\/pl\/wp-json\/wp\/v2\/comments?post=572"}],"version-history":[{"count":0,"href":"https:\/\/kie.ue.poznan.pl\/pl\/wp-json\/wp\/v2\/pages\/572\/revisions"}],"wp:attachment":[{"href":"https:\/\/kie.ue.poznan.pl\/pl\/wp-json\/wp\/v2\/media?parent=572"}],"curies":[{"name":"wp","href":"https:\/\/api.w.org\/{rel}","templated":true}]}}