{"id":79,"date":"2020-05-21T13:57:06","date_gmt":"2020-05-21T11:57:06","guid":{"rendered":"http:\/\/kie.ue.poznan.pl\/pl\/?page_id=79"},"modified":"2026-01-30T10:43:38","modified_gmt":"2026-01-30T09:43:38","slug":"witold-abramowicz","status":"publish","type":"page","link":"https:\/\/kie.ue.poznan.pl\/pl\/witold-abramowicz\/","title":{"rendered":"prof. dr hab. Witold Abramowicz"},"content":{"rendered":"<table class=\"bazy\">\n<tr>\n<td><img decoding=\"async\" src=\"\/img\/members\/WA.png\" \/><\/td>\n<\/tr>\n<tr>\n<td>\n<table class=\"scopus1\" cellspacing=\"0\">\n<tr>\n<td class=\"scopus2\">SC<\/td>\n<td class=\"scopus3\"><a href=\"https:\/\/www.scopus.com\/authid\/detail.uri?authorId=6701455882\">Scopus<\/a><\/td>\n<\/tr>\n<\/table>\n<table class=\"bw1\" cellspacing=\"0\">\n<tr>\n<td class=\"bw2\">BW<\/td>\n<td class=\"bw3\"><a href=\"https:\/\/bazawiedzy.ue.poznan.pl\/info\/author\/UEP98cebfa931b847b1a4cdbb8db6e16205\/Witold%2BAbramowicz?affil=&#038;r=author&#038;tab=&#038;lang=pl\">Baza Wiedzy UEP<\/a><\/td>\n<\/tr>\n<\/table>\n<table class=\"rg1\" cellspacing=\"0\">\n<tr>\n<td class=\"rg2\">RG<\/td>\n<td class=\"rg3\"><a href=\"https:\/\/www.researchgate.net\/profile\/Witold_Abramowicz\">ResearchGate<\/a><\/td>\n<\/tr>\n<\/table>\n<table class=\"gs1\" cellspacing=\"0\">\n<tr>\n<td class=\"gs2\">GS<\/td>\n<td class=\"gs3\"><a href=\"https:\/\/scholar.google.pl\/citations?user=j0Tk1xQAAAAJ\">Google Scholar<\/a><\/td>\n<\/tr>\n<\/table>\n<table class=\"orcid1\" cellspacing=\"0\">\n<tr>\n<td class=\"orcid2\">ID<\/td>\n<td class=\"orcid3\"><a href=\"https:\/\/orcid.org\/0000-0001-5464-9698\">ORCID<\/a><\/td>\n<\/tr>\n<\/table>\n<\/td>\n<\/tr>\n<\/table>\n<p><em><a href=\"\/pl\/byli-pracownicy\/\">By\u0142y pracownik KIE<\/a> | Kierownik Katedry w latach 1990-2024<\/em><\/p>\n<p><strong>prof. dr hab. Witold Abramowicz<\/strong><\/p>\n<ul>\n<li>E-mail: witold.abramowicz@ue.poznan.pl<\/li>\n<li>Telefon: +48 (61) 854-33-81 | +48 (61) 639-27-33<\/li>\n<\/ul>\n<p><!--\n\n<h2>Seminarium<\/h2>\n\n\nTematyka seminarium na studiach stacjonarnych jest zwi\u0105zana z realizowanymi w Katedrze Informatyki Ekonomicznej projektami badawczymi. (<a href=\"http:\/\/kie.ue.poznan.pl\/pl\/wp-content\/uploads\/2020\/11\/Seminarium_WA.pdf\">Wersja PDF<\/a>)\n\nPrzyk\u0142adowa tematyka prac:\n\n\n<ul>\n \t\n\n<li>Data Science<\/li>\n\n\n \t\n\n<li>Big and Smart Data<\/li>\n\n\n \t\n\n<li>(Linked) Open Data w tym DBpedia<\/li>\n\n\n \t\n\n<li>Analiza informacji z portali spo\u0142eczno\u015bciowych<\/li>\n\n\n \t\n\n<li>Jako\u015b\u0107 informacji<\/li>\n\n\n \t\n\n<li>Semantyczny opisu dokument\u00f3w<\/li>\n\n\n \t\n\n<li>Integracja danych, informacji i tre\u015bci dla \u017ar\u00f3de\u0142 p\u0142ytkiego i g\u0142\u0119bokiego Internetu<\/li>\n\n\n<\/ul>\n\n\nZg\u0142oszenia w formie jednego pliku prosz\u0119 przes\u0142a\u0107 drog\u0105 elektroniczn\u0105 na konto W.Abramowicz@kie.ue.poznan.pl. Dane osobowe:\n\n\n<ul>\n \t\n\n<li>Imi\u0119 i nazwisko<\/li>\n\n\n \t\n\n<li>Numer indeksu<\/li>\n\n\n \t\n\n<li>Telefon kontaktowy, e-mail<\/li>\n\n\n \t\n\n<li>Zdj\u0119cie cyfrowe<\/li>\n\n\n<\/ul>\n\n\nStudia:\n\n\n<ul>\n \t\n\n<li>Kierunek lub kierunki studi\u00f3w<\/li>\n\n\n \t\n\n<li>Specjalno\u015b\u0107<\/li>\n\n\n \t\n\n<li>\u015arednia (\u015brednie) ze studi\u00f3w (z ca\u0142o\u015bci studi\u00f3w licencjackich z informacj\u0105 o Uczelni, w jakiej uko\u0144czono studia)<\/li>\n\n\n \t\n\n<li>Tytu\u0142 pracy (prac) licencjackich, nazwisko promotora, ocena za prac\u0119, ocena na dyplomie<\/li>\n\n\n \t\n\n<li>Ewentualny udzia\u0142 w praktykach<\/li>\n\n\n<\/ul>\n\n\nInformatyka:\n\n\n<ul>\n \t\n\n<li>Profil zainteresowa\u0144 informatycznych<\/li>\n\n\n \t\n\n<li>Znajomo\u015b\u0107 narz\u0119dzi informatycznych<\/li>\n\n\n \t\n\n<li>Ewentualne uko\u0144czone kursy<\/li>\n\n\n \t\n\n<li>Ewentualne do\u015bwiadczenie zawodowe<\/li>\n\n\n<\/ul>\n\n\nUwagi o sobie\n\n\n<ul>\n \t\n\n<li>Plany zawodowe<\/li>\n\n\n \t\n\n<li>J\u0119zyki obce (poziom zaawansowania, ewentualne certyfikaty)<\/li>\n\n\n \t\n\n<li>Zainteresowania poza informatyczne<\/li>\n\n\n<\/ul>\n\n\nProsz\u0119 o uzupe\u0142nienie informacji o zgod\u0105 na przetwarzanie elektroniczne. Zach\u0119cam do mo\u017cliwie wczesnego zg\u0142aszania swoich kandydatur. U\u0142atwi to rekrutacj\u0119. Je\u017celi zajdzie taka potrzeba, Kandydaci zostan\u0105 zaproszeni na spotkania indywidualne. Kandydaci otrzymaj\u0105 informacj\u0119 o decyzji przyj\u0119cia na seminarium drog\u0105 elektroniczn\u0105. --><\/p>\n","protected":false},"excerpt":{"rendered":"<p>SC Scopus BW Baza Wiedzy UEP RG ResearchGate GS Google Scholar ID ORCID By\u0142y pracownik KIE | Kierownik Katedry w latach 1990-2024 prof. dr hab. Witold Abramowicz E-mail: witold.abramowicz@ue.poznan.pl Telefon: +48 (61) 854-33-81 | +48 (61) 639-27-33<\/p>\n","protected":false},"author":1,"featured_media":0,"parent":0,"menu_order":0,"comment_status":"closed","ping_status":"closed","template":"","meta":{"footnotes":""},"class_list":["post-79","page","type-page","status-publish","hentry"],"_links":{"self":[{"href":"https:\/\/kie.ue.poznan.pl\/pl\/wp-json\/wp\/v2\/pages\/79","targetHints":{"allow":["GET"]}}],"collection":[{"href":"https:\/\/kie.ue.poznan.pl\/pl\/wp-json\/wp\/v2\/pages"}],"about":[{"href":"https:\/\/kie.ue.poznan.pl\/pl\/wp-json\/wp\/v2\/types\/page"}],"author":[{"embeddable":true,"href":"https:\/\/kie.ue.poznan.pl\/pl\/wp-json\/wp\/v2\/users\/1"}],"replies":[{"embeddable":true,"href":"https:\/\/kie.ue.poznan.pl\/pl\/wp-json\/wp\/v2\/comments?post=79"}],"version-history":[{"count":0,"href":"https:\/\/kie.ue.poznan.pl\/pl\/wp-json\/wp\/v2\/pages\/79\/revisions"}],"wp:attachment":[{"href":"https:\/\/kie.ue.poznan.pl\/pl\/wp-json\/wp\/v2\/media?parent=79"}],"curies":[{"name":"wp","href":"https:\/\/api.w.org\/{rel}","templated":true}]}}