{"id":83,"date":"2020-05-21T14:02:51","date_gmt":"2020-05-21T12:02:51","guid":{"rendered":"http:\/\/kie.ue.poznan.pl\/pl\/?page_id=83"},"modified":"2025-11-14T14:41:17","modified_gmt":"2025-11-14T13:41:17","slug":"agata-filipowska","status":"publish","type":"page","link":"https:\/\/kie.ue.poznan.pl\/pl\/agata-filipowska\/","title":{"rendered":"dr hab. Agata Filipowska, prof. UEP"},"content":{"rendered":"<table class=\"bazy\">\n<tr>\n<td><img decoding=\"async\" src=\"\/pl\/wp-content\/uploads\/2020\/10\/AF.png\" \/><\/td>\n<\/tr>\n<tr>\n<td>\n<table class=\"orcid1\" cellspacing=\"0\">\n<tr>\n<td class=\"orcid2\">ID<\/td>\n<td class=\"orcid3\"><a href=\"https:\/\/orcid.org\/0000-0002-8425-1872\">ORCID<\/a><\/td>\n<\/tr>\n<\/table>\n<table class=\"scopus1\" cellspacing=\"0\">\n<tr>\n<td class=\"scopus2\">SC<\/td>\n<td class=\"scopus3\"><a href=\"https:\/\/www.scopus.com\/authid\/detail.uri?authorId=11641284900\">Scopus<\/a><\/td>\n<\/tr>\n<\/table>\n<table class=\"bw1\" cellspacing=\"0\">\n<tr>\n<td class=\"bw2\">BW<\/td>\n<td class=\"bw3\"><a href=\"https:\/\/bazawiedzy.ue.poznan.pl\/info.seam?id=UEPc08ee4a8e92b400f8fa5c80261f0f29d&#038;affil=&#038;lang=pl\">Baza Wiedzy UEP<\/a><\/td>\n<\/tr>\n<\/table>\n<table class=\"rg1\" cellspacing=\"0\">\n<tr>\n<td class=\"rg2\">RG<\/td>\n<td class=\"rg3\"><a href=\"https:\/\/www.researchgate.net\/profile\/Agata_Filipowska\">ResearchGate<\/a><\/td>\n<\/tr>\n<\/table>\n<table class=\"gs1\" cellspacing=\"0\">\n<tr>\n<td class=\"gs2\">GS<\/td>\n<td class=\"gs3\"><a href=\"https:\/\/scholar.google.pl\/citations?user=8ZhzBDgAAAAJ\">Google Scholar<\/a><\/td>\n<\/tr>\n<\/table>\n<table class=\"ws1\" cellspacing=\"0\">\n<tr>\n<td class=\"ws2\">WS<\/td>\n<td class=\"ws3\"><a href=\"https:\/\/www.webofscience.com\/wos\/author\/record\/82217461\">Web of Science<\/a><\/td>\n<\/tr>\n<\/table>\n<\/td>\n<\/tr>\n<\/table>\n<p><strong>dr hab. Agata Filipowska, prof. UEP<\/strong><br \/>\n<em>Profesor UEP<\/em><\/p>\n<ul>\n<li>E-mail: <a href=\"mailto:agata.filipowska@ue.poznan.pl\">agata.filipowska@ue.poznan.pl<\/a><\/li>\n<li>Telefon: +48 (61) 854-36-32 | +48 (61) 639-28-06<\/li>\n<\/ul>\n<h2>Seminarium<\/h2>\n<p>Temat seminarium: Metody analizy danych w profilowaniu dla przedsi\u0119biorstw i administracji<\/p>\n<p>Szczeg\u00f3\u0142owa tematyka seminarium:<\/p>\n<ul>\n<li>metody analizy danych ustrukturyzowanych, nieustrukturyzowanych czy obraz\u00f3w,<\/li>\n<li>metody pozyskiwania danych z r\u00f3\u017cnych \u017ar\u00f3de\u0142, w tym kwestie etyczne i prawne,<\/li>\n<li>analiza i modelowanie potrzeb przedsi\u0119biorstwa w zakresie system\u00f3w informacyjnych (w tym analiza procesowa),<\/li>\n<li>projektowanie rozwi\u0105za\u0144 informatycznych dla przedsi\u0119biorstw (lub jednostek administracji),<\/li>\n<li>projektowanie metod analizy danych dla rozwi\u0105zywania problem\u00f3w przedsi\u0119biorstw,<\/li>\n<li>profilowanie u\u017cytkownik\u00f3w, proces\u00f3w i rzeczy,<\/li>\n<li>\u017ar\u00f3d\u0142a i technologie pozyskiwania danych i informacji dla przedsi\u0119biorstw.<\/li>\n<\/ul>\n<p>Powy\u017csze technologie mog\u0105 by\u0107 zastosowane w wielu rozmaitych bran\u017cach, w tym np. telekomunikacji, energetyce, budownictwie czy medycynie. Przyk\u0142adowe tematy prac licencjackich dotyczy\u0142y w ostatnich latach: profilowania preferencji muzycznych czy informacyjnych, zastosowa\u0144 technologii Big Data w rozmaitych bran\u017cach, wizualizacji danych dla potrzeb przedsi\u0119biorstw, wykorzystania danych z sieci spo\u0142eczno\u015bciowych w rozmaitych scenariuszach biznesowych, technologii dla Smart City i wielu innych.<\/p>\n","protected":false},"excerpt":{"rendered":"<p>ID ORCID SC Scopus BW Baza Wiedzy UEP RG ResearchGate GS Google Scholar WS Web of Science dr hab. Agata Filipowska, prof. UEP Profesor UEP E-mail: agata.filipowska@ue.poznan.pl Telefon: +48 (61) 854-36-32 | +48 (61) 639-28-06 Seminarium Temat seminarium: Metody analizy danych w profilowaniu dla przedsi\u0119biorstw i administracji Szczeg\u00f3\u0142owa tematyka seminarium: metody analizy danych ustrukturyzowanych, nieustrukturyzowanych czy obraz\u00f3w, metody pozyskiwania danych z r\u00f3\u017cnych \u017ar\u00f3de\u0142, w tym kwestie etyczne i prawne, analiza <a href=\"https:\/\/kie.ue.poznan.pl\/pl\/agata-filipowska\/\" class=\"read-more\">&#8230; Wi\u0119cej informacji<\/a><\/p>\n","protected":false},"author":1,"featured_media":0,"parent":0,"menu_order":0,"comment_status":"closed","ping_status":"closed","template":"","meta":{"footnotes":""},"class_list":["post-83","page","type-page","status-publish","hentry"],"_links":{"self":[{"href":"https:\/\/kie.ue.poznan.pl\/pl\/wp-json\/wp\/v2\/pages\/83","targetHints":{"allow":["GET"]}}],"collection":[{"href":"https:\/\/kie.ue.poznan.pl\/pl\/wp-json\/wp\/v2\/pages"}],"about":[{"href":"https:\/\/kie.ue.poznan.pl\/pl\/wp-json\/wp\/v2\/types\/page"}],"author":[{"embeddable":true,"href":"https:\/\/kie.ue.poznan.pl\/pl\/wp-json\/wp\/v2\/users\/1"}],"replies":[{"embeddable":true,"href":"https:\/\/kie.ue.poznan.pl\/pl\/wp-json\/wp\/v2\/comments?post=83"}],"version-history":[{"count":0,"href":"https:\/\/kie.ue.poznan.pl\/pl\/wp-json\/wp\/v2\/pages\/83\/revisions"}],"wp:attachment":[{"href":"https:\/\/kie.ue.poznan.pl\/pl\/wp-json\/wp\/v2\/media?parent=83"}],"curies":[{"name":"wp","href":"https:\/\/api.w.org\/{rel}","templated":true}]}}