{"id":88,"date":"2020-05-21T14:09:07","date_gmt":"2020-05-21T12:09:07","guid":{"rendered":"http:\/\/kie.ue.poznan.pl\/pl\/?page_id=88"},"modified":"2025-11-14T14:54:11","modified_gmt":"2025-11-14T13:54:11","slug":"elzbieta-lewanska","status":"publish","type":"page","link":"https:\/\/kie.ue.poznan.pl\/pl\/elzbieta-lewanska\/","title":{"rendered":"dr El\u017cbieta Lewa\u0144ska"},"content":{"rendered":"<table class=\"bazy\">\n<tr>\n<td><a href=\"https:\/\/kie.ue.poznan.pl\/pl\/wp-content\/uploads\/2024\/07\/lewanska2024.jpg\" target=\"_blank\" rel=\"noopener noreferrer\"><img decoding=\"async\" src=\"https:\/\/kie.ue.poznan.pl\/pl\/wp-content\/uploads\/2024\/07\/lewanska2024.jpg\" style=\"width: 135px;\" \/><\/a><\/td>\n<\/tr>\n<tr>\n<td>\n<table class=\"orcid1\" cellspacing=\"0\">\n<tr>\n<td class=\"orcid2\">ID<\/td>\n<td class=\"orcid3\"><a href=\"https:\/\/orcid.org\/0000-0002-0865-803X\">ORCID<\/a><\/td>\n<\/tr>\n<\/table>\n<table class=\"scopus1\" cellspacing=\"0\">\n<tr>\n<td class=\"scopus2\">SC<\/td>\n<td class=\"scopus3\"><a href=\"https:\/\/www.scopus.com\/authid\/detail.uri?authorId=56946918200\">Scopus<\/a><\/td>\n<\/tr>\n<\/table>\n<table class=\"bw1\" cellspacing=\"0\">\n<tr>\n<td class=\"bw2\">BW<\/td>\n<td class=\"bw3\"><a href=\"https:\/\/bazawiedzy.ue.poznan.pl\/info.seam?id=UEP2ec54123f4484ebf96ace2e3147aeceb&#038;affil=&#038;lang=pl\">Baza Wiedzy UEP<\/a><\/td>\n<\/tr>\n<\/table>\n<table class=\"rg1\" cellspacing=\"0\">\n<tr>\n<td class=\"rg2\">RG<\/td>\n<td class=\"rg3\"><a href=\"https:\/\/www.researchgate.net\/profile\/Elzbieta_Lewanska\">ResearchGate<\/a><\/td>\n<\/tr>\n<\/table>\n<table class=\"gs1\" cellspacing=\"0\">\n<tr>\n<td class=\"gs2\">GS<\/td>\n<td class=\"gs3\"><a href=\"https:\/\/scholar.google.pl\/citations?user=meCFUacAAAAJ\">Google Scholar<\/a><\/td>\n<\/tr>\n<\/table>\n<table class=\"ws1\" cellspacing=\"0\">\n<tr>\n<td class=\"ws2\">WS<\/td>\n<td class=\"ws3\"><a href=\"https:\/\/www.webofscience.com\/wos\/author\/record\/1978019\">Web of Science<\/a><\/td>\n<\/tr>\n<\/table>\n<\/td>\n<\/tr>\n<\/table>\n<p><strong>dr El\u017cbieta Lewa\u0144ska<\/strong><br \/>\n<em>Adiunkt<\/em><\/p>\n<ul>\n<li>E-mail: <a href=\"mailto:elzbieta.lewanska@ue.poznan.pl\">elzbieta.lewanska@ue.poznan.pl<\/a><\/li>\n<li>Telefon: +48 (61) 639-28-02<\/li>\n<\/ul>\n<h2>Seminarium<\/h2>\n<p>Seminarium dyplomowe: \u201eSystemy IT w gospodarce cyfrowej\u201d<\/p>\n<p>Tematem seminarium jest rola system\u00f3w IT r\u00f3\u017cnych klas w budowaniu gospodarki opartej na wiedzy. Szczeg\u00f3\u0142owa tematyka obejmuje m.in.:<\/p>\n<ul>\n<li>zarz\u0105dzanie informacj\u0105: modele, metody i narz\u0119dzia,<\/li>\n<li>klasy system\u00f3w IT i ich zastosowanie w organizacjach,<\/li>\n<li>potrzeby informacyjne w organizacjach,<\/li>\n<li>budowanie wiedzy, metody i narz\u0119dzia zarz\u0105dzania wiedz\u0105,<\/li>\n<li>modele biznesowe w gospodarce opartej na wiedzy.<\/li>\n<\/ul>\n<p>Kryteria przyj\u0119\u0107:<\/p>\n<ul>\n<li>zainteresowanie tematyk\u0105 seminarium,<\/li>\n<li>kolejno\u015b\u0107 zg\u0142osze\u0144,<\/li>\n<li>rozmowa kwalifikacyjna,<\/li>\n<li>dobra znajomo\u015b\u0107 j\u0119zyka angielskiego.<\/li>\n<\/ul>\n<p>&nbsp;<\/p>\n","protected":false},"excerpt":{"rendered":"<p>ID ORCID SC Scopus BW Baza Wiedzy UEP RG ResearchGate GS Google Scholar WS Web of Science dr El\u017cbieta Lewa\u0144ska Adiunkt E-mail: elzbieta.lewanska@ue.poznan.pl Telefon: +48 (61) 639-28-02 Seminarium Seminarium dyplomowe: \u201eSystemy IT w gospodarce cyfrowej\u201d Tematem seminarium jest rola system\u00f3w IT r\u00f3\u017cnych klas w budowaniu gospodarki opartej na wiedzy. Szczeg\u00f3\u0142owa tematyka obejmuje m.in.: zarz\u0105dzanie informacj\u0105: modele, metody i narz\u0119dzia, klasy system\u00f3w IT i ich zastosowanie w organizacjach, potrzeby informacyjne w <a href=\"https:\/\/kie.ue.poznan.pl\/pl\/elzbieta-lewanska\/\" class=\"read-more\">&#8230; Wi\u0119cej informacji<\/a><\/p>\n","protected":false},"author":1,"featured_media":0,"parent":0,"menu_order":0,"comment_status":"closed","ping_status":"closed","template":"","meta":{"footnotes":""},"class_list":["post-88","page","type-page","status-publish","hentry"],"_links":{"self":[{"href":"https:\/\/kie.ue.poznan.pl\/pl\/wp-json\/wp\/v2\/pages\/88","targetHints":{"allow":["GET"]}}],"collection":[{"href":"https:\/\/kie.ue.poznan.pl\/pl\/wp-json\/wp\/v2\/pages"}],"about":[{"href":"https:\/\/kie.ue.poznan.pl\/pl\/wp-json\/wp\/v2\/types\/page"}],"author":[{"embeddable":true,"href":"https:\/\/kie.ue.poznan.pl\/pl\/wp-json\/wp\/v2\/users\/1"}],"replies":[{"embeddable":true,"href":"https:\/\/kie.ue.poznan.pl\/pl\/wp-json\/wp\/v2\/comments?post=88"}],"version-history":[{"count":0,"href":"https:\/\/kie.ue.poznan.pl\/pl\/wp-json\/wp\/v2\/pages\/88\/revisions"}],"wp:attachment":[{"href":"https:\/\/kie.ue.poznan.pl\/pl\/wp-json\/wp\/v2\/media?parent=88"}],"curies":[{"name":"wp","href":"https:\/\/api.w.org\/{rel}","templated":true}]}}