{"id":89,"date":"2020-05-21T14:10:40","date_gmt":"2020-05-21T12:10:40","guid":{"rendered":"http:\/\/kie.ue.poznan.pl\/pl\/?page_id=89"},"modified":"2025-11-14T14:36:47","modified_gmt":"2025-11-14T13:36:47","slug":"wlodzimierz-lewoniewski","status":"publish","type":"page","link":"https:\/\/kie.ue.poznan.pl\/pl\/wlodzimierz-lewoniewski\/","title":{"rendered":"dr W\u0142odzimierz Lewoniewski"},"content":{"rendered":"<table class=\"bazy\">\n<tr>\n<td><a href=\"https:\/\/kie.ue.poznan.pl\/pl\/wp-content\/uploads\/2024\/04\/lewoniewski2024.jpg\" target=\"_blank\" rel=\"noopener noreferrer\"><img decoding=\"async\" src=\"https:\/\/kie.ue.poznan.pl\/pl\/wp-content\/uploads\/2024\/04\/lewoniewski2024.jpg\" style=\"width: 135px;\" \/><\/a><\/td>\n<\/tr>\n<tr>\n<td>\n<table class=\"orcid1\" cellspacing=\"0\">\n<tr>\n<td class=\"orcid2\">ID<\/td>\n<td class=\"orcid3\"><a href=\"https:\/\/orcid.org\/0000-0002-0163-5492\">ORCID<\/a><\/td>\n<\/tr>\n<\/table>\n<table class=\"ma1\" cellspacing=\"0\">\n<tr>\n<td class=\"ma2\">CV<\/td>\n<td class=\"ma3\"><a href=\"https:\/\/kie.ue.poznan.pl\/pl\/wp-content\/uploads\/2024\/05\/lewoniewski.pdf\">Curriculum vitae<\/a><\/td>\n<\/tr>\n<\/table>\n<table class=\"scopus1\" cellspacing=\"0\">\n<tr>\n<td class=\"scopus2\">SC<\/td>\n<td class=\"scopus3\"><a href=\"https:\/\/www.scopus.com\/authid\/detail.uri?authorId=57031963300\">Scopus<\/a><\/td>\n<\/tr>\n<\/table>\n<table class=\"bw1\" cellspacing=\"0\">\n<tr>\n<td class=\"bw2\">BW<\/td>\n<td class=\"bw3\"><a href=\"https:\/\/bazawiedzy.ue.poznan.pl\/info.seam?id=UEP0ba1233ecf864f4997e43c08a3ed9c87&#038;affil=&#038;lang=pl\">Baza Wiedzy UEP<\/a><\/td>\n<\/tr>\n<\/table>\n<table class=\"rg1\" cellspacing=\"0\">\n<tr>\n<td class=\"rg2\">RG<\/td>\n<td class=\"rg3\"><a href=\"https:\/\/www.researchgate.net\/profile\/Wlodzimierz_Lewoniewski\">ResearchGate<\/a><\/td>\n<\/tr>\n<\/table>\n<table class=\"gs1\" cellspacing=\"0\">\n<tr>\n<td class=\"gs2\">GS<\/td>\n<td class=\"gs3\"><a href=\"https:\/\/scholar.google.pl\/citations?user=rvOakL8AAAAJ\">Google Scholar<\/a><\/td>\n<\/tr>\n<\/table>\n<table class=\"ws1\" cellspacing=\"0\">\n<tr>\n<td class=\"ws2\">WS<\/td>\n<td class=\"ws3\"><a href=\"https:\/\/www.webofscience.com\/wos\/author\/record\/78059379\">Web of Science<\/a><\/td>\n<\/tr>\n<\/table>\n<\/td>\n<\/tr>\n<\/table>\n<p><strong>dr W\u0142odzimierz Lewoniewski<\/strong><br \/>\n<em>Adiunkt<\/em><\/p>\n<ul>\n<li>E-mail: <a href=\"mailto:wlodzimierz.lewoniewski@ue.poznan.pl\">wlodzimierz.lewoniewski@ue.poznan.pl<\/a><\/li>\n<li>Telefon: +48 (61) 639-27-93<\/li>\n<li>Strona WWW: <a href=\"https:\/\/lewoniewski.info\">lewoniewski.info<\/a><\/li>\n<\/ul>\n<h2>Seminarium<\/h2>\n<p>Seminarium dyplomowe: \u201eEksploracja Wikipedii oraz innych otwartych \u017ar\u00f3de\u0142 informacji\u201d<\/p>\n<p>Temat seminarium jest zwi\u0105zany z analiz\u0105 wieloj\u0119zycznych informacji w popularnych otwartych serwisach internetowych, takich jak Wikipedia, DBpedia, Wikidane, OpenAlex, Common Crawl, Trendy Google oraz innych. Dotyczy to przede wszystkim r\u00f3\u017cnych sposob\u00f3w okre\u015blania i pozyskania miar <a href=\"https:\/\/pl.wikiq.net\">jako\u015bci informacji w Wikipedii<\/a> oraz takich zagadnie\u0144 jak:<\/p>\n<ul>\n<li>Analiza \u017ar\u00f3de\u0142 informacji Wikipedii<\/li>\n<li>Budowanie modeli automatycznej oceny jako\u015bci informacji<\/li>\n<li>Semantyczne przetwarzanie informacji<\/li>\n<li>Wizualizacja otwartych danych<\/li>\n<li>Przetwarzanie j\u0119zyka naturalnego<\/li>\n<li>Por\u00f3wnanie wieloj\u0119zycznych informacji<\/li>\n<li>Badanie reputacji u\u017cytkownik\u00f3w w serwisach internetowych<\/li>\n<li>Bibliometria, analiza danych bibliograficznych<\/li>\n<li>Inne zagadnienia wynikaj\u0105ce z relewantnych <a href=\"https:\/\/lewoniewski.github.io\" rel=\"noopener noreferrer\" target=\"_blank\">publikacji naukowych<\/a><\/li>\n<\/ul>\n<p>Kryteria przyj\u0119\u0107:<\/p>\n<ol>\n<li>zainteresowania studenta,<\/li>\n<li>kolejno\u015b\u0107 zg\u0142osze\u0144,<\/li>\n<li>rozmowa kwalifikacyjna,<\/li>\n<li>znajomo\u015b\u0107 j\u0119zyk\u00f3w obcych.<\/li>\n<\/ol>\n","protected":false},"excerpt":{"rendered":"<p>ID ORCID CV Curriculum vitae SC Scopus BW Baza Wiedzy UEP RG ResearchGate GS Google Scholar WS Web of Science dr W\u0142odzimierz Lewoniewski Adiunkt E-mail: wlodzimierz.lewoniewski@ue.poznan.pl Telefon: +48 (61) 639-27-93 Strona WWW: lewoniewski.info Seminarium Seminarium dyplomowe: \u201eEksploracja Wikipedii oraz innych otwartych \u017ar\u00f3de\u0142 informacji\u201d Temat seminarium jest zwi\u0105zany z analiz\u0105 wieloj\u0119zycznych informacji w popularnych otwartych serwisach internetowych, takich jak Wikipedia, DBpedia, Wikidane, OpenAlex, Common Crawl, Trendy Google oraz innych. Dotyczy to <a href=\"https:\/\/kie.ue.poznan.pl\/pl\/wlodzimierz-lewoniewski\/\" class=\"read-more\">&#8230; Wi\u0119cej informacji<\/a><\/p>\n","protected":false},"author":1,"featured_media":0,"parent":0,"menu_order":0,"comment_status":"closed","ping_status":"closed","template":"","meta":{"footnotes":""},"class_list":["post-89","page","type-page","status-publish","hentry"],"_links":{"self":[{"href":"https:\/\/kie.ue.poznan.pl\/pl\/wp-json\/wp\/v2\/pages\/89","targetHints":{"allow":["GET"]}}],"collection":[{"href":"https:\/\/kie.ue.poznan.pl\/pl\/wp-json\/wp\/v2\/pages"}],"about":[{"href":"https:\/\/kie.ue.poznan.pl\/pl\/wp-json\/wp\/v2\/types\/page"}],"author":[{"embeddable":true,"href":"https:\/\/kie.ue.poznan.pl\/pl\/wp-json\/wp\/v2\/users\/1"}],"replies":[{"embeddable":true,"href":"https:\/\/kie.ue.poznan.pl\/pl\/wp-json\/wp\/v2\/comments?post=89"}],"version-history":[{"count":0,"href":"https:\/\/kie.ue.poznan.pl\/pl\/wp-json\/wp\/v2\/pages\/89\/revisions"}],"wp:attachment":[{"href":"https:\/\/kie.ue.poznan.pl\/pl\/wp-json\/wp\/v2\/media?parent=89"}],"curies":[{"name":"wp","href":"https:\/\/api.w.org\/{rel}","templated":true}]}}