{"id":90,"date":"2020-05-21T14:11:16","date_gmt":"2020-05-21T12:11:16","guid":{"rendered":"http:\/\/kie.ue.poznan.pl\/pl\/?page_id=90"},"modified":"2025-11-14T14:49:47","modified_gmt":"2025-11-14T13:49:47","slug":"piotr-stolarski","status":"publish","type":"page","link":"https:\/\/kie.ue.poznan.pl\/pl\/piotr-stolarski\/","title":{"rendered":"dr Piotr Stolarski"},"content":{"rendered":"<table class=\"bazy\">\n<tr>\n<td><img decoding=\"async\" src=\"\/img\/members\/PS.png\" \/><\/td>\n<\/tr>\n<tr>\n<td>\n<table class=\"orcid1\" cellspacing=\"0\">\n<tr>\n<td class=\"orcid2\">ID<\/td>\n<td class=\"orcid3\"><a href=\"https:\/\/orcid.org\/0000-0001-7076-2316\">ORCID<\/a><\/td>\n<\/tr>\n<\/table>\n<table class=\"scopus1\" cellspacing=\"0\">\n<tr>\n<td class=\"scopus2\">SC<\/td>\n<td class=\"scopus3\"><a href=\"https:\/\/www.scopus.com\/authid\/detail.uri?authorId=24768263200\">Scopus<\/a><\/td>\n<\/tr>\n<\/table>\n<table class=\"bw1\" cellspacing=\"0\">\n<tr>\n<td class=\"bw2\">BW<\/td>\n<td class=\"bw3\"><a href=\"https:\/\/bazawiedzy.ue.poznan.pl\/info.seam?id=UEP4e0a972875b74cd4a619720e4c37d08c&#038;affil=&#038;lang=pl\">Baza Wiedzy UEP<\/a><\/td>\n<\/tr>\n<\/table>\n<table class=\"rg1\" cellspacing=\"0\">\n<tr>\n<td class=\"rg2\">RG<\/td>\n<td class=\"rg3\"><a href=\"https:\/\/www.researchgate.net\/profile\/Piotr_Stolarski\">ResearchGate<\/a><\/td>\n<\/tr>\n<\/table>\n<table class=\"gs1\" cellspacing=\"0\">\n<tr>\n<td class=\"gs2\">GS<\/td>\n<td class=\"gs3\"><a href=\"https:\/\/scholar.google.pl\/citations?user=w3hFjyMAAAAJ\">Google Scholar<\/a><\/td>\n<\/tr>\n<\/table>\n<table class=\"ws1\" cellspacing=\"0\">\n<tr>\n<td class=\"ws2\">WS<\/td>\n<td class=\"ws3\"><a href=\"https:\/\/www.webofscience.com\/wos\/author\/record\/78494208\">Web of Science<\/a><\/td>\n<\/tr>\n<\/table>\n<\/td>\n<\/tr>\n<\/table>\n<p><strong>dr Piotr Stolarski<\/strong><br \/>\n<em>Adiunkt<\/em><\/p>\n<ul>\n<li>E-mail: <a href=\"mailto:piotr.stolarski@ue.poznan.pl\">piotr.stolarski@ue.poznan.pl<\/a><\/li>\n<li>Telefon: +48 (61) 639-27-95<\/li>\n<\/ul>\n<h2>Seminarium<\/h2>\n<p>Seminarium dyplomowe \u201eInnowacyjne technologie w finansach\u201d<\/p>\n<p>Seminarium adresowane jest do student\u00f3w I stopnia studi\u00f3w stacjonarnych i niestacjonarnych, kt\u00f3rzy zainteresowani s\u0105 zastosowaniem nowoczesnych technologii oraz wdra\u017caniem innowacyjnych rozwi\u0105za\u0144 sprz\u0119towo-programowych w szeroko rozumianym sektorze finansowym. Seminarzysta powinien mie\u0107 \u015bwiadomo\u015b\u0107 wagi oraz potrzeb w zakresie wprowadzania racjonalizatorskich podej\u015b\u0107 na rynkach finansowych \u2013 zar\u00f3wno w sektorze bankowo\u015bci, ubezpiecze\u0144 jak i pokrewnych. Na podstawie przeprowadzonych bada\u0144 literaturowych oraz dyskusji na seminarium zostanie okre\u015blona szczeg\u00f3\u0142owa tematyka pracy oraz metody bada\u0144, kt\u00f3re pos\u0142u\u017c\u0105 do jej przygotowania.<\/p>\n<p>Problematyka seminarium obejmuje:<\/p>\n<ul>\n<li>Rejestry rozproszone i kryptowaluty<\/li>\n<li>Inteligentne kontrakty i aplikacje rozproszone<\/li>\n<li>Aspekty regulacyjne i prawne innowacyjnych technologii informatycznych<\/li>\n<li>Insurtech, Fintech<\/li>\n<li>Nowe modele biznesowe nap\u0119dzane danymi<\/li>\n<li>Zagadnienia bezpiecze\u0144stwa w systemach informacyjnych<\/li>\n<\/ul>\n<p>Kryterium przyj\u0119\u0107:<\/p>\n<ol>\n<li>Rozmowa na temat zainteresowa\u0144.<\/li>\n<li>\u015arednia z ocen (pomocniczo).<\/li>\n<\/ol>\n<p>Serdecznie zapraszam!<\/p>\n","protected":false},"excerpt":{"rendered":"<p>ID ORCID SC Scopus BW Baza Wiedzy UEP RG ResearchGate GS Google Scholar WS Web of Science dr Piotr Stolarski Adiunkt E-mail: piotr.stolarski@ue.poznan.pl Telefon: +48 (61) 639-27-95 Seminarium Seminarium dyplomowe \u201eInnowacyjne technologie w finansach\u201d Seminarium adresowane jest do student\u00f3w I stopnia studi\u00f3w stacjonarnych i niestacjonarnych, kt\u00f3rzy zainteresowani s\u0105 zastosowaniem nowoczesnych technologii oraz wdra\u017caniem innowacyjnych rozwi\u0105za\u0144 sprz\u0119towo-programowych w szeroko rozumianym sektorze finansowym. Seminarzysta powinien mie\u0107 \u015bwiadomo\u015b\u0107 wagi oraz potrzeb w zakresie <a href=\"https:\/\/kie.ue.poznan.pl\/pl\/piotr-stolarski\/\" class=\"read-more\">&#8230; Wi\u0119cej informacji<\/a><\/p>\n","protected":false},"author":1,"featured_media":0,"parent":0,"menu_order":0,"comment_status":"closed","ping_status":"closed","template":"","meta":{"footnotes":""},"class_list":["post-90","page","type-page","status-publish","hentry"],"_links":{"self":[{"href":"https:\/\/kie.ue.poznan.pl\/pl\/wp-json\/wp\/v2\/pages\/90","targetHints":{"allow":["GET"]}}],"collection":[{"href":"https:\/\/kie.ue.poznan.pl\/pl\/wp-json\/wp\/v2\/pages"}],"about":[{"href":"https:\/\/kie.ue.poznan.pl\/pl\/wp-json\/wp\/v2\/types\/page"}],"author":[{"embeddable":true,"href":"https:\/\/kie.ue.poznan.pl\/pl\/wp-json\/wp\/v2\/users\/1"}],"replies":[{"embeddable":true,"href":"https:\/\/kie.ue.poznan.pl\/pl\/wp-json\/wp\/v2\/comments?post=90"}],"version-history":[{"count":0,"href":"https:\/\/kie.ue.poznan.pl\/pl\/wp-json\/wp\/v2\/pages\/90\/revisions"}],"wp:attachment":[{"href":"https:\/\/kie.ue.poznan.pl\/pl\/wp-json\/wp\/v2\/media?parent=90"}],"curies":[{"name":"wp","href":"https:\/\/api.w.org\/{rel}","templated":true}]}}