{"id":91,"date":"2020-05-21T14:11:48","date_gmt":"2020-05-21T12:11:48","guid":{"rendered":"http:\/\/kie.ue.poznan.pl\/pl\/?page_id=91"},"modified":"2025-11-14T14:48:42","modified_gmt":"2025-11-14T13:48:42","slug":"milena-strozyna","status":"publish","type":"page","link":"https:\/\/kie.ue.poznan.pl\/pl\/milena-strozyna\/","title":{"rendered":"dr Milena Str\u00f3\u017cyna"},"content":{"rendered":"<table class=\"bazy\">\n<tr>\n<td><a href=\"https:\/\/kie.ue.poznan.pl\/pl\/wp-content\/uploads\/2024\/04\/strozyna2024.jpg\" target=\"_blank\" rel=\"noopener noreferrer\"><img decoding=\"async\" src=\"https:\/\/kie.ue.poznan.pl\/pl\/wp-content\/uploads\/2024\/04\/strozyna2024.jpg\" style=\"width: 135px;\" \/><\/a><\/td>\n<\/tr>\n<tr>\n<td>\n<table class=\"orcid1\" cellspacing=\"0\">\n<tr>\n<td class=\"orcid2\">ID<\/td>\n<td class=\"orcid3\"><a href=\"https:\/\/orcid.org\/0000-0001-7603-7369\">ORCID<\/a><\/td>\n<\/tr>\n<\/table>\n<table class=\"scopus1\" cellspacing=\"0\">\n<tr>\n<td class=\"scopus2\">SC<\/td>\n<td class=\"scopus3\"><a href=\"https:\/\/www.scopus.com\/authid\/detail.uri?authorId=57190188208\">Scopus<\/a><\/td>\n<\/tr>\n<\/table>\n<table class=\"bw1\" cellspacing=\"0\">\n<tr>\n<td class=\"bw2\">BW<\/td>\n<td class=\"bw3\"><a href=\"https:\/\/bazawiedzy.ue.poznan.pl\/info.seam?id=UEP561f0ec4bf814f54b7b33d5d4d868eeb&#038;affil=&#038;lang=pl\">Baza Wiedzy UEP<\/a><\/td>\n<\/tr>\n<\/table>\n<table class=\"rg1\" cellspacing=\"0\">\n<tr>\n<td class=\"rg2\">RG<\/td>\n<td class=\"rg3\"><a href=\"https:\/\/www.researchgate.net\/profile\/Milena_Strozyna\">ResearchGate<\/a><\/td>\n<\/tr>\n<\/table>\n<table class=\"gs1\" cellspacing=\"0\">\n<tr>\n<td class=\"gs2\">GS<\/td>\n<td class=\"gs3\"><a href=\"https:\/\/scholar.google.pl\/citations?user=j2Q8kgsAAAAJ\">Google Scholar<\/a><\/td>\n<\/tr>\n<\/table>\n<table class=\"ws1\" cellspacing=\"0\">\n<tr>\n<td class=\"ws2\">WS<\/td>\n<td class=\"ws3\"><a href=\"https:\/\/www.webofscience.com\/wos\/author\/record\/2359925\">Web of Science<\/a><\/td>\n<\/tr>\n<\/table>\n<\/td>\n<\/tr>\n<\/table>\n<p><strong>dr Milena Str\u00f3\u017cyna<\/strong><br \/>\n<em>Adiunkt<\/em><\/p>\n<ul>\n<li>E-mail: <a href=\"mailto:milena.strozyna@ue.poznan.pl\">milena.strozyna@ue.poznan.pl<\/a><\/li>\n<li>Telefon: +48 (61) 639-28-02<\/li>\n<\/ul>\n<h2>Seminarium dyplomowe \u201eModelowanie i analiza danych\u201d<\/h2>\n<p>Tematem seminarium jest modelowanie i analiza danych i ich zastosowanie w dzia\u0142alno\u015bci przedsi\u0119biorstw. Szczeg\u00f3\u0142owa tematyka obejmuje m.in.:<\/p>\n<ul>\n<li>Metody i narz\u0119dzia analizy danych<\/li>\n<li>Modelowanie, pozyskiwanie i integracja danych pochodz\u0105cych z r\u00f3\u017cnych \u017ar\u00f3de\u0142<\/li>\n<li>Jako\u015b\u0107 danych<\/li>\n<li>Modelowanie proces\u00f3w biznesowych<\/li>\n<li>Realizacja proces\u00f3w biznesowych w systemach ERP<\/li>\n<li>Innowacyjne modele biznesowe nap\u0119dzane danymi<\/li>\n<\/ul>\n<p>Kryteria przyj\u0119\u0107: <\/p>\n<ul>\n<li>Przes\u0142anie zg\u0142oszenia w formie elektronicznej na adres <a href=\"mailto:milena.strozyna@ue.poznan.pl\"><span class=\"spamspan\"><span class=\"u\">milena.strozyna<\/span>@<span class=\"d\">ue.poznan.pl<\/span><\/span><\/a>. Zg\u0142oszenie powinno przedstawia\u0107 profil Kandydata, w tym informacje o: studiach (kierunek, specjalno\u015b\u0107, \u015brednia ze studi\u00f3w), zainteresowaniach informatycznych, znajomo\u015bci narz\u0119dzi informatycznych, znajomo\u015bci j\u0119zyk\u00f3w obcych, ewentualnie uko\u0144czonych kursach, do\u015bwiadczeniu zawodowym, udziale w sta\u017cach\/praktykach.<\/li>\n<li>Dobra znajomo\u015b\u0107 j\u0119zyka angielskiego.<\/li>\n<li>Rozmowa kwalifikacyjna<\/li>\n<\/ul>\n","protected":false},"excerpt":{"rendered":"<p>ID ORCID SC Scopus BW Baza Wiedzy UEP RG ResearchGate GS Google Scholar WS Web of Science dr Milena Str\u00f3\u017cyna Adiunkt E-mail: milena.strozyna@ue.poznan.pl Telefon: +48 (61) 639-28-02 Seminarium dyplomowe \u201eModelowanie i analiza danych\u201d Tematem seminarium jest modelowanie i analiza danych i ich zastosowanie w dzia\u0142alno\u015bci przedsi\u0119biorstw. Szczeg\u00f3\u0142owa tematyka obejmuje m.in.: Metody i narz\u0119dzia analizy danych Modelowanie, pozyskiwanie i integracja danych pochodz\u0105cych z r\u00f3\u017cnych \u017ar\u00f3de\u0142 Jako\u015b\u0107 danych Modelowanie proces\u00f3w biznesowych Realizacja <a href=\"https:\/\/kie.ue.poznan.pl\/pl\/milena-strozyna\/\" class=\"read-more\">&#8230; Wi\u0119cej informacji<\/a><\/p>\n","protected":false},"author":1,"featured_media":0,"parent":0,"menu_order":0,"comment_status":"closed","ping_status":"closed","template":"","meta":{"footnotes":""},"class_list":["post-91","page","type-page","status-publish","hentry"],"_links":{"self":[{"href":"https:\/\/kie.ue.poznan.pl\/pl\/wp-json\/wp\/v2\/pages\/91","targetHints":{"allow":["GET"]}}],"collection":[{"href":"https:\/\/kie.ue.poznan.pl\/pl\/wp-json\/wp\/v2\/pages"}],"about":[{"href":"https:\/\/kie.ue.poznan.pl\/pl\/wp-json\/wp\/v2\/types\/page"}],"author":[{"embeddable":true,"href":"https:\/\/kie.ue.poznan.pl\/pl\/wp-json\/wp\/v2\/users\/1"}],"replies":[{"embeddable":true,"href":"https:\/\/kie.ue.poznan.pl\/pl\/wp-json\/wp\/v2\/comments?post=91"}],"version-history":[{"count":0,"href":"https:\/\/kie.ue.poznan.pl\/pl\/wp-json\/wp\/v2\/pages\/91\/revisions"}],"wp:attachment":[{"href":"https:\/\/kie.ue.poznan.pl\/pl\/wp-json\/wp\/v2\/media?parent=91"}],"curies":[{"name":"wp","href":"https:\/\/api.w.org\/{rel}","templated":true}]}}