{"id":92,"date":"2020-05-21T14:12:37","date_gmt":"2020-05-21T12:12:37","guid":{"rendered":"http:\/\/kie.ue.poznan.pl\/pl\/?page_id=92"},"modified":"2025-11-14T14:33:13","modified_gmt":"2025-11-14T13:33:13","slug":"krzysztof-wecel","status":"publish","type":"page","link":"https:\/\/kie.ue.poznan.pl\/pl\/krzysztof-wecel\/","title":{"rendered":"dr hab. Krzysztof W\u0119cel, prof. UEP"},"content":{"rendered":"<table class=\"bazy\">\n<tr>\n<td><img decoding=\"async\" src=\"\/pl\/wp-content\/uploads\/2020\/10\/KAW.jpg\" \/><\/td>\n<\/tr>\n<tr>\n<td>\n<table class=\"orcid1\" cellspacing=\"0\">\n<tr>\n<td class=\"orcid2\">ID<\/td>\n<td class=\"orcid3\"><a href=\"https:\/\/orcid.org\/0000-0001-5641-3160\">ORCID<\/a><\/td>\n<\/tr>\n<\/table>\n<table class=\"scopus1\" cellspacing=\"0\">\n<tr>\n<td class=\"scopus2\">SC<\/td>\n<td class=\"scopus3\"><a href=\"https:\/\/www.scopus.com\/authid\/detail.uri?authorId=8857122100\">Scopus<\/a><\/td>\n<\/tr>\n<\/table>\n<table class=\"bw1\" cellspacing=\"0\">\n<tr>\n<td class=\"bw2\">BW<\/td>\n<td class=\"bw3\"><a href=\"https:\/\/bazawiedzy.ue.poznan.pl\/info.seam?id=UEPb3f5a297b175481ab680a3b652ba0081&#038;affil=&#038;lang=pl\">Baza Wiedzy UEP<\/a><\/td>\n<\/tr>\n<\/table>\n<table class=\"rg1\" cellspacing=\"0\">\n<tr>\n<td class=\"rg2\">RG<\/td>\n<td class=\"rg3\"><a href=\"https:\/\/www.researchgate.net\/profile\/Krzysztof_Wecel\">ResearchGate<\/a><\/td>\n<\/tr>\n<\/table>\n<table class=\"gs1\" cellspacing=\"0\">\n<tr>\n<td class=\"gs2\">GS<\/td>\n<td class=\"gs3\"><a href=\"https:\/\/scholar.google.pl\/citations?user=5r4RoLwAAAAJ\">Google Scholar<\/a><\/td>\n<\/tr>\n<\/table>\n<table class=\"ws1\" cellspacing=\"0\">\n<tr>\n<td class=\"ws2\">WS<\/td>\n<td class=\"ws3\"><a href=\"https:\/\/www.webofscience.com\/wos\/author\/record\/1968116\">Web of Science<\/a><\/td>\n<\/tr>\n<\/table>\n<\/td>\n<\/tr>\n<\/table>\n<p><strong>dr hab. Krzysztof W\u0119cel, prof. UEP<\/strong><br \/>\n<em>Kierownik Katedry<\/em><\/p>\n<ul>\n<li>E-mail: <a href=\"mailto:krzysztof.wecel@ue.poznan.pl\">krzysztof.wecel@ue.poznan.pl<\/a><\/li>\n<li>Telefon: +48 (61) 639-28-09<\/li>\n<\/ul>\n<h2>Seminarium<\/h2>\n<p>Seminarium dyplomowe: &#8222;Technologie semantyczne&#8221; (<a href=\"http:\/\/kie.ue.poznan.pl\/pl\/wp-content\/uploads\/2020\/11\/Seminarium_KW.pdf\">wersja PDF<\/a>)<br \/>\n<img decoding=\"async\" class=\"alignnone size-full wp-image-35\" src=\"\/pl\/wp-content\/uploads\/2020\/11\/seminariakw2.png\" alt=\"\" width=\"65%\" \/><br \/>\nPrzyk\u0142adowe tematy prac z poprzednich edycji:<\/p>\n<ul>\n<li>Ujednoznacznianie informacji o firmach na przyk\u0142adzie danych z zam\u00f3wie\u0144 publicznych<\/li>\n<li>Weryfikacja jako\u015bci danych Wikipedii na podstawie analizy cytowa\u0144<\/li>\n<li>\u015aledzenie ruch\u00f3w ga\u0142ki ocznej do okre\u015blania jako\u015bci informacji<\/li>\n<li>Linked Open Data w analizie zam\u00f3wie\u0144 publicznych<\/li>\n<li>Wykorzystanie Gry Miejskiej w celu uzupe\u0142nianie informacji w projekcie Open Street Map<\/li>\n<li>Ocena zastosowania atrybut\u00f3w audio w predykcji nacechowania emocjonalnego tekstu utwor\u00f3w na przyk\u0142adzie Spotify<\/li>\n<\/ul>\n<p>Warunki zg\u0142oszenia na seminarium dyplomowe (studia stacjonarne)<br \/>\nZg\u0142oszenie powinno zawiera\u0107 nast\u0119puj\u0105ce informacje:<\/p>\n<ul>\n<li>Imi\u0119 i nazwisko, Numer indeksu, E-mail<\/li>\n<li>Kierunek studi\u00f3w, specjalizacja<\/li>\n<li>\u015arednia ze studi\u00f3w (liczona zgodnie z metodyk\u0105 dziekanatu)<\/li>\n<li>Ewentualny udzia\u0142 w: praktykach, pracach k\u00f3\u0142 naukowych, publikacjach, projektach, inne<\/li>\n<\/ul>\n<p>Prosz\u0119 o opatrzenie informacji zgod\u0105 na przetwarzanie danych osobowych w procesie rekrutacji na seminarium.<\/p>\n<p>Tematy na spotkanie w sprawie kwalifikacji na seminarium<\/p>\n<ul>\n<li>Zrealizowane projekty<\/li>\n<li>Tematyka pracy w kontek\u015bcie tematyki seminarium<\/li>\n<li>Umiej\u0119tno\u015bci informatyczne, znajomo\u015b\u0107 narz\u0119dzi<\/li>\n<li>Znajomo\u015b\u0107 j\u0119zyk\u00f3w obcych<\/li>\n<li>Zainteresowania pozainformatyczne, plany zawodowe<\/li>\n<\/ul>\n<p>Kryteria przyj\u0119\u0107 na seminarium<\/p>\n<ol start=\"0\">\n<li>CC \u2013 creative and curious.<\/li>\n<li>Zainteresowania studenta (zgodno\u015b\u0107 z tematyk\u0105 seminarium)<\/li>\n<li>Ch\u0119\u0107 i zdolno\u015b\u0107 do samodzielnych docieka\u0144<\/li>\n<li>Praktyczna znajomo\u015b\u0107 zagadnie\u0144 IT lub biznesowych<\/li>\n<li>\u015arednia ze studi\u00f3w<\/li>\n<li>Wynik rozmowy kwalifikacyjnej<\/li>\n<\/ol>\n","protected":false},"excerpt":{"rendered":"<p>ID ORCID SC Scopus BW Baza Wiedzy UEP RG ResearchGate GS Google Scholar WS Web of Science dr hab. Krzysztof W\u0119cel, prof. UEP Kierownik Katedry E-mail: krzysztof.wecel@ue.poznan.pl Telefon: +48 (61) 639-28-09 Seminarium Seminarium dyplomowe: &#8222;Technologie semantyczne&#8221; (wersja PDF) Przyk\u0142adowe tematy prac z poprzednich edycji: Ujednoznacznianie informacji o firmach na przyk\u0142adzie danych z zam\u00f3wie\u0144 publicznych Weryfikacja jako\u015bci danych Wikipedii na podstawie analizy cytowa\u0144 \u015aledzenie ruch\u00f3w ga\u0142ki ocznej do okre\u015blania jako\u015bci informacji <a href=\"https:\/\/kie.ue.poznan.pl\/pl\/krzysztof-wecel\/\" class=\"read-more\">&#8230; Wi\u0119cej informacji<\/a><\/p>\n","protected":false},"author":1,"featured_media":0,"parent":0,"menu_order":0,"comment_status":"closed","ping_status":"closed","template":"","meta":{"footnotes":""},"class_list":["post-92","page","type-page","status-publish","hentry"],"_links":{"self":[{"href":"https:\/\/kie.ue.poznan.pl\/pl\/wp-json\/wp\/v2\/pages\/92","targetHints":{"allow":["GET"]}}],"collection":[{"href":"https:\/\/kie.ue.poznan.pl\/pl\/wp-json\/wp\/v2\/pages"}],"about":[{"href":"https:\/\/kie.ue.poznan.pl\/pl\/wp-json\/wp\/v2\/types\/page"}],"author":[{"embeddable":true,"href":"https:\/\/kie.ue.poznan.pl\/pl\/wp-json\/wp\/v2\/users\/1"}],"replies":[{"embeddable":true,"href":"https:\/\/kie.ue.poznan.pl\/pl\/wp-json\/wp\/v2\/comments?post=92"}],"version-history":[{"count":0,"href":"https:\/\/kie.ue.poznan.pl\/pl\/wp-json\/wp\/v2\/pages\/92\/revisions"}],"wp:attachment":[{"href":"https:\/\/kie.ue.poznan.pl\/pl\/wp-json\/wp\/v2\/media?parent=92"}],"curies":[{"name":"wp","href":"https:\/\/api.w.org\/{rel}","templated":true}]}}