{"id":931,"date":"2023-12-18T06:57:08","date_gmt":"2023-12-18T05:57:08","guid":{"rendered":"https:\/\/kie.ue.poznan.pl\/pl\/?page_id=931"},"modified":"2024-04-18T18:29:32","modified_gmt":"2024-04-18T16:29:32","slug":"harmonogram-roku-akademickiego-2023-2024","status":"publish","type":"page","link":"https:\/\/kie.ue.poznan.pl\/pl\/harmonogram-roku-akademickiego-2023-2024\/","title":{"rendered":"Harmonogram Roku Akademickiego 2023\/2024"},"content":{"rendered":"<p>Harmonogram Roku Akademickiego 2023\/2024 na studiach stacjonarnych oraz niestacjonarnych pierwszego i drugiego stopnia na Uniwersytecie Ekonomicznym w Poznaniu.<\/p>\n<div style=\"width: 100%; background-color: rgba(128, 128, 128, 0.13); \"><a href=\"\/pl\/harmonogram-roku-akademickiego-2024-2025\" title=\"Harmonogram Roku Akademickiego 2024\/2025\" style=\"float:right; margin: 5px;\">Rok 2024\/2025 &rarr;<\/a><\/p>\n<div style=\"clear:both;\"><\/div>\n<\/div>\n<style type=\"text\/css\">\n.harmonogram  {border-collapse:collapse;border-spacing:0;}\n.harmonogram td{border-style:solid;border-width:1px;font-family:Arial, sans-serif;font-size:14px; overflow:hidden;padding:10px 5px;word-break:normal;}\n.harmonogram th{border-style:solid;border-width:1px;font-family:Arial, sans-serif;font-size:14px; font-weight:normal;overflow:hidden;padding:10px 5px;word-break:normal;}\n.harmonogram .styl1tg{font-weight:bold;text-align:center;vertical-align:middle}\n.harmonogram .styl2tg{text-align:left;vertical-align:bottom; width: 40%;}\n.harmonogram .styl3tg{font-weight:bold;text-align:left;vertical-align:middle}\n.harmonogram .styl4tg{text-align:center;vertical-align:middle}\n<\/style>\n<table class=\"harmonogram\">\n<thead>\n<tr>\n<th class=\"styl2tg\"><\/th>\n<th class=\"styl1tg\">Stacjonarne<\/th>\n<th class=\"styl1tg\">Niestacjonarne<\/th>\n<\/tr>\n<\/thead>\n<tbody>\n<tr>\n<td class=\"styl3tg\" style=\"border-top-width: 3px;\">SEMESTR ZIMOWY:<\/td>\n<td class=\"styl1tg\" style=\"border-top-width: 3px;\">01.10.2023 \u2013 18.02.2024<\/td>\n<td class=\"styl1tg\" style=\"border-top-width: 3px;\">01.10.2023 \u2013 25.02.2024<\/td>\n<\/tr>\n<tr>\n<td class=\"styl2tg\">Zaj\u0119cia dydaktyczne<\/td>\n<td class=\"styl4tg\">02.10.2023 \u2013 04.02.2024<\/td>\n<td class=\"styl4tg\">06.10.2023 \u2013 11.02.2024<\/td>\n<\/tr>\n<tr>\n<td class=\"styl2tg\">Przerwa \u015bwi\u0105teczna<\/td>\n<td class=\"styl4tg\">23.12.2023 \u2013 07.01.2024<\/td>\n<td class=\"styl4tg\">18.12.2023 \u2013 11.01.2024<\/td>\n<\/tr>\n<tr>\n<td class=\"styl2tg\">Zimowa sesja egzaminacyjna<\/td>\n<td class=\"styl4tg\">05.02.2024 \u2013 18.02.2024<\/td>\n<td class=\"styl4tg\">12.02.2024 \u2013 25.02.2024<\/td>\n<\/tr>\n<tr>\n<td class=\"styl2tg\">Przerwa mi\u0119dzysemestralna<\/td>\n<td class=\"styl4tg\">19.02.2024 \u2013 25.02.2024<\/td>\n<td class=\"styl4tg\">26.02.2024 \u2013 07.03.2024<\/td>\n<\/tr>\n<tr>\n<td class=\"styl2tg\">Zimowa sesja poprawkowa<\/td>\n<td class=\"styl4tg\">19.02.2024 \u2013 03.03.2024<\/td>\n<td class=\"styl4tg\">26.02.2024 \u2013 10.03.2024<\/td>\n<\/tr>\n<tr>\n<td class=\"styl3tg\" style=\"border-top-width: 3px;\">SEMESTR LETNI:<\/td>\n<td class=\"styl1tg\" style=\"border-top-width: 3px;\">26.02.2024 \u2013 30.09.2024<\/td>\n<td class=\"styl1tg\" style=\"border-top-width: 3px;\">08.03.2024 \u2013 30.09.2024<\/td>\n<\/tr>\n<tr>\n<td class=\"styl2tg\">Zaj\u0119cia dydaktyczne<\/td>\n<td class=\"styl4tg gwiazdka1\">26.02.2024 \u2013 23.06.2024 *<\/td>\n<td class=\"styl4tg\">08.03.2024 \u2013 23.06.2024<\/td>\n<\/tr>\n<tr>\n<td class=\"styl2tg\">Przerwa \u015bwi\u0105teczna<\/td>\n<td class=\"styl4tg\">27.03.2024 \u2013 02.04.2024<\/td>\n<td class=\"styl4tg\">25.03.2024 &#8211; 04.04.2024<\/td>\n<\/tr>\n<tr>\n<td class=\"styl2tg\">Letnia sesja egzaminacyjna<\/td>\n<td class=\"styl4tg\">24.06.2024 \u2013 07.07.2024<\/td>\n<td class=\"styl4tg\">24.06.2024 \u2013 07.07.2024<\/td>\n<\/tr>\n<tr>\n<td class=\"styl2tg\">Letnia sesja poprawkowa dla student\u00f3w 6 semestru studi\u00f3w pierwszego stopnia<\/td>\n<td class=\"styl4tg\">08.07.2024 \u2013 21.07.2024<\/td>\n<td class=\"styl4tg\">08.07.2024 \u2013 21.07.2024<\/td>\n<\/tr>\n<tr>\n<td class=\"styl2tg\">Letnia przerwa mi\u0119dzysemestralna<\/td>\n<td class=\"styl4tg\">08.07.2024 \u2013 15.09.2024<\/td>\n<td class=\"styl4tg\">08.07.2024 \u2013 15.09.2024<\/td>\n<\/tr>\n<tr>\n<td class=\"styl2tg\">Letnia sesja poprawkowa (z wy\u0142\u0105czeniem student\u00f3w 6 semestru studi\u00f3w pierwszego stopnia)<\/td>\n<td class=\"styl4tg\">16.09.2024 \u2013 29.09.2024<\/td>\n<td class=\"styl4tg\">16.09.2024 \u2013 29.09.2024<\/td>\n<\/tr>\n<\/tbody>\n<\/table>\n<ul>\n<li>* <strong>29.04.2024 (poniedzia\u0142ek)<\/strong> \u2013 realizacja zaj\u0119\u0107 zgodnie z planem ustalonym na <strong>czwartki<\/strong><\/li>\n<li>* <strong>30.04.2024 (wtorek)<\/strong> \u2013 realizacja zaj\u0119\u0107 zgodnie z planem ustalonym na <strong>pi\u0105tki<\/strong><\/li>\n<li>Dodatkowe dni wolne: 30.10.2023, 31.10.2023, 02.11.2023, 03.11.2023, 02.05.2024, 31.05.2024<\/li>\n<li>\u201eDni Adaptacyjne\u201d dla student\u00f3w I roku: 28.09 \u2013 29.09.2023<\/li>\n<\/ul>\n<p><em>\u0179r\u00f3d\u0142o: <a href=\"https:\/\/ue.poznan.pl\/pobierz\/c11IVFdcU1dXWA\/\" rel=\"noopener noreferrer\" target=\"_blank\">Zarz\u0105dzenie nr 26\/2023<\/a> Rektora Uniwersytetu Ekonomicznego w Poznaniu z dnia 24 kwietnia 2023 roku<\/em><\/p>\n","protected":false},"excerpt":{"rendered":"<p>Harmonogram Roku Akademickiego 2023\/2024 na studiach stacjonarnych oraz niestacjonarnych pierwszego i drugiego stopnia na Uniwersytecie Ekonomicznym w Poznaniu. Rok 2024\/2025 &rarr; Stacjonarne Niestacjonarne SEMESTR ZIMOWY: 01.10.2023 \u2013 18.02.2024 01.10.2023 \u2013 25.02.2024 Zaj\u0119cia dydaktyczne 02.10.2023 \u2013 04.02.2024 06.10.2023 \u2013 11.02.2024 Przerwa \u015bwi\u0105teczna 23.12.2023 \u2013 07.01.2024 18.12.2023 \u2013 11.01.2024 Zimowa sesja egzaminacyjna 05.02.2024 \u2013 18.02.2024 12.02.2024 \u2013 25.02.2024 Przerwa mi\u0119dzysemestralna 19.02.2024 \u2013 25.02.2024 26.02.2024 \u2013 07.03.2024 Zimowa sesja poprawkowa 19.02.2024 \u2013 03.03.2024 <a href=\"https:\/\/kie.ue.poznan.pl\/pl\/harmonogram-roku-akademickiego-2023-2024\/\" class=\"read-more\">&#8230; Wi\u0119cej informacji<\/a><\/p>\n","protected":false},"author":1,"featured_media":980,"parent":0,"menu_order":0,"comment_status":"closed","ping_status":"closed","template":"","meta":{"footnotes":""},"class_list":["post-931","page","type-page","status-publish","has-post-thumbnail","hentry"],"_links":{"self":[{"href":"https:\/\/kie.ue.poznan.pl\/pl\/wp-json\/wp\/v2\/pages\/931","targetHints":{"allow":["GET"]}}],"collection":[{"href":"https:\/\/kie.ue.poznan.pl\/pl\/wp-json\/wp\/v2\/pages"}],"about":[{"href":"https:\/\/kie.ue.poznan.pl\/pl\/wp-json\/wp\/v2\/types\/page"}],"author":[{"embeddable":true,"href":"https:\/\/kie.ue.poznan.pl\/pl\/wp-json\/wp\/v2\/users\/1"}],"replies":[{"embeddable":true,"href":"https:\/\/kie.ue.poznan.pl\/pl\/wp-json\/wp\/v2\/comments?post=931"}],"version-history":[{"count":0,"href":"https:\/\/kie.ue.poznan.pl\/pl\/wp-json\/wp\/v2\/pages\/931\/revisions"}],"wp:featuredmedia":[{"embeddable":true,"href":"https:\/\/kie.ue.poznan.pl\/pl\/wp-json\/wp\/v2\/media\/980"}],"wp:attachment":[{"href":"https:\/\/kie.ue.poznan.pl\/pl\/wp-json\/wp\/v2\/media?parent=931"}],"curies":[{"name":"wp","href":"https:\/\/api.w.org\/{rel}","templated":true}]}}